{"id":676,"date":"2021-07-10T19:14:02","date_gmt":"2021-07-10T19:14:02","guid":{"rendered":"https:\/\/www.paf-cars.com\/?page_id=676"},"modified":"2025-02-25T10:48:25","modified_gmt":"2025-02-25T10:48:25","slug":"legal-notices","status":"publish","type":"page","link":"https:\/\/motorium-tuntenhausen.de\/fr\/legal-notices\/","title":{"rendered":"Mentions l\u00e9gales"},"content":{"rendered":"\t\t<div data-elementor-type=\"wp-page\" data-elementor-id=\"676\" class=\"elementor elementor-676\">\n\t\t\t\t\t\t<section class=\"ob-is-breaking-bad elementor-section elementor-top-section elementor-element elementor-element-7d1bc89 elementor-section-boxed elementor-section-height-default elementor-section-height-default\" data-id=\"7d1bc89\" data-element_type=\"section\" data-settings=\"{&quot;background_background&quot;:&quot;classic&quot;,&quot;_ob_bbad_use_it&quot;:&quot;yes&quot;,&quot;_ob_bbad_sssic_use&quot;:&quot;no&quot;,&quot;_ob_glider_is_slider&quot;:&quot;no&quot;}\">\n\t\t\t\t\t\t<div class=\"elementor-container elementor-column-gap-default\">\n\t\t\t\t\t<div class=\"elementor-column elementor-col-50 elementor-top-column elementor-element elementor-element-0ad8905\" data-id=\"0ad8905\" data-element_type=\"column\" data-settings=\"{&quot;_ob_bbad_is_stalker&quot;:&quot;no&quot;,&quot;_ob_teleporter_use&quot;:false,&quot;_ob_column_hoveranimator&quot;:&quot;no&quot;,&quot;_ob_column_has_pseudo&quot;:&quot;no&quot;}\">\n\t\t\t<div class=\"elementor-widget-wrap elementor-element-populated\">\n\t\t\t\t\t\t<div class=\"elementor-element elementor-element-562b844 ob-harakiri-inherit ob-has-background-overlay elementor-widget elementor-widget-heading\" data-id=\"562b844\" data-element_type=\"widget\" data-settings=\"{&quot;_ob_use_harakiri&quot;:&quot;yes&quot;,&quot;_ob_harakiri_writing_mode&quot;:&quot;inherit&quot;,&quot;_ob_harakiri_text_clip&quot;:&quot;none&quot;,&quot;_ob_perspektive_use&quot;:&quot;no&quot;,&quot;_ob_poopart_use&quot;:&quot;yes&quot;,&quot;_ob_shadough_use&quot;:&quot;no&quot;,&quot;_ob_allow_hoveranimator&quot;:&quot;no&quot;,&quot;_ob_widget_stalker_use&quot;:&quot;no&quot;}\" data-widget_type=\"heading.default\">\n\t\t\t\t<div class=\"elementor-widget-container\">\n\t\t\t<h2 class=\"elementor-heading-title elementor-size-default\">Mentions l\u00e9gales<\/h2>\t\t<\/div>\n\t\t\t\t<\/div>\n\t\t\t\t\t<\/div>\n\t\t<\/div>\n\t\t\t\t<div class=\"elementor-column elementor-col-50 elementor-top-column elementor-element elementor-element-8e85e9a\" data-id=\"8e85e9a\" data-element_type=\"column\" data-settings=\"{&quot;_ob_bbad_is_stalker&quot;:&quot;no&quot;,&quot;_ob_teleporter_use&quot;:false,&quot;_ob_column_hoveranimator&quot;:&quot;no&quot;,&quot;_ob_column_has_pseudo&quot;:&quot;no&quot;}\">\n\t\t\t<div class=\"elementor-widget-wrap elementor-element-populated\">\n\t\t\t\t\t\t<div class=\"elementor-element elementor-element-a139ecf ob-harakiri-inherit ob-has-background-overlay elementor-widget elementor-widget-heading\" data-id=\"a139ecf\" data-element_type=\"widget\" data-settings=\"{&quot;_ob_use_harakiri&quot;:&quot;yes&quot;,&quot;_ob_harakiri_writing_mode&quot;:&quot;inherit&quot;,&quot;_ob_harakiri_text_clip&quot;:&quot;none&quot;,&quot;_ob_perspektive_use&quot;:&quot;no&quot;,&quot;_ob_poopart_use&quot;:&quot;yes&quot;,&quot;_ob_shadough_use&quot;:&quot;no&quot;,&quot;_ob_allow_hoveranimator&quot;:&quot;no&quot;,&quot;_ob_widget_stalker_use&quot;:&quot;no&quot;}\" data-widget_type=\"heading.default\">\n\t\t\t\t<div class=\"elementor-widget-container\">\n\t\t\t<h2 class=\"elementor-heading-title elementor-size-default\">Donn\u00e9es de l'entreprise<\/h2>\t\t<\/div>\n\t\t\t\t<\/div>\n\t\t\t\t\t<\/div>\n\t\t<\/div>\n\t\t\t\t\t<\/div>\n\t\t<\/section>\n\t\t\t\t<section class=\"ob-is-breaking-bad elementor-section elementor-top-section elementor-element elementor-element-68f8462 elementor-section-boxed elementor-section-height-default elementor-section-height-default\" data-id=\"68f8462\" data-element_type=\"section\" data-settings=\"{&quot;_ob_bbad_use_it&quot;:&quot;yes&quot;,&quot;_ob_bbad_sssic_use&quot;:&quot;no&quot;,&quot;_ob_glider_is_slider&quot;:&quot;no&quot;}\">\n\t\t\t\t\t\t<div class=\"elementor-container elementor-column-gap-default\">\n\t\t\t\t\t<div class=\"elementor-column elementor-col-100 elementor-top-column elementor-element elementor-element-8cb23a7\" data-id=\"8cb23a7\" data-element_type=\"column\" data-settings=\"{&quot;_ob_bbad_is_stalker&quot;:&quot;no&quot;,&quot;_ob_teleporter_use&quot;:false,&quot;_ob_column_hoveranimator&quot;:&quot;no&quot;,&quot;_ob_column_has_pseudo&quot;:&quot;no&quot;}\">\n\t\t\t<div class=\"elementor-widget-wrap elementor-element-populated\">\n\t\t\t\t\t\t<div class=\"elementor-element elementor-element-ecaf2c1 ob-harakiri-inherit ob-has-background-overlay elementor-widget elementor-widget-text-editor\" data-id=\"ecaf2c1\" data-element_type=\"widget\" data-settings=\"{&quot;_ob_use_harakiri&quot;:&quot;yes&quot;,&quot;_ob_harakiri_writing_mode&quot;:&quot;inherit&quot;,&quot;_ob_postman_use&quot;:&quot;no&quot;,&quot;_ob_perspektive_use&quot;:&quot;no&quot;,&quot;_ob_poopart_use&quot;:&quot;yes&quot;,&quot;_ob_shadough_use&quot;:&quot;no&quot;,&quot;_ob_allow_hoveranimator&quot;:&quot;no&quot;,&quot;_ob_widget_stalker_use&quot;:&quot;no&quot;}\" data-widget_type=\"text-editor.default\">\n\t\t\t\t<div class=\"elementor-widget-container\">\n\t\t\t\t\t\t\t<div class=\"vc_row wpb_row vc_row-fluid\">\n<div class=\"wpb_column vc_column_container vc_col-sm-12\">\n<div class=\"vc_column-inner\">\n<div class=\"wpb_wrapper\">\n<div class=\"wpb_text_column wpb_content_element\">\n<div class=\"wpb_wrapper\">\n<div class=\"article clearfix\">\n<p><strong>Mcan Cars&nbsp;<br>\n<\/strong><strong>Adresse<\/strong> : Schachtstr 29 45739 Oer-Erkenschwick, Allemagne<br>\n<strong>Num\u00e9ro d&rsquo;enregistremen<\/strong>t : HRB 18517<br>\n<strong>PDG<\/strong> : Mcan CEVIK<\/p>\n<p><strong>Courriel<\/strong> : <a href=\"mailto:info@motorium-tuntenhausen.de\">info@motorium-tuntenhausen.de<\/a><br>\n<strong>Site web<\/strong> : <a href=\"https:\/\/motorium-tuntenhausen.de\/\">motorium-tuntenhausen.de<\/a><\/p>\n<h5>Responsabilit\u00e9 du contenu<\/h5>\n<p>Les contenus de nos pages ont \u00e9t\u00e9 cr\u00e9\u00e9s avec le plus grand soin. Cependant, nous ne pouvons assumer aucune responsabilit\u00e9 quant \u00e0 l&rsquo;exactitude, l&rsquo;exhaustivit\u00e9 et l&rsquo;actualit\u00e9 du contenu. En tant que prestataire de services, nous sommes responsables, conform\u00e9ment au \u00a7 6 Abs.1 MDStV et au \u00a7 8 Abs.1 TDG, de nos propres contenus sur ces pages, conform\u00e9ment aux lois g\u00e9n\u00e9rales. Toutefois, les fournisseurs de services ne sont pas tenus de surveiller les informations de tiers qu&rsquo;ils transmettent ou stockent, ni d&rsquo;enqu\u00eater sur les circonstances qui indiquent une activit\u00e9 ill\u00e9gale. Les obligations de supprimer ou de bloquer l&rsquo;utilisation des informations en vertu du droit g\u00e9n\u00e9ral ne sont pas affect\u00e9es. Une responsabilit\u00e9 \u00e0 cet \u00e9gard, cependant, n&rsquo;est possible qu&rsquo;\u00e0 partir de la date de connaissance d&rsquo;une infraction sp\u00e9cifique.<\/p>\n<h5>Droits d&rsquo;auteur<\/h5>\n<p>Les exploitants des pages s&rsquo;efforcent de toujours respecter les droits d&rsquo;auteur d&rsquo;autrui ou d&rsquo;utiliser leurs propres \u0153uvres sans licence. Les contenus et les \u0153uvres de ces pages cr\u00e9\u00e9s par les exploitants du site sont soumis au droit d&rsquo;auteur allemand. Les contributions de tiers sont marqu\u00e9es comme telles. La reproduction, le traitement, la distribution et toute forme d&rsquo;exploitation en dehors des limites du droit d&rsquo;auteur n\u00e9cessitent l&rsquo;accord \u00e9crit de l&rsquo;auteur ou du cr\u00e9ateur respectif. Les t\u00e9l\u00e9chargements et les copies de ce site sont r\u00e9serv\u00e9s \u00e0 un usage priv\u00e9 et non commercial.<\/p>\n<h5>Responsabilit\u00e9 pour les liens<\/h5>\n<p>Notre offre contient des liens vers des sites externes de tiers sur le contenu desquels nous n&rsquo;avons aucune influence. Par cons\u00e9quent, nous ne pouvons assumer aucune responsabilit\u00e9 pour ces contenus externes. Le fournisseur ou l&rsquo;exploitant respectif des pages est toujours responsable du contenu des pages li\u00e9es. Les pages li\u00e9es ont \u00e9t\u00e9 contr\u00f4l\u00e9es au moment de la mise en place du lien quant \u00e0 d&rsquo;\u00e9ventuelles violations de la loi. Les contenus ill\u00e9gaux n&rsquo;\u00e9taient pas reconnaissables au moment de la cr\u00e9ation du lien. Cependant, un contr\u00f4le permanent du contenu des pages li\u00e9es n&rsquo;est pas raisonnable sans preuve concr\u00e8te d&rsquo;une infraction. Lorsque nous aurons connaissance d&rsquo;infractions, nous supprimerons imm\u00e9diatement ces liens.<\/p>\n<h5>Protection des donn\u00e9es<\/h5>\n<p>Dans la mesure o\u00f9, sur nos pages, des donn\u00e9es personnelles (par exemple le nom, l&rsquo;adresse ou les adresses e-mail) sont relev\u00e9es, cela se fait dans la mesure du possible sur une base volontaire. L&rsquo;utilisation des offres et des services est, dans la mesure du possible, toujours possible sans fournir de donn\u00e9es personnelles. L&rsquo;utilisation par des tiers des donn\u00e9es de contact publi\u00e9es dans le cadre de l&rsquo;obligation de mentions l\u00e9gales pour l&rsquo;envoi de publicit\u00e9 et de mat\u00e9riel d&rsquo;information non sollicit\u00e9s est express\u00e9ment exclue. Les exploitants des pages se r\u00e9servent express\u00e9ment le droit d&rsquo;engager des poursuites judiciaires en cas d&rsquo;envoi non sollicit\u00e9 d&rsquo;informations publicitaires, telles que des spams.<\/p>\n<\/div>\n<\/div>\n<\/div>\n<\/div>\n<\/div>\n<\/div>\n<\/div>\t\t\t\t\t\t<\/div>\n\t\t\t\t<\/div>\n\t\t\t\t\t<\/div>\n\t\t<\/div>\n\t\t\t\t\t<\/div>\n\t\t<\/section>\n\t\t\t\t<\/div>\n\t\t","protected":false},"excerpt":{"rendered":"<p>Donn\u00e9es de l&rsquo;entreprise Mcan Cars&nbsp; Adresse : Schachtstr 29 45739 Oer-Erkenschwick, Allemagne Num\u00e9ro d&rsquo;enregistrement : HRB 18517 PDG : Mcan CEVIK Courriel : info@motorium-tuntenhausen.de Site web : motorium-tuntenhausen.de Responsabilit\u00e9 du contenu Les contenus de nos pages ont \u00e9t\u00e9 cr\u00e9\u00e9s avec le plus grand soin. Cependant, nous ne pouvons assumer aucune responsabilit\u00e9 quant \u00e0 l&rsquo;exactitude, l&rsquo;exhaustivit\u00e9 [&hellip;]<\/p>\n","protected":false},"author":1,"featured_media":0,"parent":0,"menu_order":0,"comment_status":"closed","ping_status":"closed","template":"elementor_header_footer","meta":[],"blocksy_meta":{"styles_descriptor":{"styles":{"desktop":"","tablet":"","mobile":""},"google_fonts":[]}},"_links":{"self":[{"href":"https:\/\/motorium-tuntenhausen.de\/fr\/wp-json\/wp\/v2\/pages\/676"}],"collection":[{"href":"https:\/\/motorium-tuntenhausen.de\/fr\/wp-json\/wp\/v2\/pages"}],"about":[{"href":"https:\/\/motorium-tuntenhausen.de\/fr\/wp-json\/wp\/v2\/types\/page"}],"author":[{"embeddable":true,"href":"https:\/\/motorium-tuntenhausen.de\/fr\/wp-json\/wp\/v2\/users\/1"}],"replies":[{"embeddable":true,"href":"https:\/\/motorium-tuntenhausen.de\/fr\/wp-json\/wp\/v2\/comments?post=676"}],"version-history":[{"count":43,"href":"https:\/\/motorium-tuntenhausen.de\/fr\/wp-json\/wp\/v2\/pages\/676\/revisions"}],"predecessor-version":[{"id":8849,"href":"https:\/\/motorium-tuntenhausen.de\/fr\/wp-json\/wp\/v2\/pages\/676\/revisions\/8849"}],"wp:attachment":[{"href":"https:\/\/motorium-tuntenhausen.de\/fr\/wp-json\/wp\/v2\/media?parent=676"}],"curies":[{"name":"wp","href":"https:\/\/api.w.org\/{rel}","templated":true}]}}