{"id":673,"date":"2021-07-10T19:12:04","date_gmt":"2021-07-10T19:12:04","guid":{"rendered":"https:\/\/www.paf-cars.com\/?page_id=673"},"modified":"2024-07-09T02:07:15","modified_gmt":"2024-07-09T02:07:15","slug":"terms-of-use","status":"publish","type":"page","link":"https:\/\/motorium-tuntenhausen.de\/fr\/terms-of-use\/","title":{"rendered":"Conditions d&rsquo;utilisation"},"content":{"rendered":"\t\t<div data-elementor-type=\"wp-page\" data-elementor-id=\"673\" class=\"elementor elementor-673\">\n\t\t\t\t\t\t<section class=\"ob-is-breaking-bad elementor-section elementor-top-section elementor-element elementor-element-53c384a elementor-section-boxed elementor-section-height-default elementor-section-height-default\" data-id=\"53c384a\" data-element_type=\"section\" data-settings=\"{&quot;background_background&quot;:&quot;classic&quot;,&quot;_ob_bbad_use_it&quot;:&quot;yes&quot;,&quot;_ob_bbad_sssic_use&quot;:&quot;no&quot;,&quot;_ob_glider_is_slider&quot;:&quot;no&quot;}\">\n\t\t\t\t\t\t<div class=\"elementor-container elementor-column-gap-default\">\n\t\t\t\t\t<div class=\"elementor-column elementor-col-50 elementor-top-column elementor-element elementor-element-f816b1c\" data-id=\"f816b1c\" data-element_type=\"column\" data-settings=\"{&quot;_ob_bbad_is_stalker&quot;:&quot;no&quot;,&quot;_ob_teleporter_use&quot;:false,&quot;_ob_column_hoveranimator&quot;:&quot;no&quot;,&quot;_ob_column_has_pseudo&quot;:&quot;no&quot;}\">\n\t\t\t<div class=\"elementor-widget-wrap elementor-element-populated\">\n\t\t\t\t\t\t<div class=\"elementor-element elementor-element-edb3ee8 ob-harakiri-inherit ob-has-background-overlay elementor-widget elementor-widget-heading\" data-id=\"edb3ee8\" data-element_type=\"widget\" data-settings=\"{&quot;_ob_use_harakiri&quot;:&quot;yes&quot;,&quot;_ob_harakiri_writing_mode&quot;:&quot;inherit&quot;,&quot;_ob_harakiri_text_clip&quot;:&quot;none&quot;,&quot;_ob_perspektive_use&quot;:&quot;no&quot;,&quot;_ob_poopart_use&quot;:&quot;yes&quot;,&quot;_ob_shadough_use&quot;:&quot;no&quot;,&quot;_ob_allow_hoveranimator&quot;:&quot;no&quot;,&quot;_ob_widget_stalker_use&quot;:&quot;no&quot;}\" data-widget_type=\"heading.default\">\n\t\t\t\t<div class=\"elementor-widget-container\">\n\t\t\t<h2 class=\"elementor-heading-title elementor-size-default\">Conditions d&rsquo;utilisation<\/h2>\t\t<\/div>\n\t\t\t\t<\/div>\n\t\t\t\t\t<\/div>\n\t\t<\/div>\n\t\t\t\t<div class=\"elementor-column elementor-col-50 elementor-top-column elementor-element elementor-element-773448c\" data-id=\"773448c\" data-element_type=\"column\" data-settings=\"{&quot;_ob_bbad_is_stalker&quot;:&quot;no&quot;,&quot;_ob_teleporter_use&quot;:false,&quot;_ob_column_hoveranimator&quot;:&quot;no&quot;,&quot;_ob_column_has_pseudo&quot;:&quot;no&quot;}\">\n\t\t\t<div class=\"elementor-widget-wrap elementor-element-populated\">\n\t\t\t\t\t\t<div class=\"elementor-element elementor-element-cdb674a ob-harakiri-inherit ob-has-background-overlay elementor-widget elementor-widget-heading\" data-id=\"cdb674a\" data-element_type=\"widget\" data-settings=\"{&quot;_ob_use_harakiri&quot;:&quot;yes&quot;,&quot;_ob_harakiri_writing_mode&quot;:&quot;inherit&quot;,&quot;_ob_harakiri_text_clip&quot;:&quot;none&quot;,&quot;_ob_perspektive_use&quot;:&quot;no&quot;,&quot;_ob_poopart_use&quot;:&quot;yes&quot;,&quot;_ob_shadough_use&quot;:&quot;no&quot;,&quot;_ob_allow_hoveranimator&quot;:&quot;no&quot;,&quot;_ob_widget_stalker_use&quot;:&quot;no&quot;}\" data-widget_type=\"heading.default\">\n\t\t\t\t<div class=\"elementor-widget-container\">\n\t\t\t<h2 class=\"elementor-heading-title elementor-size-default\">Conditions de vente, de commerce et de livraison<\/h2>\t\t<\/div>\n\t\t\t\t<\/div>\n\t\t\t\t\t<\/div>\n\t\t<\/div>\n\t\t\t\t\t<\/div>\n\t\t<\/section>\n\t\t\t\t<section class=\"ob-is-breaking-bad elementor-section elementor-top-section elementor-element elementor-element-c533926 elementor-section-boxed elementor-section-height-default elementor-section-height-default\" data-id=\"c533926\" data-element_type=\"section\" data-settings=\"{&quot;_ob_bbad_use_it&quot;:&quot;yes&quot;,&quot;_ob_bbad_sssic_use&quot;:&quot;no&quot;,&quot;_ob_glider_is_slider&quot;:&quot;no&quot;}\">\n\t\t\t\t\t\t<div class=\"elementor-container elementor-column-gap-default\">\n\t\t\t\t\t<div class=\"elementor-column elementor-col-100 elementor-top-column elementor-element elementor-element-12c56a2\" data-id=\"12c56a2\" data-element_type=\"column\" data-settings=\"{&quot;_ob_bbad_is_stalker&quot;:&quot;no&quot;,&quot;_ob_teleporter_use&quot;:false,&quot;_ob_column_hoveranimator&quot;:&quot;no&quot;,&quot;_ob_column_has_pseudo&quot;:&quot;no&quot;}\">\n\t\t\t<div class=\"elementor-widget-wrap elementor-element-populated\">\n\t\t\t\t\t\t<div class=\"elementor-element elementor-element-c545fbc ob-harakiri-inherit ob-has-background-overlay elementor-widget elementor-widget-text-editor\" data-id=\"c545fbc\" data-element_type=\"widget\" data-settings=\"{&quot;_ob_use_harakiri&quot;:&quot;yes&quot;,&quot;_ob_harakiri_writing_mode&quot;:&quot;inherit&quot;,&quot;_ob_postman_use&quot;:&quot;no&quot;,&quot;_ob_perspektive_use&quot;:&quot;no&quot;,&quot;_ob_poopart_use&quot;:&quot;yes&quot;,&quot;_ob_shadough_use&quot;:&quot;no&quot;,&quot;_ob_allow_hoveranimator&quot;:&quot;no&quot;,&quot;_ob_widget_stalker_use&quot;:&quot;no&quot;}\" data-widget_type=\"text-editor.default\">\n\t\t\t\t<div class=\"elementor-widget-container\">\n\t\t\t\t\t\t\t<div class=\"vc_row wpb_row vc_row-fluid\"><div class=\"wpb_column vc_column_container vc_col-sm-12\"><div class=\"vc_column-inner\"><div class=\"wpb_wrapper\"><div class=\"wpb_text_column wpb_content_element\"><div class=\"wpb_wrapper\"><div class=\"article clearfix\"><p><strong>I. G\u00e9n\u00e9ralit\u00e9s<\/strong><\/p><p>1. Tous les contrats conclus avec nous sont bas\u00e9s sur les conditions suivantes.<\/p><p>Ils constituent une partie du contrat juridiquement contraignante pour l&rsquo;ensemble de nos relations commerciales et sont reconnus comme contraignants par l&rsquo;acheteur au moment de la passation de la commande. Les accords verbaux de garantie n&rsquo;ont pas \u00e9t\u00e9 respect\u00e9s. Si l&rsquo;acheteur est un entrepreneur, les conditions divergentes, les accords annexes et les modifications de leur efficacit\u00e9 dans chaque cas n\u00e9cessitent notre confirmation \u00e9crite expresse.<\/p><p>2. Si certaines parties des conditions suivantes s&rsquo;av\u00e8rent inefficaces, cela n&rsquo;affecte pas la validit\u00e9 des autres accords. Si les conditions se r\u00e9f\u00e8rent \u00e0 l&rsquo;entrepreneur, la personne morale de droit public ou le fonds sp\u00e9cial de droit public est inclus en m\u00eame temps.<\/p><p>3. Le lieu d&rsquo;ex\u00e9cution et &#8211; dans la mesure o\u00f9 l&rsquo;acheteur est un entrepreneur &#8211; le lieu de juridiction exclusif pour toutes les cr\u00e9ances actuelles et futures d\u00e9coulant des conditions g\u00e9n\u00e9rales de vente, y compris les cr\u00e9ances d\u00e9coulant de la peur et des lettres de change, sont admissibles pour les deux parties pour toutes les responsabilit\u00e9s. Le droit allemand est applicable.<\/p><p>\u00a0<\/p><\/div><\/div><\/div><\/div><\/div><\/div><\/div><div class=\"vc_row wpb_row vc_row-fluid\"><div class=\"wpb_column vc_column_container vc_col-sm-12\"><div class=\"vc_column-inner\"><div class=\"wpb_wrapper\"><div class=\"wpb_text_column wpb_content_element\"><div class=\"wpb_wrapper\"><p><strong>II. Offre et conclusion du contrat<\/strong><\/p><p>1. Nos offres sont toujours sans engagement. Les r\u00e9f\u00e9rences aux informations et aux illustrations des catalogues et des listes de prix ne sont donn\u00e9es qu&rsquo;\u00e0 titre indicatif et ne nous obligent pas \u00e0 les livrer fid\u00e8lement ou loyalement. Le caract\u00e8re commercial et normalis\u00e9 de la chose est essentiel. Si l&rsquo;acheteur n&rsquo;est pas un consommateur, la prise en charge de la garantie pour \u00eatre effective n\u00e9cessite notre confirmation \u00e9crite.<\/p><p>Les d\u00e9clarations publiques faites par d&rsquo;autres fabricants concernant la nature d&rsquo;un article achet\u00e9 ne nous lient pas \u00e0 un acheteur qui n&rsquo;est pas un consommateur, sauf si nous avons confirm\u00e9 cette information par \u00e9crit. En cas d&rsquo;achat de produits de marque, les \u00ab\u00a0conditions suppl\u00e9mentaires pour la vente de produits de marque\u00a0\u00bb des fabricants en question font partie des pr\u00e9sentes conditions de livraison et de paiement.<\/p><p>2. Les prix sont \u00e0 retirer en euros \u00e0 l&rsquo;entrep\u00f4t ou \u00e0 l&rsquo;usine. Tous les devis sont susceptibles d&rsquo;\u00eatre modifi\u00e9s. Lors de la livraison par nos soins, nous facturons au prorata les frais de manutention ou les frais administratifs. Pour les livraisons de nuit et les livraisons express, nous facturons en fonction des tarifs par zone et par poids que nous avons con\u00e7us. Ce sont toujours les prix en vigueur le jour de la livraison, major\u00e9s de la taxe sur la valeur ajout\u00e9e en vigueur \u00e0 ce moment-l\u00e0, qui sont d\u00e9terminants.<\/p><p>3. Si, apr\u00e8s la conclusion du contrat, des circonstances sont connues qui sont de nature \u00e0 r\u00e9duire la solvabilit\u00e9 de l&rsquo;acheteur, nous sommes autoris\u00e9s \u00e0 interrompre les livraisons ult\u00e9rieures, \u00e0 exiger des garanties en fixant un d\u00e9lai et \u00e0 demander des paiements anticip\u00e9s et \u00e0 nous retirer du contrat en tout ou en partie apr\u00e8s l&rsquo;expiration de ce d\u00e9lai.<\/p><p>4. Les frais d&#8217;emballage ne sont pas inclus dans le prix. L&#8217;emballage est calcul\u00e9 \u00e0 bon march\u00e9 et repris dans le cadre des dispositions l\u00e9gales. Si l&#8217;emballage est retourn\u00e9 \u00e0 l&rsquo;entrep\u00f4t de l&rsquo;utilisateur dans un d\u00e9lai d&rsquo;un mois en utilisant les anciens symboles, les 2\/3 de la valeur calcul\u00e9e seront cr\u00e9dit\u00e9s, sous r\u00e9serve d&rsquo;autres accords.<\/p><p>\u00a0<\/p><\/div><\/div><\/div><\/div><\/div><\/div><div class=\"vc_row wpb_row vc_row-fluid\"><div class=\"wpb_column vc_column_container vc_col-sm-12\"><div class=\"vc_column-inner\"><div class=\"wpb_wrapper\"><div class=\"wpb_text_column wpb_content_element\"><div class=\"wpb_wrapper\"><p><strong>III. Livraison, retard de livraison et acceptation<\/strong><\/p><p>1. Les d\u00e9lais de livraison ne sont pas contraignants, sauf accord \u00e9crit contraire.<\/p><p>Les livraisons partielles sont fiables. Des circonstances particuli\u00e8res, par exemple un cas de force majeure, une gr\u00e8ve, etc., prolongent raisonnablement le d\u00e9lai de livraison et nous autorisent \u00e0 r\u00e9silier le contrat en tout ou en partie, \u00e0 condition que l&rsquo;acheteur soit un entrepreneur. Si de telles perturbations entra\u00eenent un retard de plus de 4 mois, l&rsquo;acheteur peut se retirer du contrat. Il n&rsquo;est pas d\u00e9rog\u00e9 aux autres droits de r\u00e9tractation. Les demandes de dommages-int\u00e9r\u00eats sont r\u00e9gl\u00e9es dans la section V.4.<\/p><p>2. L&rsquo;acheteur ne peut pas nous retarder au plus t\u00f4t apr\u00e8s l&rsquo;expiration de la date de livraison convenue. Pour pouvoir r\u00e9silier le contrat ou demander des dommages-int\u00e9r\u00eats, un entrepreneur doit \u00e9galement nous fixer un d\u00e9lai raisonnable pour l&rsquo;ex\u00e9cution compl\u00e9mentaire.<\/p><p>3. Le risque de perte ou de d\u00e9t\u00e9rioration des marchandises command\u00e9es par un entrepreneur est transf\u00e9r\u00e9 au client d\u00e8s l&rsquo;exp\u00e9dition, m\u00eame si des livraisons partielles sont effectu\u00e9es ou si des livraisons franco de port ont \u00e9t\u00e9 convenues. Une assurance n&rsquo;est possible que sur demande expresse et est \u00e0 la charge de l&rsquo;acheteur. Le choix des voies et moyens de transport se fait par manque d&rsquo;instructions sp\u00e9ciales de notre part, sans garantie de l&rsquo;exp\u00e9dition la moins ch\u00e8re et la plus rapide. Le non-respect des d\u00e9lais de livraison ne lib\u00e8re pas la partie contractante de l&rsquo;obligation de r\u00e9ception. Les demandes de dommages et int\u00e9r\u00eats sont r\u00e9gl\u00e9es dans la section V.4.<\/p><p>4. Si nous soumettons des dommages-int\u00e9r\u00eats pour refus sans motif de la r\u00e9ception des marchandises par le Cooper, ceux-ci s&rsquo;\u00e9l\u00e8vent \u00e0 15 % du prix d&rsquo;achat respectif. Le montant du dommage est plus \u00e9lev\u00e9 ou plus bas si nous prouvons un dommage plus \u00e9lev\u00e9 ou l&rsquo;acheteur un dommage plus bas.<\/p><p>5. Pour les articles fabriqu\u00e9s sur mesure, une livraison exc\u00e9dentaire ou insuffisante de 10 % de la quantit\u00e9 command\u00e9e reste r\u00e9serv\u00e9e.<\/p><p>\u00a0<\/p><\/div><\/div><\/div><\/div><\/div><\/div><div class=\"vc_row wpb_row vc_row-fluid\"><div class=\"wpb_column vc_column_container vc_col-sm-12\"><div class=\"vc_column-inner\"><div class=\"wpb_wrapper\"><div class=\"wpb_text_column wpb_content_element\"><div class=\"wpb_wrapper\"><p><strong>IV. Paiement, d\u00e9faillance et compensation<\/strong><\/p><p>1. Le paiement doit \u00eatre effectu\u00e9 dans les 30 jours suivant la date de la facture, sans d\u00e9duction.<\/p><p>Le paiement doit \u00eatre effectu\u00e9 dans le d\u00e9lai imparti de telle sorte que le montant n\u00e9cessaire \u00e0 l&rsquo;apurement de la facture soit disponible au plus tard \u00e0 la date d&rsquo;\u00e9ch\u00e9ance. Si le paiement par pr\u00e9l\u00e8vement automatique a \u00e9t\u00e9 convenu avec l&rsquo;acheteur, celui-ci nous autorise \u00e0 pr\u00e9lever tous les montants de la facture sur les d\u00e9tails du compte sp\u00e9cifi\u00e9. En m\u00eame temps, l&rsquo;\u00e9tablissement de cr\u00e9dit de l&rsquo;acheteur est d\u00e9j\u00e0 charg\u00e9 de nous informer ou d&rsquo;informer un tiers mandat\u00e9 par nous en cas de non-paiement de la domiciliation ou en cas d&rsquo;opposition \u00e0 la domiciliation, sur demande des noms et adresses de l&rsquo;acheteur, afin que nous puissions faire valoir notre droit. Les mandats, ch\u00e8ques et lettres de change ne sont accept\u00e9s qu&rsquo;\u00e0 titre de paiement de tous les frais d&rsquo;encaissement et d&rsquo;escompte.<\/p><p>2. Les repr\u00e9sentants ou autres employ\u00e9s ne sont pas autoris\u00e9s \u00e0 percevoir les droits. Les paiements effectu\u00e9s \u00e0 ces personnes ne dispensent pas l&rsquo;utilisateur de ses obligations de paiement, sauf s&rsquo;ils disposent d&rsquo;une procuration pour recevoir les paiements.<\/p><p>3. Si des paiements partiels ont \u00e9t\u00e9 convenus, la totalit\u00e9 de la dette restante &#8211; ind\u00e9pendamment de la date d&rsquo;\u00e9ch\u00e9ance des lettres de change &#8211; devient imm\u00e9diatement exigible si :<\/p><p>a) l&rsquo;acheteur n&rsquo;est pas un entrepreneur, au moins deux versements cons\u00e9cutifs sont partiellement ou totalement en d\u00e9faut et le montant de ses arri\u00e9r\u00e9s est d&rsquo;au moins 1\/10 du prix d&rsquo;achat.<\/p><p>b) l&rsquo;acheteur, qui est un entrepreneur, a un retard de paiement de 14 jours, a cess\u00e9 ses paiements ou a \u00e9t\u00e9 mis en proc\u00e9dure d&rsquo;insolvabilit\u00e9 sur ses biens.<\/p><p>4. Si l&rsquo;acheteur est en retard de paiement, nous sommes en droit d&rsquo;effectuer toutes les factures en suspens de la relation d&rsquo;affaires avec annulation des \u00e9ch\u00e9ances convenues avec un d\u00e9lai de paiement de 10 jours.<\/p><p>5. Par rapport aux cr\u00e9ances de prix d&rsquo;achat, la compensation n&rsquo;est autoris\u00e9e qu&rsquo;avec des cr\u00e9ances \u00e9chues incontest\u00e9es ou l\u00e9galement \u00e9tablies. La revendication de droits de r\u00e9tention et d&rsquo;autres droits de refus d&rsquo;ex\u00e9cution est exclue, \u00e0 moins qu&rsquo;ils ne proviennent du m\u00eame rapport contractuel.<\/p><p>\u00a0<\/p><\/div><\/div><\/div><\/div><\/div><\/div><div class=\"vc_row wpb_row vc_row-fluid\"><div class=\"wpb_column vc_column_container vc_col-sm-12\"><div class=\"vc_column-inner\"><div class=\"wpb_wrapper\"><div class=\"wpb_text_column wpb_content_element\"><div class=\"wpb_wrapper\"><p><strong>V. Garantie et responsabilit\u00e9<\/strong><\/p><p>1. Apr\u00e8s l&rsquo;enl\u00e8vement ou la livraison, tous les biens doivent \u00eatre rapidement v\u00e9rifi\u00e9s pour l&rsquo;exactitude, l&rsquo;exhaustivit\u00e9 et l&rsquo;int\u00e9grit\u00e9 ou l&rsquo;\u00e9tat et les d\u00e9fauts en nous, l&rsquo;acheteur n&rsquo;est pas un consommateur dans les 2 jours &#8211; affichage. La condition pr\u00e9alable est que les marchandises ont \u00e9t\u00e9 d\u00fbment reconnus. Les vices cach\u00e9s doivent \u00eatre signal\u00e9s dans un d\u00e9lai d&rsquo;une semaine apr\u00e8s leur d\u00e9couverte. Si d&rsquo;autres d\u00e9fauts ou dommages surviennent en raison de l&rsquo;omission de cette indication, la garantie est exclue. En ce qui concerne les articles d&rsquo;occasion, la garantie est exclue.<\/p><p>2. Les dommages ou manques de transport doivent \u00eatre mentionn\u00e9s sur le connaissement par le chemin de fer, sinon par le chauffeur et les personnes participant au d\u00e9chargement, en indiquant leurs noms et adresses.<\/p><p>3. Nous d\u00e9terminons s&rsquo;il y a un d\u00e9faut, que nous livrions ou r\u00e9parions, sauf si l&rsquo;acheteur est un consommateur. En cas d&rsquo;ex\u00e9cution ult\u00e9rieure en faveur d&rsquo;un acheteur, qui n&rsquo;encourt pas de tels frais, il en r\u00e9sulte que la chose \u00e0 r\u00e9parer a \u00e9t\u00e9 apport\u00e9e en un lieu autre que l&rsquo;\u00e9tablissement commercial de l&rsquo;acheteur, \u00e0 moins que cela ne corresponde \u00e0 l&rsquo;utilisation pr\u00e9vue de la chose. La p\u00e9riode de garantie pour l&rsquo;acheteur, qui n&rsquo;est pas un consommateur, est d&rsquo;un an \u00e0 compter de la livraison de l&rsquo;article. Si la livraison de l&rsquo;objet de livraison \u00e0 l&rsquo;\u00e9tablissement commercial est n\u00e9cessaire pour v\u00e9rifier le caract\u00e8re d\u00e9fectueux, la livraison ult\u00e9rieure est soumise \u00e0 la condition que le caract\u00e8re d\u00e9fectueux de l&rsquo;objet de livraison soit confirm\u00e9 par le fournisseur.<\/p><p>4. L&rsquo;acheteur ne peut pas exiger de dommages-int\u00e9r\u00eats au lieu de l&rsquo;ex\u00e9cution. Nous sommes responsables en cas de simple n\u00e9gligence pour les dommages corporels et pour les dommages typiques et pr\u00e9visibles r\u00e9sultant de la violation d&rsquo;obligations contractuelles essentielles. En outre, la responsabilit\u00e9 est limit\u00e9e aux dommages mat\u00e9riels caus\u00e9s par une n\u00e9gligence grave ou intentionnelle. Dans la mesure o\u00f9 le dommage est couvert par une assurance (\u00e0 l&rsquo;exception de l&rsquo;assurance de somme) souscrite par l&rsquo;acheteur pour la cr\u00e9ance concern\u00e9e, nous ne sommes responsables que des inconv\u00e9nients connexes du vendeur, par exemple, des primes d&rsquo;assurance plus \u00e9lev\u00e9es ou des inconv\u00e9nients d&rsquo;int\u00e9r\u00eats jusqu&rsquo;au r\u00e8glement de la cr\u00e9ance par la compagnie d&rsquo;assurance.<\/p><p>5. Pour toute inscription ou retour, le bon de livraison (packing slip) doit \u00eatre joint. Les frais encourus \u00e0 l&rsquo;occasion d&rsquo;une r\u00e9clamation injustifi\u00e9e pour vices sont \u00e0 la charge de l&rsquo;acheteur.<\/p><p>\u00a0<\/p><\/div><\/div><\/div><\/div><\/div><\/div><div class=\"vc_row wpb_row vc_row-fluid\"><div class=\"wpb_column vc_column_container vc_col-sm-12\"><div class=\"vc_column-inner\"><div class=\"wpb_wrapper\"><div class=\"wpb_text_column wpb_content_element\"><div class=\"wpb_wrapper\"><p><strong>VI. R\u00e9serve de propri\u00e9t\u00e9<\/strong><\/p><p>1. Nous nous r\u00e9servons la propri\u00e9t\u00e9 des objets de livraison jusqu&rsquo;\u00e0 la r\u00e9ception de tous les paiements du contrat de livraison respectif. Si l&rsquo;acheteur est un entrepreneur, la r\u00e9serve de propri\u00e9t\u00e9 s&rsquo;applique \u00e9galement aux cr\u00e9ances (y compris toutes les cr\u00e9ances de solde du compte courant ainsi que les factures en cours), que nous avons issues des relations commerciales en cours avec l&rsquo;acheteur. Les marchandises auxquelles la (co)propri\u00e9t\u00e9 a droit sont d\u00e9sign\u00e9es ci-apr\u00e8s par le terme de marchandise sous r\u00e9serve de propri\u00e9t\u00e9.<\/p><p>2. La connexion, le traitement, la transformation et autres des articles livr\u00e9s sont toujours effectu\u00e9s pour nous en tant que fabricant, mais sans obligation pour nous. L&rsquo;acheteur re\u00e7oit alors un droit d&rsquo;attente \u00e0 hauteur de notre participation dans la propri\u00e9t\u00e9 r\u00e9serv\u00e9e. Sortez le n\u00f4tre<\/p><p>Toutefois, par la pr\u00e9sente (co)propri\u00e9t\u00e9, il est d\u00e9j\u00e0 convenu que la (co)propri\u00e9t\u00e9 de l&rsquo;acheteur sur l&rsquo;objet unifi\u00e9 nous sera transf\u00e9r\u00e9e proportionnellement \u00e0 la valeur (valeur de la facture).<\/p><p>3. L&rsquo;acheteur ne peut vendre ou transformer les marchandises r\u00e9serv\u00e9es que dans le cadre de ses activit\u00e9s commerciales normales. Si la r\u00e9serve de propri\u00e9t\u00e9 r\u00e9sulte d&rsquo;une autre cause que celle pr\u00e9vue \u00e0 la section VI. 2. Pour les raisons invoqu\u00e9es, notamment par une transmission ult\u00e9rieure, etc., l&rsquo;acheteur nous c\u00e8de d\u00e8s \u00e0 pr\u00e9sent ses cr\u00e9ances de garantie qui en r\u00e9sultent, ind\u00e9pendamment du fait qu&rsquo;il vende la marchandise avec d&rsquo;autres prestations ou \u00e0 un ou plusieurs clients. Le vendeur nous informe imm\u00e9diatement des interdictions de cession convenues. \u00c0 notre demande, il annonce la cession aux tiers d\u00e9biteurs, nous donne toutes les informations n\u00e9cessaires pour faire valoir nos droits et nous remet les documents.<\/p><p>4. L&rsquo;acheteur est autoris\u00e9, jusqu&rsquo;\u00e0 nouvel ordre, \u00e0 encaisser et \u00e0 recouvrer les cr\u00e9ances c\u00e9d\u00e9es aux conditions ci-dessus ; il doit nous transf\u00e9rer imm\u00e9diatement les contributions accumul\u00e9es. En cas de retard ou d&rsquo;insolvabilit\u00e9 de l&rsquo;acheteur, cette autorisation de pr\u00e9l\u00e8vement est annul\u00e9e sans r\u00e9vocation. Si la valeur r\u00e9alisable de nos garanties d\u00e9passe nos cr\u00e9ances (y compris toutes les cr\u00e9ances de solde des comptes courants et des factures courantes) de plus de 10 %, nous lib\u00e9rerons les garanties exc\u00e9dentaires de votre choix \u00e0 la demande du coacheteur.<\/p><p>5. L&rsquo;acheteur est tenu de traiter les marchandises sous r\u00e9serve de propri\u00e9t\u00e9 avec soin, de prendre en charge les frais \u00e9ventuels et de les conserver gratuitement. Il ne peut les mettre en gage, les c\u00e9der \u00e0 titre de garantie ou en disposer d&rsquo;une autre mani\u00e8re. Une telle atteinte doit nous \u00eatre communiqu\u00e9e imm\u00e9diatement. L&rsquo;acheteur, qui est un entrepreneur, est tenu d&rsquo;assurer \u00e0 ses frais la marchandise sous r\u00e9serve contre les risques d&rsquo;incendie et de vol et de le prouver en pr\u00e9sentant le certificat d&rsquo;assurance et le dernier re\u00e7u de prime.<\/p><p>6. Si l&rsquo;acheteur est en retard de paiement ou ne respecte pas ses obligations en vertu de la r\u00e9serve de propri\u00e9t\u00e9, nous pouvons exiger de l&rsquo;acheteur l&rsquo;objet de la livraison et, apr\u00e8s mise en demeure \u00e9crite, dans un d\u00e9lai raisonnable, utiliser le produit de la liquidation au mieux du prix d&rsquo;achat par vente priv\u00e9e.<\/p><p>7. Si nous demandons la livraison de l&rsquo;objet de la livraison, l&rsquo;acheteur est tenu, \u00e0 l&rsquo;exception des droits de r\u00e9tention \u00e9ventuels &#8211; sauf s&rsquo;ils sont fond\u00e9s sur le contrat de livraison &#8211; de nous remettre imm\u00e9diatement l&rsquo;objet de la livraison. En cas de retard de paiement, l&rsquo;acheteur nous autorise irr\u00e9vocablement \u00e0 prendre imm\u00e9diatement la marchandise sous r\u00e9serve de propri\u00e9t\u00e9 et \u00e0 p\u00e9n\u00e9trer librement dans un local commercial et un entrep\u00f4t \u00e0 cet effet.<\/p><p>8. Tous les frais de retour et d&rsquo;utilisation de l&rsquo;objet de la livraison sont \u00e0 la charge de l&rsquo;acheteur. Les frais de r\u00e9cup\u00e9ration s&rsquo;\u00e9l\u00e8vent \u00e0 10 % du produit de la vente, TVA comprise. Ils sont plus ou moins \u00e9lev\u00e9s selon les preuves de co\u00fbt. Le produit sera cr\u00e9dit\u00e9 \u00e0 l&rsquo;acheteur apr\u00e8s d\u00e9duction des frais et autres cr\u00e9ances li\u00e9es au contrat.<\/p><p>9. Si l&rsquo;acheteur ne traite pas l&rsquo;objet conform\u00e9ment \u00e0 ses obligations en vertu de la r\u00e9serve de propri\u00e9t\u00e9 ou s&rsquo;il ne respecte pas ses obligations d&rsquo;information, le maintien du contrat est raisonnable pour nous. Nous pouvons alors &#8211; si n\u00e9cessaire apr\u00e8s le d\u00e9lai &#8211; nous retirer du contrat et demander \u00e0 la place des dommages et int\u00e9r\u00eats.<\/p><p>\u00a0<\/p><\/div><\/div><\/div><\/div><\/div><\/div><div class=\"vc_row wpb_row vc_row-fluid\"><div class=\"wpb_column vc_column_container vc_col-sm-12\"><div class=\"vc_column-inner\"><div class=\"wpb_wrapper\"><div class=\"wpb_text_column wpb_content_element\"><div class=\"wpb_wrapper\"><p><strong>VII. Retour des marchandises<\/strong><\/p><p>Les marchandises livr\u00e9es conform\u00e9ment \u00e0 la commande ne peuvent \u00eatre reprises plus de 8 jours apr\u00e8s la livraison et uniquement dans des cas exceptionnels, ce qui n\u00e9cessite notre accord explicite. Si tel est le cas, et si les marchandises sont en parfait \u00e9tat, vendables et dans leur emballage d&rsquo;origine, un cr\u00e9dit sera accord\u00e9, au minimum 10% de la valeur des marchandises sera d\u00e9duit comme frais de r\u00e9approvisionnement.<\/p><\/div><\/div><\/div><\/div><\/div><\/div>\t\t\t\t\t\t<\/div>\n\t\t\t\t<\/div>\n\t\t\t\t\t<\/div>\n\t\t<\/div>\n\t\t\t\t\t<\/div>\n\t\t<\/section>\n\t\t\t\t<\/div>\n\t\t","protected":false},"excerpt":{"rendered":"<p>Conditions de vente, de commerce et de livraison I. G\u00e9n\u00e9ralit\u00e9s 1. Tous les contrats conclus avec nous sont bas\u00e9s sur les conditions suivantes. Ils constituent une partie du contrat juridiquement contraignante pour l&rsquo;ensemble de nos relations commerciales et sont reconnus comme contraignants par l&rsquo;acheteur au moment de la passation de la commande. Les accords verbaux [&hellip;]<\/p>\n","protected":false},"author":1,"featured_media":0,"parent":0,"menu_order":0,"comment_status":"closed","ping_status":"closed","template":"elementor_header_footer","meta":[],"blocksy_meta":{"styles_descriptor":{"styles":{"desktop":"","tablet":"","mobile":""},"google_fonts":[]}},"_links":{"self":[{"href":"https:\/\/motorium-tuntenhausen.de\/fr\/wp-json\/wp\/v2\/pages\/673"}],"collection":[{"href":"https:\/\/motorium-tuntenhausen.de\/fr\/wp-json\/wp\/v2\/pages"}],"about":[{"href":"https:\/\/motorium-tuntenhausen.de\/fr\/wp-json\/wp\/v2\/types\/page"}],"author":[{"embeddable":true,"href":"https:\/\/motorium-tuntenhausen.de\/fr\/wp-json\/wp\/v2\/users\/1"}],"replies":[{"embeddable":true,"href":"https:\/\/motorium-tuntenhausen.de\/fr\/wp-json\/wp\/v2\/comments?post=673"}],"version-history":[{"count":7,"href":"https:\/\/motorium-tuntenhausen.de\/fr\/wp-json\/wp\/v2\/pages\/673\/revisions"}],"predecessor-version":[{"id":806,"href":"https:\/\/motorium-tuntenhausen.de\/fr\/wp-json\/wp\/v2\/pages\/673\/revisions\/806"}],"wp:attachment":[{"href":"https:\/\/motorium-tuntenhausen.de\/fr\/wp-json\/wp\/v2\/media?parent=673"}],"curies":[{"name":"wp","href":"https:\/\/api.w.org\/{rel}","templated":true}]}}