{"id":671,"date":"2021-07-10T19:10:55","date_gmt":"2021-07-10T19:10:55","guid":{"rendered":"https:\/\/www.paf-cars.com\/?page_id=671"},"modified":"2021-07-12T02:18:17","modified_gmt":"2021-07-12T02:18:17","slug":"shipping-export","status":"publish","type":"page","link":"https:\/\/motorium-tuntenhausen.de\/fr\/shipping-export\/","title":{"rendered":"Livraison et Exportation"},"content":{"rendered":"\t\t<div data-elementor-type=\"wp-page\" data-elementor-id=\"671\" class=\"elementor elementor-671\">\n\t\t\t\t\t\t<section class=\"ob-is-breaking-bad elementor-section elementor-top-section elementor-element elementor-element-3059a88 elementor-section-boxed elementor-section-height-default elementor-section-height-default\" data-id=\"3059a88\" data-element_type=\"section\" data-settings=\"{&quot;background_background&quot;:&quot;classic&quot;,&quot;_ob_bbad_use_it&quot;:&quot;yes&quot;,&quot;_ob_bbad_sssic_use&quot;:&quot;no&quot;,&quot;_ob_glider_is_slider&quot;:&quot;no&quot;}\">\n\t\t\t\t\t\t<div class=\"elementor-container elementor-column-gap-default\">\n\t\t\t\t\t<div class=\"elementor-column elementor-col-50 elementor-top-column elementor-element elementor-element-710497b\" data-id=\"710497b\" data-element_type=\"column\" data-settings=\"{&quot;_ob_bbad_is_stalker&quot;:&quot;no&quot;,&quot;_ob_teleporter_use&quot;:false,&quot;_ob_column_hoveranimator&quot;:&quot;no&quot;,&quot;_ob_column_has_pseudo&quot;:&quot;no&quot;}\">\n\t\t\t<div class=\"elementor-widget-wrap elementor-element-populated\">\n\t\t\t\t\t\t<div class=\"elementor-element elementor-element-fe43d57 ob-harakiri-inherit ob-has-background-overlay elementor-widget elementor-widget-heading\" data-id=\"fe43d57\" data-element_type=\"widget\" data-settings=\"{&quot;_ob_use_harakiri&quot;:&quot;yes&quot;,&quot;_ob_harakiri_writing_mode&quot;:&quot;inherit&quot;,&quot;_ob_harakiri_text_clip&quot;:&quot;none&quot;,&quot;_ob_perspektive_use&quot;:&quot;no&quot;,&quot;_ob_poopart_use&quot;:&quot;yes&quot;,&quot;_ob_shadough_use&quot;:&quot;no&quot;,&quot;_ob_allow_hoveranimator&quot;:&quot;no&quot;,&quot;_ob_widget_stalker_use&quot;:&quot;no&quot;}\" data-widget_type=\"heading.default\">\n\t\t\t\t<div class=\"elementor-widget-container\">\n\t\t\t<h2 class=\"elementor-heading-title elementor-size-default\">Livraison et Exportation<\/h2>\t\t<\/div>\n\t\t\t\t<\/div>\n\t\t\t\t\t<\/div>\n\t\t<\/div>\n\t\t\t\t<div class=\"elementor-column elementor-col-50 elementor-top-column elementor-element elementor-element-3300897\" data-id=\"3300897\" data-element_type=\"column\" data-settings=\"{&quot;_ob_bbad_is_stalker&quot;:&quot;no&quot;,&quot;_ob_teleporter_use&quot;:false,&quot;_ob_column_hoveranimator&quot;:&quot;no&quot;,&quot;_ob_column_has_pseudo&quot;:&quot;no&quot;}\">\n\t\t\t<div class=\"elementor-widget-wrap elementor-element-populated\">\n\t\t\t\t\t\t<div class=\"elementor-element elementor-element-1f0c87a ob-harakiri-inherit ob-has-background-overlay elementor-widget elementor-widget-heading\" data-id=\"1f0c87a\" data-element_type=\"widget\" data-settings=\"{&quot;_ob_use_harakiri&quot;:&quot;yes&quot;,&quot;_ob_harakiri_writing_mode&quot;:&quot;inherit&quot;,&quot;_ob_harakiri_text_clip&quot;:&quot;none&quot;,&quot;_ob_perspektive_use&quot;:&quot;no&quot;,&quot;_ob_poopart_use&quot;:&quot;yes&quot;,&quot;_ob_shadough_use&quot;:&quot;no&quot;,&quot;_ob_allow_hoveranimator&quot;:&quot;no&quot;,&quot;_ob_widget_stalker_use&quot;:&quot;no&quot;}\" data-widget_type=\"heading.default\">\n\t\t\t\t<div class=\"elementor-widget-container\">\n\t\t\t<h2 class=\"elementor-heading-title elementor-size-default\">Simplicit\u00e9, Rapidit\u00e9 et Garantie<\/h2>\t\t<\/div>\n\t\t\t\t<\/div>\n\t\t\t\t\t<\/div>\n\t\t<\/div>\n\t\t\t\t\t<\/div>\n\t\t<\/section>\n\t\t\t\t<section class=\"ob-is-breaking-bad elementor-section elementor-top-section elementor-element elementor-element-5cf8132 elementor-section-boxed elementor-section-height-default elementor-section-height-default\" data-id=\"5cf8132\" data-element_type=\"section\" data-settings=\"{&quot;_ob_bbad_use_it&quot;:&quot;yes&quot;,&quot;_ob_bbad_sssic_use&quot;:&quot;no&quot;,&quot;_ob_glider_is_slider&quot;:&quot;no&quot;}\">\n\t\t\t\t\t\t<div class=\"elementor-container elementor-column-gap-default\">\n\t\t\t\t\t<div class=\"elementor-column elementor-col-100 elementor-top-column elementor-element elementor-element-84a15c0\" data-id=\"84a15c0\" data-element_type=\"column\" data-settings=\"{&quot;_ob_bbad_is_stalker&quot;:&quot;no&quot;,&quot;_ob_teleporter_use&quot;:false,&quot;_ob_column_hoveranimator&quot;:&quot;no&quot;,&quot;_ob_column_has_pseudo&quot;:&quot;no&quot;}\">\n\t\t\t<div class=\"elementor-widget-wrap elementor-element-populated\">\n\t\t\t\t\t\t<div class=\"elementor-element elementor-element-292c049 elementor-icon-list--layout-traditional elementor-list-item-link-full_width ob-has-background-overlay elementor-widget elementor-widget-icon-list\" data-id=\"292c049\" data-element_type=\"widget\" data-settings=\"{&quot;_ob_perspektive_use&quot;:&quot;no&quot;,&quot;_ob_poopart_use&quot;:&quot;yes&quot;,&quot;_ob_shadough_use&quot;:&quot;no&quot;,&quot;_ob_allow_hoveranimator&quot;:&quot;no&quot;,&quot;_ob_widget_stalker_use&quot;:&quot;no&quot;}\" data-widget_type=\"icon-list.default\">\n\t\t\t\t<div class=\"elementor-widget-container\">\n\t\t\t\t\t<ul class=\"elementor-icon-list-items\">\n\t\t\t\t\t\t\t<li class=\"elementor-icon-list-item\">\n\t\t\t\t\t\t\t\t\t\t\t<span class=\"elementor-icon-list-icon\">\n\t\t\t\t\t\t\t<i aria-hidden=\"true\" class=\"fas fa-chevron-right\"><\/i>\t\t\t\t\t\t<\/span>\n\t\t\t\t\t\t\t\t\t\t<span class=\"elementor-icon-list-text\"> Les v\u00e9hicules propos\u00e9s \u00e0 la vente sur notre site web ont une provenance allemande et sont (ou ont \u00e9t\u00e9) immatricul\u00e9s en Allemagne. Les v\u00e9hicules marqu\u00e9s \u00ab Partenaire \u00bb sont r\u00e9cup\u00e9r\u00e9s par des banques, coop\u00e9ratives de cr\u00e9dit ou autres entit\u00e9s financi\u00e8res allemandes aupr\u00e8s de leurs clients mauvais payeurs et nos partenaires nous ont accord\u00e9 le droit de devenir le vendeur officiel de leur flotte. Tous les v\u00e9hicules sont en parfait \u00e9tat optique et technique avec un kilom\u00e9trage r\u00e9el, garanti et certifi\u00e9, carnet d'entretien \u00e0 jour et sans accident. Nous s\u00e9lectionnons \u00e0 la vente seulement les v\u00e9hicules qui sont en excellent \u00e9tat et qui ont un faible kilom\u00e9trage.<\/span>\n\t\t\t\t\t\t\t\t\t<\/li>\n\t\t\t\t\t\t\t\t<li class=\"elementor-icon-list-item\">\n\t\t\t\t\t\t\t\t\t\t\t<span class=\"elementor-icon-list-icon\">\n\t\t\t\t\t\t\t<i aria-hidden=\"true\" class=\"fas fa-chevron-right\"><\/i>\t\t\t\t\t\t<\/span>\n\t\t\t\t\t\t\t\t\t\t<span class=\"elementor-icon-list-text\"> Le contrat de vente et la facture se font directement entre notre soci\u00e9t\u00e9 et le client, suite au transfert de propri\u00e9t\u00e9 du propri\u00e9taire du v\u00e9hicule.<\/span>\n\t\t\t\t\t\t\t\t\t<\/li>\n\t\t\t\t\t\t\t\t<li class=\"elementor-icon-list-item\">\n\t\t\t\t\t\t\t\t\t\t\t<span class=\"elementor-icon-list-icon\">\n\t\t\t\t\t\t\t<i aria-hidden=\"true\" class=\"fas fa-chevron-right\"><\/i>\t\t\t\t\t\t<\/span>\n\t\t\t\t\t\t\t\t\t\t<span class=\"elementor-icon-list-text\"> Les documents pour le transfert de propri\u00e9t\u00e9 du v\u00e9hicule sont pr\u00e9par\u00e9s seulement apr\u00e8s que le client a sign\u00e9 et nous a renvoy\u00e9 par email le contrat de vente et le paiement int\u00e9gral est confirm\u00e9 par notre banque. Veuillez noter que pour les v\u00e9hicules marqu\u00e9s \u00ab Partenaire \u00bb, la livraison peut prendre jusqu'\u00e0 5-7 jours ouvrables \u00e0 partir du moment de la commande.<\/span>\n\t\t\t\t\t\t\t\t\t<\/li>\n\t\t\t\t\t\t\t\t<li class=\"elementor-icon-list-item\">\n\t\t\t\t\t\t\t\t\t\t\t<span class=\"elementor-icon-list-icon\">\n\t\t\t\t\t\t\t<i aria-hidden=\"true\" class=\"fas fa-chevron-right\"><\/i>\t\t\t\t\t\t<\/span>\n\t\t\t\t\t\t\t\t\t\t<span class=\"elementor-icon-list-text\"> Tous les prix indiqu\u00e9s sur notre site web sont TVA incluse (19% est le taux de TVA en Allemagne). Les v\u00e9hicules achet\u00e9s peuvent \u00eatre export\u00e9s d'Allemagne \u00e0 l'int\u00e9rieur et \u00e0 l'ext\u00e9rieur de l'Union Europ\u00e9enne.<\/span>\n\t\t\t\t\t\t\t\t\t<\/li>\n\t\t\t\t\t\t\t\t<li class=\"elementor-icon-list-item\">\n\t\t\t\t\t\t\t\t\t\t\t<span class=\"elementor-icon-list-icon\">\n\t\t\t\t\t\t\t<i aria-hidden=\"true\" class=\"fas fa-chevron-right\"><\/i>\t\t\t\t\t\t<\/span>\n\t\t\t\t\t\t\t\t\t\t<span class=\"elementor-icon-list-text\"> Pour les particuliers dans l'UE, la TVA n'est pas d\u00e9ductible, mais il n'est pas n\u00e9cessaire de la payer \u00e0 nouveau dans le pays o\u00f9 le v\u00e9hicule sera immatricul\u00e9.<\/span>\n\t\t\t\t\t\t\t\t\t<\/li>\n\t\t\t\t\t\t\t\t<li class=\"elementor-icon-list-item\">\n\t\t\t\t\t\t\t\t\t\t\t<span class=\"elementor-icon-list-icon\">\n\t\t\t\t\t\t\t<i aria-hidden=\"true\" class=\"fas fa-chevron-right\"><\/i>\t\t\t\t\t\t<\/span>\n\t\t\t\t\t\t\t\t\t\t<span class=\"elementor-icon-list-text\"> Les entreprises enregistr\u00e9es comme payeur de TVA dans un pays faisant partie de l'Union Europ\u00e9enne peuvent acheter des v\u00e9hicules de nous \u00e0 un prix dont la TVA est d\u00e9duite (Netto). Pour b\u00e9n\u00e9ficier de cette caract\u00e9ristique, l'acheteur doit envoyer les documents n\u00e9cessaires qui seront v\u00e9rifi\u00e9s par notre soci\u00e9t\u00e9 avant de commencer le processus d'achat. Les documents n\u00e9cessaires sont: le certificat d'enregistrement de la soci\u00e9t\u00e9 et un document prouvant que la soci\u00e9t\u00e9 est payeur de TVA dans le pays d'enregistrement. Pour pouvoir acheter directement aux prix Netto, vous devez \u00e9galement opter pour l'exp\u00e9dition par notre soci\u00e9t\u00e9.<\/span>\n\t\t\t\t\t\t\t\t\t<\/li>\n\t\t\t\t\t\t\t\t<li class=\"elementor-icon-list-item\">\n\t\t\t\t\t\t\t\t\t\t\t<span class=\"elementor-icon-list-icon\">\n\t\t\t\t\t\t\t<i aria-hidden=\"true\" class=\"fas fa-chevron-right\"><\/i>\t\t\t\t\t\t<\/span>\n\t\t\t\t\t\t\t\t\t\t<span class=\"elementor-icon-list-text\"> Si l'acheteur est une personne priv\u00e9e ou une entreprise bas\u00e9e dans un pays qui ne fait pas partie de l'Union Europ\u00e9enne, il doit payer le prix catalogue du produit affich\u00e9 sur notre site web. Le client pourra r\u00e9cup\u00e9rer la TVA, qui s'\u00e9l\u00e8ve \u00e0 19 % du prix Netto, dans un d\u00e9lai maximum de 30 jours civils \u00e0 compter de l'envoi de la preuve que le v\u00e9hicule a \u00e9t\u00e9 export\u00e9 en dehors de l'Union Europ\u00e9enne. Une copie du certificat d'immatriculation dans le pays d'exportation est n\u00e9cessaire pour pr\u00e9senter une demande de remboursement de la TVA. Pour acheter directement au prix Netto, vous devez opter pour l'exp\u00e9dition par notre soci\u00e9t\u00e9.<\/span>\n\t\t\t\t\t\t\t\t\t<\/li>\n\t\t\t\t\t\t\t\t<li class=\"elementor-icon-list-item\">\n\t\t\t\t\t\t\t\t\t\t\t<span class=\"elementor-icon-list-icon\">\n\t\t\t\t\t\t\t<i aria-hidden=\"true\" class=\"fas fa-chevron-right\"><\/i>\t\t\t\t\t\t<\/span>\n\t\t\t\t\t\t\t\t\t\t<span class=\"elementor-icon-list-text\"> Pour plus de d\u00e9tails sur les demandes et d\u00e9ductions de TVA pour les entreprises, veuillez consulter le tableau ci-dessous:<\/span>\n\t\t\t\t\t\t\t\t\t<\/li>\n\t\t\t\t\t\t<\/ul>\n\t\t\t\t<\/div>\n\t\t\t\t<\/div>\n\t\t\t\t<div class=\"elementor-element elementor-element-9038b13 ob-harakiri-inherit ob-has-background-overlay elementor-widget elementor-widget-text-editor\" data-id=\"9038b13\" data-element_type=\"widget\" data-settings=\"{&quot;_ob_use_harakiri&quot;:&quot;yes&quot;,&quot;_ob_harakiri_writing_mode&quot;:&quot;inherit&quot;,&quot;_ob_postman_use&quot;:&quot;no&quot;,&quot;_ob_perspektive_use&quot;:&quot;no&quot;,&quot;_ob_poopart_use&quot;:&quot;yes&quot;,&quot;_ob_shadough_use&quot;:&quot;no&quot;,&quot;_ob_allow_hoveranimator&quot;:&quot;no&quot;,&quot;_ob_widget_stalker_use&quot;:&quot;no&quot;}\" data-widget_type=\"text-editor.default\">\n\t\t\t\t<div class=\"elementor-widget-container\">\n\t\t\t\t\t\t\t<table id=\"vatinfo\" border=\"1\" cellspacing=\"0\" cellpadding=\"0\" align=\"left\"><tbody><tr><td><strong>Vente locale<\/strong>\u00a0(Exemple: v\u00e9hicule allemand vendu \u00e0 l&rsquo;Allemagne)<\/td><td><strong>Transaction de l&rsquo;UE<\/strong>\u00a0(Exemple: v\u00e9hicule allemand vendu \u00e0 la Hongrie)<\/td><td><strong>Exporter<\/strong>\u00a0(Exemple: v\u00e9hicule allemand vendu \u00e0 la Russie)<\/td><\/tr><tr><td>&#8211; TVA sur le v\u00e9hicule incluse dans la facture (d\u00e9ductible)<br \/>&#8211; Frais(*) TVA incluse<br \/>&#8211; TVA d\u00e9ductible<\/td><td>&#8211; TVA sur le v\u00e9hicule exclue de la facture<br \/>&#8211; L&rsquo;acheteur d\u00e9clare la TVA dans le pays<br \/>de destination &#8211; Co\u00fbts(*) hors TVA (d\u00e9claration)<\/td><td>&#8211; TVA exclue, pas de TVA \u00e0 payer dans l&rsquo;UE<br \/>&#8211; L&rsquo;acheteur d\u00e9clare la TVA dans son pays selon les r\u00e8gles de son pays &#8211; Co\u00fbts(*) hors TVA<\/td><\/tr><tr><td>\u00a0<\/td><td>Voir la directive europ\u00e9enne EC\/2006\/112: art. 140 pour plus d&rsquo;informations.<\/td><td>Voir la directive europ\u00e9enne EC\/2006\/112: art. 146 pour plus d&rsquo;informations.<\/td><\/tr><\/tbody><\/table><p>\u00a0<\/p>\t\t\t\t\t\t<\/div>\n\t\t\t\t<\/div>\n\t\t\t\t<div class=\"elementor-element elementor-element-ee5eb1b elementor-icon-list--layout-traditional elementor-list-item-link-full_width ob-has-background-overlay elementor-widget elementor-widget-icon-list\" data-id=\"ee5eb1b\" data-element_type=\"widget\" data-settings=\"{&quot;_ob_perspektive_use&quot;:&quot;no&quot;,&quot;_ob_poopart_use&quot;:&quot;yes&quot;,&quot;_ob_shadough_use&quot;:&quot;no&quot;,&quot;_ob_allow_hoveranimator&quot;:&quot;no&quot;,&quot;_ob_widget_stalker_use&quot;:&quot;no&quot;}\" data-widget_type=\"icon-list.default\">\n\t\t\t\t<div class=\"elementor-widget-container\">\n\t\t\t\t\t<ul class=\"elementor-icon-list-items\">\n\t\t\t\t\t\t\t<li class=\"elementor-icon-list-item\">\n\t\t\t\t\t\t\t\t\t\t\t<span class=\"elementor-icon-list-icon\">\n\t\t\t\t\t\t\t<i aria-hidden=\"true\" class=\"fas fa-chevron-right\"><\/i>\t\t\t\t\t\t<\/span>\n\t\t\t\t\t\t\t\t\t\t<span class=\"elementor-icon-list-text\"> Au prix indiqu\u00e9 dans l'annonce s'ajoute une taxe fixe de 250 \u20ac, qui couvrira la pr\u00e9paration des documents pour la vente et l'exportation, l'obtention de plaques d'immatriculation provisoires valables 30 jours et l'assurance pour les plaques d'immatriculation provisoires, ainsi que des frais de livraison (exp\u00e9dition et manutention) en fonction du lieu de livraison.<\/span>\n\t\t\t\t\t\t\t\t\t<\/li>\n\t\t\t\t\t\t\t\t<li class=\"elementor-icon-list-item\">\n\t\t\t\t\t\t\t\t\t\t\t<span class=\"elementor-icon-list-icon\">\n\t\t\t\t\t\t\t<i aria-hidden=\"true\" class=\"fas fa-chevron-right\"><\/i>\t\t\t\t\t\t<\/span>\n\t\t\t\t\t\t\t\t\t\t<span class=\"elementor-icon-list-text\"> Le transport des v\u00e9hicules sera effectu\u00e9 soit avec nos propres camions, soit par un de nos partenaires et sera accompagn\u00e9 par un repr\u00e9sentant de la soci\u00e9t\u00e9. Notre repr\u00e9sentant remettra personnellement le v\u00e9hicule, les deux cl\u00e9s et l'ensemble des documents d'immatriculation d\u00e9finitifs du v\u00e9hicule, les plaques d'immatriculation provisoires valables 30 jours et l'assurance du v\u00e9hicule pour la m\u00eame p\u00e9riode. Notre repr\u00e9sentant sera habilit\u00e9 pour la proc\u00e9dure d'immatriculation du v\u00e9hicule au nom de l'acheteur. En cas de n\u00e9cessit\u00e9 de d\u00e9douanement dans le pays de livraison, nos partenaires peuvent couvrir ce service et assurer la livraison directement \u00e0 l'endroit que vous avez indiqu\u00e9.<\/span>\n\t\t\t\t\t\t\t\t\t<\/li>\n\t\t\t\t\t\t\t\t<li class=\"elementor-icon-list-item\">\n\t\t\t\t\t\t\t\t\t\t\t<span class=\"elementor-icon-list-icon\">\n\t\t\t\t\t\t\t<i aria-hidden=\"true\" class=\"fas fa-chevron-right\"><\/i>\t\t\t\t\t\t<\/span>\n\t\t\t\t\t\t\t\t\t\t<span class=\"elementor-icon-list-text\"> Toutes nos livraisons sont couvertes par une assurance de transport qui peut aller jusqu'\u00e0 500 000 \u20ac.<\/span>\n\t\t\t\t\t\t\t\t\t<\/li>\n\t\t\t\t\t\t\t\t<li class=\"elementor-icon-list-item\">\n\t\t\t\t\t\t\t\t\t\t\t<span class=\"elementor-icon-list-icon\">\n\t\t\t\t\t\t\t<i aria-hidden=\"true\" class=\"fas fa-chevron-right\"><\/i>\t\t\t\t\t\t<\/span>\n\t\t\t\t\t\t\t\t\t\t<span class=\"elementor-icon-list-text\"> Les frais de livraison seront calcul\u00e9s comme suit:<\/span>\n\t\t\t\t\t\t\t\t\t<\/li>\n\t\t\t\t\t\t<\/ul>\n\t\t\t\t<\/div>\n\t\t\t\t<\/div>\n\t\t\t\t<div class=\"elementor-element elementor-element-3288702 ob-harakiri-inherit ob-has-background-overlay elementor-widget elementor-widget-text-editor\" data-id=\"3288702\" data-element_type=\"widget\" data-settings=\"{&quot;_ob_use_harakiri&quot;:&quot;yes&quot;,&quot;_ob_harakiri_writing_mode&quot;:&quot;inherit&quot;,&quot;_ob_postman_use&quot;:&quot;no&quot;,&quot;_ob_perspektive_use&quot;:&quot;no&quot;,&quot;_ob_poopart_use&quot;:&quot;yes&quot;,&quot;_ob_shadough_use&quot;:&quot;no&quot;,&quot;_ob_allow_hoveranimator&quot;:&quot;no&quot;,&quot;_ob_widget_stalker_use&quot;:&quot;no&quot;}\" data-widget_type=\"text-editor.default\">\n\t\t\t\t<div class=\"elementor-widget-container\">\n\t\t\t\t\t\t\t<p>&#8211; la redevance minimale est de 90 \u20ac pour les distances inf\u00e9rieures \u00e0 150 km;<br \/>&#8211; 151 km &#8211; 1500 km = \u00e0 un taux de 0,50 \u20ac\/km;<br \/>&#8211; 1501 km &#8211; 3000 km = \u00e0 un taux de 0,40 \u20ac\/km;<br \/>&#8211; plus de 3000 km, veuillez demander un devis de transport;<\/p>\t\t\t\t\t\t<\/div>\n\t\t\t\t<\/div>\n\t\t\t\t<div class=\"elementor-element elementor-element-f78ce16 elementor-icon-list--layout-traditional elementor-list-item-link-full_width ob-has-background-overlay elementor-widget elementor-widget-icon-list\" data-id=\"f78ce16\" data-element_type=\"widget\" data-settings=\"{&quot;_ob_perspektive_use&quot;:&quot;no&quot;,&quot;_ob_poopart_use&quot;:&quot;yes&quot;,&quot;_ob_shadough_use&quot;:&quot;no&quot;,&quot;_ob_allow_hoveranimator&quot;:&quot;no&quot;,&quot;_ob_widget_stalker_use&quot;:&quot;no&quot;}\" data-widget_type=\"icon-list.default\">\n\t\t\t\t<div class=\"elementor-widget-container\">\n\t\t\t\t\t<ul class=\"elementor-icon-list-items\">\n\t\t\t\t\t\t\t<li class=\"elementor-icon-list-item\">\n\t\t\t\t\t\t\t\t\t\t\t<span class=\"elementor-icon-list-icon\">\n\t\t\t\t\t\t\t<i aria-hidden=\"true\" class=\"fas fa-chevron-right\"><\/i>\t\t\t\t\t\t<\/span>\n\t\t\t\t\t\t\t\t\t\t<span class=\"elementor-icon-list-text\"> Veuillez noter que les documents pour la vente et l'immatriculation sont pr\u00e9par\u00e9s en 3-5 jours ouvrables. La livraison commencera seulement apr\u00e8s que les documents seront pr\u00eats et peut prendre jusqu'\u00e0 2-6 jours ouvrables, selon la distance de transport. Le d\u00e9lai total de livraison est estim\u00e9 \u00e0 environ 7-12 jours ouvrables.<\/span>\n\t\t\t\t\t\t\t\t\t<\/li>\n\t\t\t\t\t\t<\/ul>\n\t\t\t\t<\/div>\n\t\t\t\t<\/div>\n\t\t\t\t\t<\/div>\n\t\t<\/div>\n\t\t\t\t\t<\/div>\n\t\t<\/section>\n\t\t\t\t<\/div>\n\t\t","protected":false},"excerpt":{"rendered":"<p>Simplicit\u00e9, Rapidit\u00e9 et Garantie Les v\u00e9hicules propos\u00e9s \u00e0 la vente sur notre site web ont une provenance allemande et sont (ou ont \u00e9t\u00e9) immatricul\u00e9s en Allemagne. Les v\u00e9hicules marqu\u00e9s \u00ab Partenaire \u00bb sont r\u00e9cup\u00e9r\u00e9s par des banques, coop\u00e9ratives de cr\u00e9dit ou autres entit\u00e9s financi\u00e8res allemandes aupr\u00e8s de leurs clients mauvais payeurs et nos partenaires nous [&hellip;]<\/p>\n","protected":false},"author":1,"featured_media":0,"parent":0,"menu_order":0,"comment_status":"closed","ping_status":"closed","template":"elementor_header_footer","meta":[],"blocksy_meta":{"styles_descriptor":{"styles":{"desktop":"","tablet":"","mobile":""},"google_fonts":[]}},"_links":{"self":[{"href":"https:\/\/motorium-tuntenhausen.de\/fr\/wp-json\/wp\/v2\/pages\/671"}],"collection":[{"href":"https:\/\/motorium-tuntenhausen.de\/fr\/wp-json\/wp\/v2\/pages"}],"about":[{"href":"https:\/\/motorium-tuntenhausen.de\/fr\/wp-json\/wp\/v2\/types\/page"}],"author":[{"embeddable":true,"href":"https:\/\/motorium-tuntenhausen.de\/fr\/wp-json\/wp\/v2\/users\/1"}],"replies":[{"embeddable":true,"href":"https:\/\/motorium-tuntenhausen.de\/fr\/wp-json\/wp\/v2\/comments?post=671"}],"version-history":[{"count":18,"href":"https:\/\/motorium-tuntenhausen.de\/fr\/wp-json\/wp\/v2\/pages\/671\/revisions"}],"predecessor-version":[{"id":834,"href":"https:\/\/motorium-tuntenhausen.de\/fr\/wp-json\/wp\/v2\/pages\/671\/revisions\/834"}],"wp:attachment":[{"href":"https:\/\/motorium-tuntenhausen.de\/fr\/wp-json\/wp\/v2\/media?parent=671"}],"curies":[{"name":"wp","href":"https:\/\/api.w.org\/{rel}","templated":true}]}}