{"id":2097,"date":"2021-08-08T12:12:49","date_gmt":"2021-08-08T12:12:49","guid":{"rendered":"https:\/\/www.paf-cars.com\/?page_id=2097"},"modified":"2021-08-08T18:14:50","modified_gmt":"2021-08-08T18:14:50","slug":"news","status":"publish","type":"page","link":"https:\/\/motorium-tuntenhausen.de\/fr\/news\/","title":{"rendered":"Actualit\u00e9s"},"content":{"rendered":"\t\t<div data-elementor-type=\"wp-page\" data-elementor-id=\"2097\" class=\"elementor elementor-2097\">\n\t\t\t\t\t\t<section class=\"ob-is-breaking-bad elementor-section elementor-top-section elementor-element elementor-element-fad3ca8 elementor-section-boxed elementor-section-height-default elementor-section-height-default\" data-id=\"fad3ca8\" data-element_type=\"section\" data-settings=\"{&quot;background_background&quot;:&quot;classic&quot;,&quot;_ob_bbad_use_it&quot;:&quot;yes&quot;,&quot;_ob_bbad_sssic_use&quot;:&quot;no&quot;,&quot;_ob_glider_is_slider&quot;:&quot;no&quot;}\">\n\t\t\t\t\t\t<div class=\"elementor-container elementor-column-gap-default\">\n\t\t\t\t\t<div class=\"elementor-column elementor-col-100 elementor-top-column elementor-element elementor-element-fb4a496\" data-id=\"fb4a496\" data-element_type=\"column\" data-settings=\"{&quot;_ob_bbad_is_stalker&quot;:&quot;no&quot;,&quot;_ob_teleporter_use&quot;:false,&quot;_ob_column_hoveranimator&quot;:&quot;no&quot;,&quot;_ob_column_has_pseudo&quot;:&quot;no&quot;}\">\n\t\t\t<div class=\"elementor-widget-wrap elementor-element-populated\">\n\t\t\t\t\t\t<div class=\"elementor-element elementor-element-20c22e4 ob-harakiri-inherit ob-has-background-overlay elementor-widget elementor-widget-heading\" data-id=\"20c22e4\" data-element_type=\"widget\" data-settings=\"{&quot;_ob_use_harakiri&quot;:&quot;yes&quot;,&quot;_ob_harakiri_writing_mode&quot;:&quot;inherit&quot;,&quot;_ob_harakiri_text_clip&quot;:&quot;none&quot;,&quot;_ob_perspektive_use&quot;:&quot;no&quot;,&quot;_ob_poopart_use&quot;:&quot;yes&quot;,&quot;_ob_shadough_use&quot;:&quot;no&quot;,&quot;_ob_allow_hoveranimator&quot;:&quot;no&quot;,&quot;_ob_widget_stalker_use&quot;:&quot;no&quot;}\" data-widget_type=\"heading.default\">\n\t\t\t\t<div class=\"elementor-widget-container\">\n\t\t\t<h2 class=\"elementor-heading-title elementor-size-default\">Blog<\/h2>\t\t<\/div>\n\t\t\t\t<\/div>\n\t\t\t\t<div class=\"elementor-element elementor-element-aa626ce ob-harakiri-inherit ob-has-background-overlay elementor-widget elementor-widget-heading\" data-id=\"aa626ce\" data-element_type=\"widget\" data-settings=\"{&quot;_ob_use_harakiri&quot;:&quot;yes&quot;,&quot;_ob_harakiri_writing_mode&quot;:&quot;inherit&quot;,&quot;_ob_harakiri_text_clip&quot;:&quot;none&quot;,&quot;_ob_perspektive_use&quot;:&quot;no&quot;,&quot;_ob_poopart_use&quot;:&quot;yes&quot;,&quot;_ob_shadough_use&quot;:&quot;no&quot;,&quot;_ob_allow_hoveranimator&quot;:&quot;no&quot;,&quot;_ob_widget_stalker_use&quot;:&quot;no&quot;}\" data-widget_type=\"heading.default\">\n\t\t\t\t<div class=\"elementor-widget-container\">\n\t\t\t<h2 class=\"elementor-heading-title elementor-size-default\">Derni\u00e8res nouvelles de l'entreprise<\/h2>\t\t<\/div>\n\t\t\t\t<\/div>\n\t\t\t\t\t<\/div>\n\t\t<\/div>\n\t\t\t\t\t<\/div>\n\t\t<\/section>\n\t\t\t\t<section class=\"ob-is-breaking-bad elementor-section elementor-top-section elementor-element elementor-element-df7f019 elementor-section-boxed elementor-section-height-default elementor-section-height-default\" data-id=\"df7f019\" data-element_type=\"section\" data-settings=\"{&quot;_ob_bbad_use_it&quot;:&quot;yes&quot;,&quot;_ob_bbad_sssic_use&quot;:&quot;no&quot;,&quot;_ob_glider_is_slider&quot;:&quot;no&quot;}\">\n\t\t\t\t\t\t<div class=\"elementor-container elementor-column-gap-default\">\n\t\t\t\t\t<div class=\"elementor-column elementor-col-100 elementor-top-column elementor-element elementor-element-ccd51dc\" data-id=\"ccd51dc\" data-element_type=\"column\" data-settings=\"{&quot;_ob_bbad_is_stalker&quot;:&quot;no&quot;,&quot;_ob_teleporter_use&quot;:false,&quot;_ob_column_hoveranimator&quot;:&quot;no&quot;,&quot;_ob_column_has_pseudo&quot;:&quot;no&quot;}\">\n\t\t\t<div class=\"elementor-widget-wrap elementor-element-populated\">\n\t\t\t\t\t\t<div class=\"elementor-element elementor-element-91ce030 elementor-grid-3 elementor-grid-tablet-2 elementor-grid-mobile-1 elementor-posts--thumbnail-top elementor-card-shadow-yes elementor-posts__hover-gradient ob-has-background-overlay elementor-widget elementor-widget-posts\" data-id=\"91ce030\" data-element_type=\"widget\" data-settings=\"{&quot;pagination_type&quot;:&quot;numbers_and_prev_next&quot;,&quot;cards_columns&quot;:&quot;3&quot;,&quot;cards_columns_tablet&quot;:&quot;2&quot;,&quot;cards_columns_mobile&quot;:&quot;1&quot;,&quot;cards_row_gap&quot;:{&quot;unit&quot;:&quot;px&quot;,&quot;size&quot;:35,&quot;sizes&quot;:[]},&quot;cards_row_gap_tablet&quot;:{&quot;unit&quot;:&quot;px&quot;,&quot;size&quot;:&quot;&quot;,&quot;sizes&quot;:[]},&quot;cards_row_gap_mobile&quot;:{&quot;unit&quot;:&quot;px&quot;,&quot;size&quot;:&quot;&quot;,&quot;sizes&quot;:[]},&quot;_ob_perspektive_use&quot;:&quot;no&quot;,&quot;_ob_poopart_use&quot;:&quot;yes&quot;,&quot;_ob_shadough_use&quot;:&quot;no&quot;,&quot;_ob_allow_hoveranimator&quot;:&quot;no&quot;,&quot;_ob_widget_stalker_use&quot;:&quot;no&quot;}\" data-widget_type=\"posts.cards\">\n\t\t\t\t<div class=\"elementor-widget-container\">\n\t\t\t\t\t<div class=\"elementor-posts-container elementor-posts elementor-posts--skin-cards elementor-grid\">\n\t\t\t\t<article class=\"elementor-post elementor-grid-item post-2180 post type-post status-publish format-standard has-post-thumbnail hentry category-non-classifiee tag-bitcoin-tesla-elon-musk\">\n\t\t\t<div class=\"elementor-post__card\">\n\t\t\t\t<a class=\"elementor-post__thumbnail__link\" href=\"https:\/\/motorium-tuntenhausen.de\/fr\/tesla-with-bitcoin\/\" ><div class=\"elementor-post__thumbnail\"><img fetchpriority=\"high\" width=\"768\" height=\"382\" src=\"https:\/\/motorium-tuntenhausen.de\/wp-content\/uploads\/2021\/08\/em.webp\" class=\"attachment-full size-full wp-image-2083\" alt=\"\" decoding=\"async\" srcset=\"https:\/\/motorium-tuntenhausen.de\/wp-content\/uploads\/2021\/08\/em.webp 768w, https:\/\/motorium-tuntenhausen.de\/wp-content\/uploads\/2021\/08\/em-300x149.webp 300w, https:\/\/motorium-tuntenhausen.de\/wp-content\/uploads\/2021\/08\/em-18x9.webp 18w\" sizes=\"(max-width: 768px) 100vw, 768px\" \/><\/div><\/a>\n\t\t\t\t<div class=\"elementor-post__badge\">Bitcoin Tesla Elon Musk<\/div>\n\t\t\t\t<div class=\"elementor-post__text\">\n\t\t\t\t<h3 class=\"elementor-post__title\">\n\t\t\t<a href=\"https:\/\/motorium-tuntenhausen.de\/fr\/tesla-with-bitcoin\/\" >\n\t\t\t\tCette fois, c&rsquo;est officiel: vous pouvez acheter une Tesla avec des bitcoins\t\t\t<\/a>\n\t\t<\/h3>\n\t\t\t\t<div class=\"elementor-post__excerpt\">\n\t\t\t<p>Tesla accepte Bitcoin comme moyen de paiement ! \u00ab Vous pouvez d\u00e9sormais acheter une Tesla avec des bitcoins \u00bb, a tweet\u00e9 Elon Musk. \u00ab Les bitcoins pay\u00e9s \u00e0 Tesla seront conserv\u00e9s en tant que bitcoins, et pas convertis en monnaie fiduciaire \u00bb, a ajout\u00e9 le PDG du constructeur de v\u00e9hicules<\/p>\n\t\t<\/div>\n\t\t\t\t\t<a class=\"elementor-post__read-more\" href=\"https:\/\/motorium-tuntenhausen.de\/fr\/tesla-with-bitcoin\/\" >\n\t\t\t\tLire la suite \u00bb\t\t\t<\/a>\n\t\t\t\t<\/div>\n\t\t\t\t\t<\/div>\n\t\t<\/article>\n\t\t\t\t<article class=\"elementor-post elementor-grid-item post-2177 post type-post status-publish format-standard has-post-thumbnail hentry category-non-classifiee tag-86 tag-prix\">\n\t\t\t<div class=\"elementor-post__card\">\n\t\t\t\t<a class=\"elementor-post__thumbnail__link\" href=\"https:\/\/motorium-tuntenhausen.de\/fr\/provenexpert\/\" ><div class=\"elementor-post__thumbnail\"><img width=\"768\" height=\"382\" src=\"https:\/\/motorium-tuntenhausen.de\/wp-content\/uploads\/2021\/08\/Top-Experte-1.webp\" class=\"attachment-full size-full wp-image-2178\" alt=\"\" decoding=\"async\" srcset=\"https:\/\/motorium-tuntenhausen.de\/wp-content\/uploads\/2021\/08\/Top-Experte-1.webp 768w, https:\/\/motorium-tuntenhausen.de\/wp-content\/uploads\/2021\/08\/Top-Experte-1-300x149.webp 300w, https:\/\/motorium-tuntenhausen.de\/wp-content\/uploads\/2021\/08\/Top-Experte-1-18x9.webp 18w\" sizes=\"(max-width: 768px) 100vw, 768px\" \/><\/div><\/a>\n\t\t\t\t<div class=\"elementor-post__badge\">2019<\/div>\n\t\t\t\t<div class=\"elementor-post__text\">\n\t\t\t\t<h3 class=\"elementor-post__title\">\n\t\t\t<a href=\"https:\/\/motorium-tuntenhausen.de\/fr\/provenexpert\/\" >\n\t\t\t\tCela ne pourrait pas \u00eatre mieux: Le meilleur expert 2019 \u00e0 ProvenExpert\t\t\t<\/a>\n\t\t<\/h3>\n\t\t\t\t<div class=\"elementor-post__excerpt\">\n\t\t\t<p>Maintenant, c&rsquo;est officiel: Selon ProvenExpert, Mcan Cars est l&rsquo;un des trois meilleurs experts du commerce automobile allemand ! La plateforme d&rsquo;\u00e9valuation ProvenExpert l&rsquo;a d\u00e9cern\u00e9 pour la premi\u00e8re fois cette ann\u00e9e. Plus de 54 000 entreprises de 36 secteurs sont enregistr\u00e9es sur la plate-forme. Les \u00e9valuations des clients &#8211; leur nombre<\/p>\n\t\t<\/div>\n\t\t\t\t\t<a class=\"elementor-post__read-more\" href=\"https:\/\/motorium-tuntenhausen.de\/fr\/provenexpert\/\" >\n\t\t\t\tLire la suite \u00bb\t\t\t<\/a>\n\t\t\t\t<\/div>\n\t\t\t\t\t<\/div>\n\t\t<\/article>\n\t\t\t\t<article class=\"elementor-post elementor-grid-item post-2165 post type-post status-publish format-standard has-post-thumbnail hentry category-non-classifiee tag-auto-bild tag-meilleur-concessionnaire-automobile-2019\">\n\t\t\t<div class=\"elementor-post__card\">\n\t\t\t\t<a class=\"elementor-post__thumbnail__link\" href=\"https:\/\/motorium-tuntenhausen.de\/fr\/auto-bild-mainautohaus24-a-ete-designe-meilleur-concessionnaire-automobile-de-lannee-2019-en-allemagne\/\" ><div class=\"elementor-post__thumbnail\"><img width=\"1538\" height=\"874\" src=\"https:\/\/motorium-tuntenhausen.de\/wp-content\/uploads\/2021\/08\/6.png\" class=\"attachment-full size-full wp-image-3991\" alt=\"\" decoding=\"async\" srcset=\"https:\/\/motorium-tuntenhausen.de\/wp-content\/uploads\/2021\/08\/6.png 1538w, https:\/\/motorium-tuntenhausen.de\/wp-content\/uploads\/2021\/08\/6-300x170.png 300w, https:\/\/motorium-tuntenhausen.de\/wp-content\/uploads\/2021\/08\/6-1024x582.png 1024w, https:\/\/motorium-tuntenhausen.de\/wp-content\/uploads\/2021\/08\/6-768x436.png 768w, https:\/\/motorium-tuntenhausen.de\/wp-content\/uploads\/2021\/08\/6-1536x873.png 1536w, https:\/\/motorium-tuntenhausen.de\/wp-content\/uploads\/2021\/08\/6-18x10.png 18w\" sizes=\"(max-width: 1538px) 100vw, 1538px\" \/><\/div><\/a>\n\t\t\t\t<div class=\"elementor-post__badge\">AUTO BILD<\/div>\n\t\t\t\t<div class=\"elementor-post__text\">\n\t\t\t\t<h3 class=\"elementor-post__title\">\n\t\t\t<a href=\"https:\/\/motorium-tuntenhausen.de\/fr\/auto-bild-mainautohaus24-a-ete-designe-meilleur-concessionnaire-automobile-de-lannee-2019-en-allemagne\/\" >\n\t\t\t\tAuto Bild: Mcan Cars a \u00e9t\u00e9 d\u00e9sign\u00e9 meilleur concessionnaire automobile de l&rsquo;ann\u00e9e 2021 en Allemagne\t\t\t<\/a>\n\t\t<\/h3>\n\t\t\t\t<div class=\"elementor-post__excerpt\">\n\t\t\t<p>Le plus grand journal automobile d&rsquo;Allemagne, Auto Bild, et Statista GmbH,&nbsp;un portail allemand de statistiques en ligne, ont interrog\u00e9 \u00e0 nouveau pour la troisi\u00e8me fois plus de&nbsp;12 000 clients et ont rendu leur verdict sur plus de 7 000 concessionnaires automobiles dans toute l&rsquo;Allemagne et plus de 20 000 concessionnaires<\/p>\n\t\t<\/div>\n\t\t\t\t\t<a class=\"elementor-post__read-more\" href=\"https:\/\/motorium-tuntenhausen.de\/fr\/auto-bild-mainautohaus24-a-ete-designe-meilleur-concessionnaire-automobile-de-lannee-2019-en-allemagne\/\" >\n\t\t\t\tLire la suite \u00bb\t\t\t<\/a>\n\t\t\t\t<\/div>\n\t\t\t\t\t<\/div>\n\t\t<\/article>\n\t\t\t\t<article class=\"elementor-post elementor-grid-item post-2162 post type-post status-publish format-standard has-post-thumbnail hentry category-non-classifiee tag-culture tag-education tag-projets-sociaux\">\n\t\t\t<div class=\"elementor-post__card\">\n\t\t\t\t<a class=\"elementor-post__thumbnail__link\" href=\"https:\/\/motorium-tuntenhausen.de\/fr\/sport-kultur\/\" ><div class=\"elementor-post__thumbnail\"><img loading=\"lazy\" width=\"1284\" height=\"734\" src=\"https:\/\/motorium-tuntenhausen.de\/wp-content\/uploads\/2025\/02\/Mcan-Cars-.png\" class=\"attachment-full size-full wp-image-8792\" alt=\"\" decoding=\"async\" srcset=\"https:\/\/motorium-tuntenhausen.de\/wp-content\/uploads\/2025\/02\/Mcan-Cars-.png 1284w, https:\/\/motorium-tuntenhausen.de\/wp-content\/uploads\/2025\/02\/Mcan-Cars--300x171.png 300w, https:\/\/motorium-tuntenhausen.de\/wp-content\/uploads\/2025\/02\/Mcan-Cars--1024x585.png 1024w, https:\/\/motorium-tuntenhausen.de\/wp-content\/uploads\/2025\/02\/Mcan-Cars--768x439.png 768w, https:\/\/motorium-tuntenhausen.de\/wp-content\/uploads\/2025\/02\/Mcan-Cars--18x10.png 18w\" sizes=\"(max-width: 1284px) 100vw, 1284px\" \/><\/div><\/a>\n\t\t\t\t<div class=\"elementor-post__badge\">Culture<\/div>\n\t\t\t\t<div class=\"elementor-post__text\">\n\t\t\t\t<h3 class=\"elementor-post__title\">\n\t\t\t<a href=\"https:\/\/motorium-tuntenhausen.de\/fr\/sport-kultur\/\" >\n\t\t\t\tMcan Cars est impliqu\u00e9 dans des projets sportifs, culturels, \u00e9ducatifs et sociaux\t\t\t<\/a>\n\t\t<\/h3>\n\t\t\t\t<div class=\"elementor-post__excerpt\">\n\t\t\t<p>Notre m\u00e9tier, c&rsquo;est la mobilit\u00e9, mais notre sens des responsabilit\u00e9s va bien au-del\u00e0 de l&rsquo;entreprise.&nbsp;Notre c\u0153ur bat pour les gens et nous l&rsquo;avons prouv\u00e9 au cours des derni\u00e8res ann\u00e9es. Nous avons \u00e9tabli des liens depuis le d\u00e9but: sur le sport et la culture, sur l&rsquo;\u00e9ducation et les projets sociaux. Nous<\/p>\n\t\t<\/div>\n\t\t\t\t\t<a class=\"elementor-post__read-more\" href=\"https:\/\/motorium-tuntenhausen.de\/fr\/sport-kultur\/\" >\n\t\t\t\tLire la suite \u00bb\t\t\t<\/a>\n\t\t\t\t<\/div>\n\t\t\t\t\t<\/div>\n\t\t<\/article>\n\t\t\t\t<article class=\"elementor-post elementor-grid-item post-2153 post type-post status-publish format-standard has-post-thumbnail hentry category-non-classifiee tag-128 tag-concessionnaire tag-gagnant\">\n\t\t\t<div class=\"elementor-post__card\">\n\t\t\t\t<a class=\"elementor-post__thumbnail__link\" href=\"https:\/\/motorium-tuntenhausen.de\/fr\/concessionnaire-year-2021\/\" ><div class=\"elementor-post__thumbnail\"><img loading=\"lazy\" width=\"768\" height=\"450\" src=\"https:\/\/motorium-tuntenhausen.de\/wp-content\/uploads\/2021\/08\/Autohaus-des-Jahres-2018-768x450-1.webp\" class=\"attachment-full size-full wp-image-2157\" alt=\"\" decoding=\"async\" srcset=\"https:\/\/motorium-tuntenhausen.de\/wp-content\/uploads\/2021\/08\/Autohaus-des-Jahres-2018-768x450-1.webp 768w, https:\/\/motorium-tuntenhausen.de\/wp-content\/uploads\/2021\/08\/Autohaus-des-Jahres-2018-768x450-1-300x176.webp 300w, https:\/\/motorium-tuntenhausen.de\/wp-content\/uploads\/2021\/08\/Autohaus-des-Jahres-2018-768x450-1-18x12.webp 18w\" sizes=\"(max-width: 768px) 100vw, 768px\" \/><\/div><\/a>\n\t\t\t\t<div class=\"elementor-post__badge\">2021<\/div>\n\t\t\t\t<div class=\"elementor-post__text\">\n\t\t\t\t<h3 class=\"elementor-post__title\">\n\t\t\t<a href=\"https:\/\/motorium-tuntenhausen.de\/fr\/concessionnaire-year-2021\/\" >\n\t\t\t\tConcessionnaire de l&rsquo;ann\u00e9e 2021: Et le gagnant est &#8230;\t\t\t<\/a>\n\t\t<\/h3>\n\t\t\t\t<div class=\"elementor-post__excerpt\">\n\t\t\t<p>&#8230; Mcan Cars ! Le nouveau gagnant est l&rsquo;ancien. La d\u00e9cision a \u00e9t\u00e9 courte et la joie de d\u00e9fendre le titre n&rsquo;en a \u00e9t\u00e9 que plus grande. Les crit\u00e8res du concours \u00e9taient presque les m\u00eames que l&rsquo;ann\u00e9e pr\u00e9c\u00e9dente: la satisfaction du client \u00e9tait la priorit\u00e9 absolue. Elle se refl\u00e8te entre<\/p>\n\t\t<\/div>\n\t\t\t\t\t<a class=\"elementor-post__read-more\" href=\"https:\/\/motorium-tuntenhausen.de\/fr\/concessionnaire-year-2021\/\" >\n\t\t\t\tLire la suite \u00bb\t\t\t<\/a>\n\t\t\t\t<\/div>\n\t\t\t\t\t<\/div>\n\t\t<\/article>\n\t\t\t\t<article class=\"elementor-post elementor-grid-item post-2150 post type-post status-publish format-standard has-post-thumbnail hentry category-non-classifiee tag-112 tag-attribue tag-real-garant-versicherung-ag\">\n\t\t\t<div class=\"elementor-post__card\">\n\t\t\t\t<a class=\"elementor-post__thumbnail__link\" href=\"https:\/\/motorium-tuntenhausen.de\/fr\/real-garant\/\" ><div class=\"elementor-post__thumbnail\"><img loading=\"lazy\" width=\"768\" height=\"382\" src=\"https:\/\/motorium-tuntenhausen.de\/wp-content\/uploads\/2021\/08\/RealGarant.webp\" class=\"attachment-full size-full wp-image-2151\" alt=\"\" decoding=\"async\" srcset=\"https:\/\/motorium-tuntenhausen.de\/wp-content\/uploads\/2021\/08\/RealGarant.webp 768w, https:\/\/motorium-tuntenhausen.de\/wp-content\/uploads\/2021\/08\/RealGarant-300x149.webp 300w, https:\/\/motorium-tuntenhausen.de\/wp-content\/uploads\/2021\/08\/RealGarant-18x9.webp 18w\" sizes=\"(max-width: 768px) 100vw, 768px\" \/><\/div><\/a>\n\t\t\t\t<div class=\"elementor-post__badge\">2017<\/div>\n\t\t\t\t<div class=\"elementor-post__text\">\n\t\t\t\t<h3 class=\"elementor-post__title\">\n\t\t\t<a href=\"https:\/\/motorium-tuntenhausen.de\/fr\/real-garant\/\" >\n\t\t\t\tEncore une fois r\u00e9compens\u00e9 ! Une livraison de premi\u00e8re classe \u00e0 Mcan Cars\t\t\t<\/a>\n\t\t<\/h3>\n\t\t\t\t<div class=\"elementor-post__excerpt\">\n\t\t\t<p>Nous avons \u00e9t\u00e9 une nouvelle fois reconnus par la Real Garant Versicherung AG pour la qualit\u00e9 de livraison de nos voitures d&rsquo;occasion. Avant de vous remettre votre v\u00e9hicule achet\u00e9, notre personnel de service le v\u00e9rifiera \u00e0 nouveau de mani\u00e8re approfondie.&nbsp;Parce que tout le monde est plus heureux avec la nouvelle<\/p>\n\t\t<\/div>\n\t\t\t\t\t<a class=\"elementor-post__read-more\" href=\"https:\/\/motorium-tuntenhausen.de\/fr\/real-garant\/\" >\n\t\t\t\tLire la suite \u00bb\t\t\t<\/a>\n\t\t\t\t<\/div>\n\t\t\t\t\t<\/div>\n\t\t<\/article>\n\t\t\t\t<article class=\"elementor-post elementor-grid-item post-2146 post type-post status-publish format-standard has-post-thumbnail hentry category-non-classifiee tag-actualites-automobiles tag-tesla\">\n\t\t\t<div class=\"elementor-post__card\">\n\t\t\t\t<a class=\"elementor-post__thumbnail__link\" href=\"https:\/\/motorium-tuntenhausen.de\/fr\/new-tesla-model-y-suv\/\" ><div class=\"elementor-post__thumbnail\"><img loading=\"lazy\" width=\"768\" height=\"576\" src=\"https:\/\/motorium-tuntenhausen.de\/wp-content\/uploads\/2021\/08\/tesla.webp\" class=\"attachment-full size-full wp-image-2147\" alt=\"\" decoding=\"async\" srcset=\"https:\/\/motorium-tuntenhausen.de\/wp-content\/uploads\/2021\/08\/tesla.webp 768w, https:\/\/motorium-tuntenhausen.de\/wp-content\/uploads\/2021\/08\/tesla-300x225.webp 300w, https:\/\/motorium-tuntenhausen.de\/wp-content\/uploads\/2021\/08\/tesla-16x12.webp 16w\" sizes=\"(max-width: 768px) 100vw, 768px\" \/><\/div><\/a>\n\t\t\t\t<div class=\"elementor-post__badge\">Actualit\u00e9s automobiles<\/div>\n\t\t\t\t<div class=\"elementor-post__text\">\n\t\t\t\t<h3 class=\"elementor-post__title\">\n\t\t\t<a href=\"https:\/\/motorium-tuntenhausen.de\/fr\/new-tesla-model-y-suv\/\" >\n\t\t\t\tLe nouveau SUV Tesla Model Y arrivera en 2019\t\t\t<\/a>\n\t\t<\/h3>\n\t\t\t\t<div class=\"elementor-post__excerpt\">\n\t\t\t<p>L&rsquo;introduction de la nouvelle Tesla Model 3 marque le d\u00e9but d&rsquo;une nouvelle \u00e8re de voitures plus abordables de la soci\u00e9t\u00e9 culte de voitures \u00e9lectriques californienne. Le prochain sur la liste est un petit crossover appel\u00e9 Model Y, qui arrivera en 2019. Ce sera une \u00e9tape cruciale du deuxi\u00e8me \u00ab\u00a0plan directeur\u00a0\u00bb<\/p>\n\t\t<\/div>\n\t\t\t\t\t<a class=\"elementor-post__read-more\" href=\"https:\/\/motorium-tuntenhausen.de\/fr\/new-tesla-model-y-suv\/\" >\n\t\t\t\tLire la suite \u00bb\t\t\t<\/a>\n\t\t\t\t<\/div>\n\t\t\t\t\t<\/div>\n\t\t<\/article>\n\t\t\t\t<article class=\"elementor-post elementor-grid-item post-2143 post type-post status-publish format-standard has-post-thumbnail hentry category-non-classifiee tag-actualites-automobiles tag-vauxhall-insignia\">\n\t\t\t<div class=\"elementor-post__card\">\n\t\t\t\t<a class=\"elementor-post__thumbnail__link\" href=\"https:\/\/motorium-tuntenhausen.de\/fr\/flagship-vauxhall-monza-suv\/\" ><div class=\"elementor-post__thumbnail\"><img loading=\"lazy\" width=\"768\" height=\"512\" src=\"https:\/\/motorium-tuntenhausen.de\/wp-content\/uploads\/2021\/08\/Opel-Monza-Concept-12-768x512-1.webp\" class=\"attachment-full size-full wp-image-2144\" alt=\"\" decoding=\"async\" srcset=\"https:\/\/motorium-tuntenhausen.de\/wp-content\/uploads\/2021\/08\/Opel-Monza-Concept-12-768x512-1.webp 768w, https:\/\/motorium-tuntenhausen.de\/wp-content\/uploads\/2021\/08\/Opel-Monza-Concept-12-768x512-1-300x200.webp 300w, https:\/\/motorium-tuntenhausen.de\/wp-content\/uploads\/2021\/08\/Opel-Monza-Concept-12-768x512-1-18x12.webp 18w\" sizes=\"(max-width: 768px) 100vw, 768px\" \/><\/div><\/a>\n\t\t\t\t<div class=\"elementor-post__badge\">Actualit\u00e9s automobiles<\/div>\n\t\t\t\t<div class=\"elementor-post__text\">\n\t\t\t\t<h3 class=\"elementor-post__title\">\n\t\t\t<a href=\"https:\/\/motorium-tuntenhausen.de\/fr\/flagship-vauxhall-monza-suv\/\" >\n\t\t\t\tLe SUV Vauxhall Monza, navire amiral, sera mis en attente\t\t\t<\/a>\n\t\t<\/h3>\n\t\t\t\t<div class=\"elementor-post__excerpt\">\n\t\t\t<p>La reprise de PSA signifie que le SUV Vauxhall Monza, qui a le vent en poupe, est confront\u00e9 \u00e0 un avenir incertain Vauxhall et Opel ont entam\u00e9 un programme de 100 jours pour \u00e9laborer un plan d&rsquo;entreprise pour le nouveau propri\u00e9taire PSA (Peugeot et Citro\u00ebn) &#8211; mais un mod\u00e8le propos\u00e9<\/p>\n\t\t<\/div>\n\t\t\t\t\t<a class=\"elementor-post__read-more\" href=\"https:\/\/motorium-tuntenhausen.de\/fr\/flagship-vauxhall-monza-suv\/\" >\n\t\t\t\tLire la suite \u00bb\t\t\t<\/a>\n\t\t\t\t<\/div>\n\t\t\t\t\t<\/div>\n\t\t<\/article>\n\t\t\t\t<article class=\"elementor-post elementor-grid-item post-2138 post type-post status-publish format-standard has-post-thumbnail hentry category-non-classifiee tag-audi tag-voitures\">\n\t\t\t<div class=\"elementor-post__card\">\n\t\t\t\t<a class=\"elementor-post__thumbnail__link\" href=\"https:\/\/motorium-tuntenhausen.de\/fr\/all-new-audi-q7-specs-redesigned\/\" ><div class=\"elementor-post__thumbnail\"><img loading=\"lazy\" width=\"700\" height=\"467\" src=\"https:\/\/motorium-tuntenhausen.de\/wp-content\/uploads\/2021\/08\/audi-q7.webp\" class=\"attachment-full size-full wp-image-2139\" alt=\"\" decoding=\"async\" srcset=\"https:\/\/motorium-tuntenhausen.de\/wp-content\/uploads\/2021\/08\/audi-q7.webp 700w, https:\/\/motorium-tuntenhausen.de\/wp-content\/uploads\/2021\/08\/audi-q7-300x200.webp 300w, https:\/\/motorium-tuntenhausen.de\/wp-content\/uploads\/2021\/08\/audi-q7-18x12.webp 18w\" sizes=\"(max-width: 700px) 100vw, 700px\" \/><\/div><\/a>\n\t\t\t\t<div class=\"elementor-post__badge\">Audi<\/div>\n\t\t\t\t<div class=\"elementor-post__text\">\n\t\t\t\t<h3 class=\"elementor-post__title\">\n\t\t\t<a href=\"https:\/\/motorium-tuntenhausen.de\/fr\/all-new-audi-q7-specs-redesigned\/\" >\n\t\t\t\tToutes les nouvelles sp\u00e9cifications de l&rsquo;Audi Q7: redessin\u00e9e, spacieuse et plus l\u00e9g\u00e8re\t\t\t<\/a>\n\t\t<\/h3>\n\t\t\t\t<div class=\"elementor-post__excerpt\">\n\t\t\t<p>Mod\u00e8le phare de la gamme Audi Q, le Q7 apporte de nouveaux niveaux de luxe et de praticit\u00e9 \u00e0 la cat\u00e9gorie des grands SUV. Au sommet de la gamme Audi Q, le Q7 offre l&rsquo;espace, le luxe et la technologie que l&rsquo;on est en droit d&rsquo;attendre du l\u00e9gendaire vaisseau amiral<\/p>\n\t\t<\/div>\n\t\t\t\t\t<a class=\"elementor-post__read-more\" href=\"https:\/\/motorium-tuntenhausen.de\/fr\/all-new-audi-q7-specs-redesigned\/\" >\n\t\t\t\tLire la suite \u00bb\t\t\t<\/a>\n\t\t\t\t<\/div>\n\t\t\t\t\t<\/div>\n\t\t<\/article>\n\t\t\t\t<\/div>\n\n\n\t\t\n\t\t\t\t<div class=\"e-load-more-anchor\" data-page=\"1\" data-max-page=\"2\" data-next-page=\"https:\/\/motorium-tuntenhausen.de\/fr\/wp-json\/wp\/v2\/pages\/2097\/page\/2\/\"><\/div>\n\t\t\t\t<nav class=\"elementor-pagination\" role=\"navigation\" aria-label=\"Pagination\">\n\t\t\t<span class=\"page-numbers prev\">&laquo; Pr\u00e9c\u00e9dent<\/span>\n<span aria-current=\"page\" class=\"page-numbers current\"><span class=\"elementor-screen-only\">Page<\/span>1<\/span>\n<a class=\"page-numbers\" href=\"https:\/\/motorium-tuntenhausen.de\/fr\/wp-json\/wp\/v2\/pages\/2097\/page\/2\/\"><span class=\"elementor-screen-only\">Page<\/span>2<\/a>\n<a class=\"page-numbers next\" href=\"https:\/\/motorium-tuntenhausen.de\/fr\/wp-json\/wp\/v2\/pages\/2097\/page\/2\/\">Suivant &raquo;<\/a>\t\t<\/nav>\n\t\t\t\t<\/div>\n\t\t\t\t<\/div>\n\t\t\t\t\t<\/div>\n\t\t<\/div>\n\t\t\t\t\t<\/div>\n\t\t<\/section>\n\t\t\t\t<\/div>\n\t\t","protected":false},"excerpt":{"rendered":"<p>Blog Derni\u00e8res nouvelles de l&rsquo;entreprise<\/p>\n","protected":false},"author":1,"featured_media":0,"parent":0,"menu_order":0,"comment_status":"closed","ping_status":"closed","template":"elementor_header_footer","meta":[],"blocksy_meta":{"styles_descriptor":{"styles":{"desktop":"","tablet":"","mobile":""},"google_fonts":[]}},"_links":{"self":[{"href":"https:\/\/motorium-tuntenhausen.de\/fr\/wp-json\/wp\/v2\/pages\/2097"}],"collection":[{"href":"https:\/\/motorium-tuntenhausen.de\/fr\/wp-json\/wp\/v2\/pages"}],"about":[{"href":"https:\/\/motorium-tuntenhausen.de\/fr\/wp-json\/wp\/v2\/types\/page"}],"author":[{"embeddable":true,"href":"https:\/\/motorium-tuntenhausen.de\/fr\/wp-json\/wp\/v2\/users\/1"}],"replies":[{"embeddable":true,"href":"https:\/\/motorium-tuntenhausen.de\/fr\/wp-json\/wp\/v2\/comments?post=2097"}],"version-history":[{"count":13,"href":"https:\/\/motorium-tuntenhausen.de\/fr\/wp-json\/wp\/v2\/pages\/2097\/revisions"}],"predecessor-version":[{"id":2161,"href":"https:\/\/motorium-tuntenhausen.de\/fr\/wp-json\/wp\/v2\/pages\/2097\/revisions\/2161"}],"wp:attachment":[{"href":"https:\/\/motorium-tuntenhausen.de\/fr\/wp-json\/wp\/v2\/media?parent=2097"}],"curies":[{"name":"wp","href":"https:\/\/api.w.org\/{rel}","templated":true}]}}