{"id":676,"date":"2021-07-10T19:14:02","date_gmt":"2021-07-10T19:14:02","guid":{"rendered":"https:\/\/www.paf-cars.com\/?page_id=676"},"modified":"2025-02-25T10:48:25","modified_gmt":"2025-02-25T10:48:25","slug":"legal-notices","status":"publish","type":"page","link":"https:\/\/motorium-tuntenhausen.de\/es\/legal-notices\/","title":{"rendered":"Informaci\u00f3n legal"},"content":{"rendered":"<div data-elementor-type=\"wp-page\" data-elementor-id=\"676\" class=\"elementor elementor-676\">\n\t\t\t\t\t\t<section class=\"ob-is-breaking-bad elementor-section elementor-top-section elementor-element elementor-element-7d1bc89 elementor-section-boxed elementor-section-height-default elementor-section-height-default\" data-id=\"7d1bc89\" data-element_type=\"section\" data-settings=\"{&quot;background_background&quot;:&quot;classic&quot;,&quot;_ob_bbad_use_it&quot;:&quot;yes&quot;,&quot;_ob_bbad_sssic_use&quot;:&quot;no&quot;,&quot;_ob_glider_is_slider&quot;:&quot;no&quot;}\">\n\t\t\t\t\t\t<div class=\"elementor-container elementor-column-gap-default\">\n\t\t\t\t\t<div class=\"elementor-column elementor-col-50 elementor-top-column elementor-element elementor-element-0ad8905\" data-id=\"0ad8905\" data-element_type=\"column\" data-settings=\"{&quot;_ob_bbad_is_stalker&quot;:&quot;no&quot;,&quot;_ob_teleporter_use&quot;:false,&quot;_ob_column_hoveranimator&quot;:&quot;no&quot;,&quot;_ob_column_has_pseudo&quot;:&quot;no&quot;}\">\n\t\t\t<div class=\"elementor-widget-wrap elementor-element-populated\">\n\t\t\t\t\t\t<div class=\"elementor-element elementor-element-562b844 ob-harakiri-inherit ob-has-background-overlay elementor-widget elementor-widget-heading\" data-id=\"562b844\" data-element_type=\"widget\" data-settings=\"{&quot;_ob_use_harakiri&quot;:&quot;yes&quot;,&quot;_ob_harakiri_writing_mode&quot;:&quot;inherit&quot;,&quot;_ob_harakiri_text_clip&quot;:&quot;none&quot;,&quot;_ob_perspektive_use&quot;:&quot;no&quot;,&quot;_ob_poopart_use&quot;:&quot;yes&quot;,&quot;_ob_shadough_use&quot;:&quot;no&quot;,&quot;_ob_allow_hoveranimator&quot;:&quot;no&quot;,&quot;_ob_widget_stalker_use&quot;:&quot;no&quot;}\" data-widget_type=\"heading.default\">\n\t\t\t\t<div class=\"elementor-widget-container\">\n\t\t\t<h2 class=\"elementor-heading-title elementor-size-default\">Informaci\u00f3n legal<\/h2>\t\t<\/div>\n\t\t\t\t<\/div>\n\t\t\t\t\t<\/div>\n\t\t<\/div>\n\t\t\t\t<div class=\"elementor-column elementor-col-50 elementor-top-column elementor-element elementor-element-8e85e9a\" data-id=\"8e85e9a\" data-element_type=\"column\" data-settings=\"{&quot;_ob_bbad_is_stalker&quot;:&quot;no&quot;,&quot;_ob_teleporter_use&quot;:false,&quot;_ob_column_hoveranimator&quot;:&quot;no&quot;,&quot;_ob_column_has_pseudo&quot;:&quot;no&quot;}\">\n\t\t\t<div class=\"elementor-widget-wrap elementor-element-populated\">\n\t\t\t\t\t\t<div class=\"elementor-element elementor-element-a139ecf ob-harakiri-inherit ob-has-background-overlay elementor-widget elementor-widget-heading\" data-id=\"a139ecf\" data-element_type=\"widget\" data-settings=\"{&quot;_ob_use_harakiri&quot;:&quot;yes&quot;,&quot;_ob_harakiri_writing_mode&quot;:&quot;inherit&quot;,&quot;_ob_harakiri_text_clip&quot;:&quot;none&quot;,&quot;_ob_perspektive_use&quot;:&quot;no&quot;,&quot;_ob_poopart_use&quot;:&quot;yes&quot;,&quot;_ob_shadough_use&quot;:&quot;no&quot;,&quot;_ob_allow_hoveranimator&quot;:&quot;no&quot;,&quot;_ob_widget_stalker_use&quot;:&quot;no&quot;}\" data-widget_type=\"heading.default\">\n\t\t\t\t<div class=\"elementor-widget-container\">\n\t\t\t<h2 class=\"elementor-heading-title elementor-size-default\">Datos de la empresa<\/h2>\t\t<\/div>\n\t\t\t\t<\/div>\n\t\t\t\t\t<\/div>\n\t\t<\/div>\n\t\t\t\t\t<\/div>\n\t\t<\/section>\n\t\t\t\t<section class=\"ob-is-breaking-bad elementor-section elementor-top-section elementor-element elementor-element-68f8462 elementor-section-boxed elementor-section-height-default elementor-section-height-default\" data-id=\"68f8462\" data-element_type=\"section\" data-settings=\"{&quot;_ob_bbad_use_it&quot;:&quot;yes&quot;,&quot;_ob_bbad_sssic_use&quot;:&quot;no&quot;,&quot;_ob_glider_is_slider&quot;:&quot;no&quot;}\">\n\t\t\t\t\t\t<div class=\"elementor-container elementor-column-gap-default\">\n\t\t\t\t\t<div class=\"elementor-column elementor-col-100 elementor-top-column elementor-element elementor-element-8cb23a7\" data-id=\"8cb23a7\" data-element_type=\"column\" data-settings=\"{&quot;_ob_bbad_is_stalker&quot;:&quot;no&quot;,&quot;_ob_teleporter_use&quot;:false,&quot;_ob_column_hoveranimator&quot;:&quot;no&quot;,&quot;_ob_column_has_pseudo&quot;:&quot;no&quot;}\">\n\t\t\t<div class=\"elementor-widget-wrap elementor-element-populated\">\n\t\t\t\t\t\t<div class=\"elementor-element elementor-element-ecaf2c1 ob-harakiri-inherit ob-has-background-overlay elementor-widget elementor-widget-text-editor\" data-id=\"ecaf2c1\" data-element_type=\"widget\" data-settings=\"{&quot;_ob_use_harakiri&quot;:&quot;yes&quot;,&quot;_ob_harakiri_writing_mode&quot;:&quot;inherit&quot;,&quot;_ob_postman_use&quot;:&quot;no&quot;,&quot;_ob_perspektive_use&quot;:&quot;no&quot;,&quot;_ob_poopart_use&quot;:&quot;yes&quot;,&quot;_ob_shadough_use&quot;:&quot;no&quot;,&quot;_ob_allow_hoveranimator&quot;:&quot;no&quot;,&quot;_ob_widget_stalker_use&quot;:&quot;no&quot;}\" data-widget_type=\"text-editor.default\">\n\t\t\t\t<div class=\"elementor-widget-container\">\n\t\t\t\t\t\t\t<div class=\"vc_row wpb_row vc_row-fluid\">\n<div class=\"wpb_column vc_column_container vc_col-sm-12\">\n<div class=\"vc_column-inner\">\n<div class=\"wpb_wrapper\">\n<div class=\"wpb_text_column wpb_content_element\">\n<div class=\"wpb_wrapper\">\n<div class=\"article clearfix\">\n<p><strong>Mcan Cars&nbsp;<br>\n<\/strong><strong>Direcci\u00f3n<\/strong> : Schachtstr 29 45739 Oer-Erkenschwick, Allemagne<br>\n<strong>N\u00famero de registro<\/strong>t: HRB 18517<br>\n<strong>CEO<\/strong> : Mcan CEVIK<\/p>\n<p><strong>Env\u00ede un correo electr\u00f3nico a<\/strong> : <a href=\"mailto:info@motorium-tuntenhausen.de\">info@motorium-tuntenhausen.de<\/a><br>\n<strong>P\u00e1gina web<\/strong> : <a href=\"https:\/\/motorium-tuntenhausen.de\/es\/\">motorium-tuntenhausen.de<\/a><\/p>\n<h5>Responsabilidad del contenido<\/h5>\n<p>El contenido de nuestras p\u00e1ginas se ha creado con el m\u00e1ximo cuidado. Sin embargo, no podemos aceptar ninguna responsabilidad por la exactitud, integridad y actualidad del contenido. Como proveedor de servicios, somos responsables de acuerdo con el \u00a7 6 Abs.1 MDStV y el \u00a7 8 Abs.1 TDG de nuestro propio contenido en estas p\u00e1ginas de acuerdo con las leyes generales. Sin embargo, los proveedores de servicios no est\u00e1n obligados a controlar la informaci\u00f3n de terceros que transmiten o almacenan, ni a investigar circunstancias que indiquen una actividad ilegal. Las obligaciones de eliminar o bloquear el uso de la informaci\u00f3n seg\u00fan la legislaci\u00f3n general no se ven afectadas. Sin embargo, la responsabilidad a este respecto s\u00f3lo es posible a partir de la fecha de conocimiento de una infracci\u00f3n concreta.<\/p>\n<h5>Copyright<\/h5>\n<p>Los operadores de las p\u00e1ginas se esfuerzan siempre por respetar los derechos de autor de otros o por utilizar sus propias obras sin licencia. Los contenidos y obras de estas p\u00e1ginas creados por los operadores del sitio est\u00e1n sujetos a la legislaci\u00f3n alemana sobre derechos de autor. Las contribuciones de terceros est\u00e1n marcadas como tales. La reproducci\u00f3n, el procesamiento, la distribuci\u00f3n y cualquier forma de explotaci\u00f3n fuera de los l\u00edmites de la ley de derechos de autor requieren el consentimiento por escrito del respectivo autor o creador. Las descargas y copias de este sitio web s\u00f3lo est\u00e1n permitidas para uso privado y no comercial.<\/p>\n<h5>Responsabilidad de los enlaces<\/h5>\n<p>Nuestra oferta contiene enlaces a p\u00e1ginas web externas de terceros sobre cuyo contenido no tenemos ninguna influencia. Por lo tanto, no podemos asumir ninguna responsabilidad por estos contenidos externos. El proveedor u operador de las p\u00e1ginas es siempre responsable del contenido de las p\u00e1ginas enlazadas. Las p\u00e1ginas enlazadas fueron revisadas para detectar posibles infracciones legales en el momento de enlazarlas. Los contenidos ilegales no eran reconocibles en el momento de la vinculaci\u00f3n. Sin embargo, un control permanente de los contenidos de las p\u00e1ginas enlazadas no es razonable sin pruebas concretas de una infracci\u00f3n. Si tenemos conocimiento de alguna infracci\u00f3n, eliminaremos inmediatamente dichos enlaces.<\/p>\n<h5>Protecci\u00f3n de datos<\/h5>\n<p>En la medida en que se recojan datos personales (por ejemplo, nombre, direcci\u00f3n o direcciones de correo electr\u00f3nico) en nuestras p\u00e1ginas, se har\u00e1, en la medida de lo posible, de forma voluntaria. En la medida de lo posible, el uso de las ofertas y los servicios siempre es posible sin proporcionar datos personales. Se excluye expresamente el uso por parte de terceros de los datos de contacto publicados en el marco de la obligaci\u00f3n de aviso legal para el env\u00edo de publicidad y material informativo no solicitado. Los operadores de las p\u00e1ginas se reservan expresamente el derecho a emprender acciones legales en caso de env\u00edo no solicitado de informaci\u00f3n publicitaria, como el spam.<\/p>\n<\/div>\n<\/div>\n<\/div>\n<\/div>\n<\/div>\n<\/div>\n<\/div>\t\t\t\t\t\t<\/div>\n\t\t\t\t<\/div>\n\t\t\t\t\t<\/div>\n\t\t<\/div>\n\t\t\t\t\t<\/div>\n\t\t<\/section>\n\t\t\t\t<\/div>","protected":false},"excerpt":{"rendered":"<p>Donn\u00e9es de l&rsquo;entreprise Mcan Cars&nbsp; Adresse : Schachtstr 29 45739 Oer-Erkenschwick, Allemagne Num\u00e9ro d&rsquo;enregistrement : HRB 18517 PDG : Mcan CEVIK Courriel : info@motorium-tuntenhausen.de Site web : motorium-tuntenhausen.de Responsabilit\u00e9 du contenu Les contenus de nos pages ont \u00e9t\u00e9 cr\u00e9\u00e9s avec le plus grand soin. Cependant, nous ne pouvons assumer aucune responsabilit\u00e9 quant \u00e0 l&rsquo;exactitude, l&rsquo;exhaustivit\u00e9 [&hellip;]<\/p>","protected":false},"author":1,"featured_media":0,"parent":0,"menu_order":0,"comment_status":"closed","ping_status":"closed","template":"elementor_header_footer","meta":[],"blocksy_meta":{"styles_descriptor":{"styles":{"desktop":"","tablet":"","mobile":""},"google_fonts":[]}},"_links":{"self":[{"href":"https:\/\/motorium-tuntenhausen.de\/es\/wp-json\/wp\/v2\/pages\/676"}],"collection":[{"href":"https:\/\/motorium-tuntenhausen.de\/es\/wp-json\/wp\/v2\/pages"}],"about":[{"href":"https:\/\/motorium-tuntenhausen.de\/es\/wp-json\/wp\/v2\/types\/page"}],"author":[{"embeddable":true,"href":"https:\/\/motorium-tuntenhausen.de\/es\/wp-json\/wp\/v2\/users\/1"}],"replies":[{"embeddable":true,"href":"https:\/\/motorium-tuntenhausen.de\/es\/wp-json\/wp\/v2\/comments?post=676"}],"version-history":[{"count":43,"href":"https:\/\/motorium-tuntenhausen.de\/es\/wp-json\/wp\/v2\/pages\/676\/revisions"}],"predecessor-version":[{"id":8849,"href":"https:\/\/motorium-tuntenhausen.de\/es\/wp-json\/wp\/v2\/pages\/676\/revisions\/8849"}],"wp:attachment":[{"href":"https:\/\/motorium-tuntenhausen.de\/es\/wp-json\/wp\/v2\/media?parent=676"}],"curies":[{"name":"wp","href":"https:\/\/api.w.org\/{rel}","templated":true}]}}