{"id":673,"date":"2021-07-10T19:12:04","date_gmt":"2021-07-10T19:12:04","guid":{"rendered":"https:\/\/www.paf-cars.com\/?page_id=673"},"modified":"2024-07-09T02:07:15","modified_gmt":"2024-07-09T02:07:15","slug":"terms-of-use","status":"publish","type":"page","link":"https:\/\/motorium-tuntenhausen.de\/es\/terms-of-use\/","title":{"rendered":"Condiciones de uso"},"content":{"rendered":"<div data-elementor-type=\"wp-page\" data-elementor-id=\"673\" class=\"elementor elementor-673\">\n\t\t\t\t\t\t<section class=\"ob-is-breaking-bad elementor-section elementor-top-section elementor-element elementor-element-53c384a elementor-section-boxed elementor-section-height-default elementor-section-height-default\" data-id=\"53c384a\" data-element_type=\"section\" data-settings=\"{&quot;background_background&quot;:&quot;classic&quot;,&quot;_ob_bbad_use_it&quot;:&quot;yes&quot;,&quot;_ob_bbad_sssic_use&quot;:&quot;no&quot;,&quot;_ob_glider_is_slider&quot;:&quot;no&quot;}\">\n\t\t\t\t\t\t<div class=\"elementor-container elementor-column-gap-default\">\n\t\t\t\t\t<div class=\"elementor-column elementor-col-50 elementor-top-column elementor-element elementor-element-f816b1c\" data-id=\"f816b1c\" data-element_type=\"column\" data-settings=\"{&quot;_ob_bbad_is_stalker&quot;:&quot;no&quot;,&quot;_ob_teleporter_use&quot;:false,&quot;_ob_column_hoveranimator&quot;:&quot;no&quot;,&quot;_ob_column_has_pseudo&quot;:&quot;no&quot;}\">\n\t\t\t<div class=\"elementor-widget-wrap elementor-element-populated\">\n\t\t\t\t\t\t<div class=\"elementor-element elementor-element-edb3ee8 ob-harakiri-inherit ob-has-background-overlay elementor-widget elementor-widget-heading\" data-id=\"edb3ee8\" data-element_type=\"widget\" data-settings=\"{&quot;_ob_use_harakiri&quot;:&quot;yes&quot;,&quot;_ob_harakiri_writing_mode&quot;:&quot;inherit&quot;,&quot;_ob_harakiri_text_clip&quot;:&quot;none&quot;,&quot;_ob_perspektive_use&quot;:&quot;no&quot;,&quot;_ob_poopart_use&quot;:&quot;yes&quot;,&quot;_ob_shadough_use&quot;:&quot;no&quot;,&quot;_ob_allow_hoveranimator&quot;:&quot;no&quot;,&quot;_ob_widget_stalker_use&quot;:&quot;no&quot;}\" data-widget_type=\"heading.default\">\n\t\t\t\t<div class=\"elementor-widget-container\">\n\t\t\t<h2 class=\"elementor-heading-title elementor-size-default\">Condiciones de uso<\/h2>\t\t<\/div>\n\t\t\t\t<\/div>\n\t\t\t\t\t<\/div>\n\t\t<\/div>\n\t\t\t\t<div class=\"elementor-column elementor-col-50 elementor-top-column elementor-element elementor-element-773448c\" data-id=\"773448c\" data-element_type=\"column\" data-settings=\"{&quot;_ob_bbad_is_stalker&quot;:&quot;no&quot;,&quot;_ob_teleporter_use&quot;:false,&quot;_ob_column_hoveranimator&quot;:&quot;no&quot;,&quot;_ob_column_has_pseudo&quot;:&quot;no&quot;}\">\n\t\t\t<div class=\"elementor-widget-wrap elementor-element-populated\">\n\t\t\t\t\t\t<div class=\"elementor-element elementor-element-cdb674a ob-harakiri-inherit ob-has-background-overlay elementor-widget elementor-widget-heading\" data-id=\"cdb674a\" data-element_type=\"widget\" data-settings=\"{&quot;_ob_use_harakiri&quot;:&quot;yes&quot;,&quot;_ob_harakiri_writing_mode&quot;:&quot;inherit&quot;,&quot;_ob_harakiri_text_clip&quot;:&quot;none&quot;,&quot;_ob_perspektive_use&quot;:&quot;no&quot;,&quot;_ob_poopart_use&quot;:&quot;yes&quot;,&quot;_ob_shadough_use&quot;:&quot;no&quot;,&quot;_ob_allow_hoveranimator&quot;:&quot;no&quot;,&quot;_ob_widget_stalker_use&quot;:&quot;no&quot;}\" data-widget_type=\"heading.default\">\n\t\t\t\t<div class=\"elementor-widget-container\">\n\t\t\t<h2 class=\"elementor-heading-title elementor-size-default\">Condiciones de venta, comercio y entrega<\/h2>\t\t<\/div>\n\t\t\t\t<\/div>\n\t\t\t\t\t<\/div>\n\t\t<\/div>\n\t\t\t\t\t<\/div>\n\t\t<\/section>\n\t\t\t\t<section class=\"ob-is-breaking-bad elementor-section elementor-top-section elementor-element elementor-element-c533926 elementor-section-boxed elementor-section-height-default elementor-section-height-default\" data-id=\"c533926\" data-element_type=\"section\" data-settings=\"{&quot;_ob_bbad_use_it&quot;:&quot;yes&quot;,&quot;_ob_bbad_sssic_use&quot;:&quot;no&quot;,&quot;_ob_glider_is_slider&quot;:&quot;no&quot;}\">\n\t\t\t\t\t\t<div class=\"elementor-container elementor-column-gap-default\">\n\t\t\t\t\t<div class=\"elementor-column elementor-col-100 elementor-top-column elementor-element elementor-element-12c56a2\" data-id=\"12c56a2\" data-element_type=\"column\" data-settings=\"{&quot;_ob_bbad_is_stalker&quot;:&quot;no&quot;,&quot;_ob_teleporter_use&quot;:false,&quot;_ob_column_hoveranimator&quot;:&quot;no&quot;,&quot;_ob_column_has_pseudo&quot;:&quot;no&quot;}\">\n\t\t\t<div class=\"elementor-widget-wrap elementor-element-populated\">\n\t\t\t\t\t\t<div class=\"elementor-element elementor-element-c545fbc ob-harakiri-inherit ob-has-background-overlay elementor-widget elementor-widget-text-editor\" data-id=\"c545fbc\" data-element_type=\"widget\" data-settings=\"{&quot;_ob_use_harakiri&quot;:&quot;yes&quot;,&quot;_ob_harakiri_writing_mode&quot;:&quot;inherit&quot;,&quot;_ob_postman_use&quot;:&quot;no&quot;,&quot;_ob_perspektive_use&quot;:&quot;no&quot;,&quot;_ob_poopart_use&quot;:&quot;yes&quot;,&quot;_ob_shadough_use&quot;:&quot;no&quot;,&quot;_ob_allow_hoveranimator&quot;:&quot;no&quot;,&quot;_ob_widget_stalker_use&quot;:&quot;no&quot;}\" data-widget_type=\"text-editor.default\">\n\t\t\t\t<div class=\"elementor-widget-container\">\n\t\t\t\t\t\t\t<div class=\"vc_row wpb_row vc_row-fluid\"><div class=\"wpb_column vc_column_container vc_col-sm-12\"><div class=\"vc_column-inner\"><div class=\"wpb_wrapper\"><div class=\"wpb_text_column wpb_content_element\"><div class=\"wpb_wrapper\"><div class=\"article clearfix\"><p><strong>I. General<\/strong><\/p><p>1. Todos los contratos celebrados con nosotros se basan en las siguientes condiciones.<\/p><p>Constituyen una parte jur\u00eddicamente vinculante del contrato para toda la relaci\u00f3n comercial y son reconocidos como vinculantes por el comprador en el momento de realizar el pedido. No se han respetado los acuerdos verbales de garant\u00eda. Si el comprador es un empresario, las condiciones divergentes, los acuerdos subsidiarios y los cambios en su eficacia requieren en cada caso nuestra confirmaci\u00f3n expresa por escrito.<\/p><p>2. Si algunas de las siguientes condiciones se consideran ineficaces, esto no afecta a la validez del resto de los acuerdos. Si las condiciones se refieren al contratista, se incluye al mismo tiempo la persona jur\u00eddica de derecho p\u00fablico o el fondo especial de derecho p\u00fablico.<\/p><p>3. El lugar de cumplimiento y -en la medida en que el comprador sea un empresario- el lugar de jurisdicci\u00f3n exclusiva para todas las reclamaciones actuales y futuras derivadas de las condiciones generales de contrataci\u00f3n, incluidas las reclamaciones derivadas del miedo y las letras de cambio, son admisibles para ambas partes para todas las responsabilidades. Se aplica la legislaci\u00f3n alemana.<\/p><p>\u00a0<\/p><\/div><\/div><\/div><\/div><\/div><\/div><\/div><div class=\"vc_row wpb_row vc_row-fluid\"><div class=\"wpb_column vc_column_container vc_col-sm-12\"><div class=\"vc_column-inner\"><div class=\"wpb_wrapper\"><div class=\"wpb_text_column wpb_content_element\"><div class=\"wpb_wrapper\"><p><strong>II. Oferta y celebraci\u00f3n del contrato<\/strong><\/p><p>1. Nuestras ofertas son siempre sin compromiso. Las referencias a la informaci\u00f3n y las ilustraciones de los cat\u00e1logos y las listas de precios son meramente indicativas y no nos obligan a suministrarlas de forma fiel o justa. El car\u00e1cter comercial y estandarizado de las mercanc\u00edas es esencial. Si el comprador no es un consumidor, la asunci\u00f3n de la garant\u00eda requiere nuestra confirmaci\u00f3n por escrito para que sea efectiva.<\/p><p>Las declaraciones p\u00fablicas realizadas por otros fabricantes sobre la naturaleza de un art\u00edculo adquirido no son vinculantes para nosotros ante un comprador que no sea un consumidor, a menos que hayamos confirmado esta informaci\u00f3n por escrito. En el caso de la compra de productos de marca, las \"Condiciones adicionales para la venta de productos de marca\" de los fabricantes en cuesti\u00f3n forman parte de estas Condiciones de entrega y pago.<\/p><p>2. Los precios deben recogerse en euros en el almac\u00e9n o en la f\u00e1brica. Todas las cotizaciones est\u00e1n sujetas a cambios. En el caso de los env\u00edos realizados por nosotros, cobramos una tasa de gesti\u00f3n o administraci\u00f3n prorrateada. Para las entregas nocturnas y expr\u00e9s, cobramos seg\u00fan las tarifas de zona y peso que hemos desarrollado. Los precios v\u00e1lidos en el d\u00eda de la entrega, m\u00e1s el impuesto sobre el valor a\u00f1adido vigente en ese momento, son siempre determinantes.<\/p><p>3. Si, tras la celebraci\u00f3n del contrato, se conocen circunstancias que reducen la solvencia del comprador, tendremos derecho a suspender otras entregas, a exigir una garant\u00eda fijando un plazo y a exigir pagos por adelantado, as\u00ed como a rescindir el contrato total o parcialmente tras la expiraci\u00f3n de dicho plazo.<\/p><p>4. Los costes de embalaje no est\u00e1n incluidos en el precio. Los envases se calculan como baratos y se recuperan en el marco de las disposiciones legales. Si el envase se devuelve al almac\u00e9n del usuario en el plazo de un mes utilizando los s\u00edmbolos antiguos, se abonar\u00e1n 2\/3 del valor calculado, a reserva de otros acuerdos.<\/p><p>\u00a0<\/p><\/div><\/div><\/div><\/div><\/div><\/div><div class=\"vc_row wpb_row vc_row-fluid\"><div class=\"wpb_column vc_column_container vc_col-sm-12\"><div class=\"vc_column-inner\"><div class=\"wpb_wrapper\"><div class=\"wpb_text_column wpb_content_element\"><div class=\"wpb_wrapper\"><p><strong>III. Entrega, retraso en la entrega y aceptaci\u00f3n<\/strong><\/p><p>1. Los plazos de entrega no son vinculantes, salvo que se acuerde lo contrario por escrito.<\/p><p>Las entregas parciales son fiables. Circunstancias especiales, por ejemplo, fuerza mayor, huelga, etc., prolongan razonablemente el plazo de entrega y nos autorizan a rescindir el contrato total o parcialmente, siempre que el comprador sea un empresario. Si estas perturbaciones provocan un retraso de m\u00e1s de 4 meses, el comprador podr\u00e1 rescindir el contrato. Los dem\u00e1s derechos de desistimiento no se ven afectados. Las reclamaciones por da\u00f1os y perjuicios se regulan en la secci\u00f3n V.4.<\/p><p>2. El comprador no podr\u00e1 retrasarnos como muy pronto despu\u00e9s de la expiraci\u00f3n de la fecha de entrega acordada. Para poder rescatar el contrato o reclamar una indemnizaci\u00f3n por da\u00f1os y perjuicios, el contratista tambi\u00e9n debe fijarnos un plazo razonable para el cumplimiento suplementario.<\/p><p>3. El riesgo de p\u00e9rdida o deterioro de las mercanc\u00edas encargadas por un contratista se transmitir\u00e1 al cliente en el momento del env\u00edo, incluso si se realizan entregas parciales o si se han acordado entregas a portes pagados. El seguro s\u00f3lo es posible bajo petici\u00f3n expresa y corre a cargo del comprador. La elecci\u00f3n del medio de transporte se realiza en ausencia de instrucciones especiales por nuestra parte, sin garantizar el env\u00edo m\u00e1s barato y r\u00e1pido. El incumplimiento de los plazos de entrega no exime al contratante de la obligaci\u00f3n de aceptaci\u00f3n. Las reclamaciones por da\u00f1os y perjuicios se regulan en la secci\u00f3n V.4.<\/p><p>4. Si presentamos da\u00f1os y perjuicios por la negativa injustificada a aceptar la mercanc\u00eda por parte del tonelero, \u00e9stos ascender\u00e1n a 15 % del respectivo precio de compra. El importe de los da\u00f1os ser\u00e1 mayor o menor si nosotros probamos un da\u00f1o mayor o el comprador un da\u00f1o menor.<\/p><p>5. En el caso de los art\u00edculos a medida, se reserva un exceso o defecto de entrega de 10 % de la cantidad pedida.<\/p><p>\u00a0<\/p><\/div><\/div><\/div><\/div><\/div><\/div><div class=\"vc_row wpb_row vc_row-fluid\"><div class=\"wpb_column vc_column_container vc_col-sm-12\"><div class=\"vc_column-inner\"><div class=\"wpb_wrapper\"><div class=\"wpb_text_column wpb_content_element\"><div class=\"wpb_wrapper\"><p><strong>IV. Pago, impago y compensaci\u00f3n<\/strong><\/p><p>1. El pago debe realizarse en un plazo de 30 d\u00edas a partir de la fecha de la factura, sin deducciones.<\/p><p>El pago debe efectuarse dentro del plazo previsto, de modo que el importe necesario para liquidar la factura est\u00e9 disponible a m\u00e1s tardar en la fecha de vencimiento. Si se ha acordado el pago por domiciliaci\u00f3n bancaria con el comprador, \u00e9ste nos autoriza a cargar todos los importes de la factura en los datos de la cuenta especificada. Al mismo tiempo, la entidad de cr\u00e9dito del comprador estar\u00e1 obligada a informarnos a nosotros o a un tercero autorizado por nosotros de cualquier impago de la domiciliaci\u00f3n bancaria o de cualquier objeci\u00f3n a la misma, previa solicitud, del nombre y la direcci\u00f3n del comprador, para que podamos hacer valer nuestros derechos. S\u00f3lo se aceptan giros postales, cheques y letras de cambio como pago de todos los gastos de cobro y descuento.<\/p><p>2. Los representantes u otros empleados no est\u00e1n autorizados a cobrar comisiones. Los pagos efectuados a estas personas no eximen al usuario de sus obligaciones de pago, a menos que tenga un poder para recibir los pagos.<\/p><p>3. Si se han acordado pagos parciales, la totalidad de la deuda restante -independientemente de la fecha de vencimiento de los efectos- ser\u00e1 inmediatamente exigible si :<\/p><p>a) el comprador no es un contratista, al menos dos plazos consecutivos est\u00e1n parcial o totalmente en mora y el importe de su mora es de al menos 1\/10 del precio de compra.<\/p><p>b) el comprador, que es un empresario, se ha retrasado 14 d\u00edas en sus pagos, ha dejado de pagar o se ha sometido a un procedimiento de insolvencia sobre sus bienes.<\/p><p>4. Si el comprador se retrasa en el pago, tendremos derecho a pagar todas las facturas pendientes de la relaci\u00f3n comercial con una cancelaci\u00f3n de los vencimientos acordados con un plazo de pago de 10 d\u00edas.<\/p><p>5. En relaci\u00f3n con las reclamaciones del precio de compra, la compensaci\u00f3n s\u00f3lo se permite con las reclamaciones indiscutibles o legalmente establecidas que se deban. Queda excluida la afirmaci\u00f3n de los derechos de retenci\u00f3n y otros derechos de negaci\u00f3n del cumplimiento, a menos que se deriven de la misma relaci\u00f3n contractual.<\/p><p>\u00a0<\/p><\/div><\/div><\/div><\/div><\/div><\/div><div class=\"vc_row wpb_row vc_row-fluid\"><div class=\"wpb_column vc_column_container vc_col-sm-12\"><div class=\"vc_column-inner\"><div class=\"wpb_wrapper\"><div class=\"wpb_text_column wpb_content_element\"><div class=\"wpb_wrapper\"><p><strong>V. Garant\u00eda y responsabilidad<\/strong><\/p><p>1. Despu\u00e9s de la recogida o la entrega, todas las mercanc\u00edas deben ser r\u00e1pidamente comprobado para la exactitud, la integridad y la condici\u00f3n y los defectos en nosotros, el comprador no es un consumidor dentro de 2 d\u00edas - pantalla. El requisito previo es que los bienes hayan sido debidamente reconocidos. Los defectos ocultos deben notificarse en el plazo de una semana tras su descubrimiento. Si se producen otros defectos o da\u00f1os debido a la omisi\u00f3n de esta indicaci\u00f3n, la garant\u00eda queda excluida. La garant\u00eda queda excluida para los art\u00edculos de segunda mano.<\/p><p>2. Los da\u00f1os o la falta de transporte deben ser mencionados en el conocimiento de embarque por el ferrocarril, o bien por el conductor y las personas que intervienen en la descarga, indicando sus nombres y direcciones.<\/p><p>3. Nosotros determinaremos si hay un defecto, si entregamos o reparamos, a menos que el comprador sea un consumidor. En caso de cumplimiento posterior a favor de un comprador que no incurra en dichos gastos, se entender\u00e1 que el objeto a reparar fue llevado a un lugar distinto del domicilio del comprador, a menos que esto corresponda al uso previsto del objeto. El periodo de garant\u00eda para el comprador, que no es consumidor, es de un a\u00f1o a partir de la entrega del art\u00edculo. Si la entrega del objeto de entrega en el establecimiento comercial es necesaria para verificar la defectuosidad, la entrega posterior est\u00e1 sujeta a la condici\u00f3n de que la defectuosidad del objeto de entrega sea confirmada por el proveedor.<\/p><p>4. El comprador no puede reclamar da\u00f1os y perjuicios en lugar del cumplimiento. Seremos responsables en caso de negligencia simple por los da\u00f1os personales y por los da\u00f1os t\u00edpicos y previsibles resultantes de la violaci\u00f3n de las obligaciones contractuales esenciales. Adem\u00e1s, la responsabilidad se limita a los da\u00f1os materiales causados por negligencia grave o dolo. En la medida en que el da\u00f1o est\u00e9 cubierto por un seguro (a excepci\u00f3n del seguro de suma) contratado por el comprador para el siniestro en cuesti\u00f3n, s\u00f3lo seremos responsables de las desventajas asociadas al vendedor, por ejemplo, mayores primas de seguro o desventajas de intereses, hasta que la compa\u00f1\u00eda de seguros liquide el siniestro.<\/p><p>5. El albar\u00e1n debe adjuntarse a cualquier registro o devoluci\u00f3n. Los gastos derivados de una reclamaci\u00f3n injustificada por defectos correr\u00e1n a cargo del comprador.<\/p><p>\u00a0<\/p><\/div><\/div><\/div><\/div><\/div><\/div><div class=\"vc_row wpb_row vc_row-fluid\"><div class=\"wpb_column vc_column_container vc_col-sm-12\"><div class=\"vc_column-inner\"><div class=\"wpb_wrapper\"><div class=\"wpb_text_column wpb_content_element\"><div class=\"wpb_wrapper\"><p><strong>VI. Reserva de propiedad<\/strong><\/p><p>1. Nos reservamos la propiedad de los art\u00edculos entregados hasta que se hayan recibido todos los pagos del respectivo contrato de entrega. Si el comprador es un empresario, la reserva de propiedad tambi\u00e9n se aplicar\u00e1 a las reclamaciones (incluidas todas las reclamaciones de saldos de cuentas corrientes, as\u00ed como las facturas pendientes), que tenemos de la relaci\u00f3n comercial actual con el comprador. Los bienes a los que se tiene derecho de (co)propiedad se denominan en lo sucesivo bienes sujetos a reserva de dominio.<\/p><p>2. La conexi\u00f3n, el tratamiento, la transformaci\u00f3n y otros de los art\u00edculos entregados se realizan siempre para nosotros como fabricante, pero sin obligaci\u00f3n para nosotros. El comprador recibe un derecho de espera por el importe de nuestra participaci\u00f3n en la propiedad reservada. Saca el nuestro<\/p><p>Sin embargo, se acuerda que la (co)propiedad del comprador sobre el objeto unificado se nos transmitir\u00e1 en proporci\u00f3n al valor (valor de la factura).<\/p><p>3. El comprador s\u00f3lo puede vender o transformar la mercanc\u00eda reservada en el curso de sus actividades comerciales normales. Si la retenci\u00f3n de la titularidad se basa en un motivo distinto al establecido en la secci\u00f3n VI. 2. Por las razones expuestas, en particular por una transferencia posterior, etc., el comprador nos cede ya sus derechos de garant\u00eda resultantes, independientemente de que venda la mercanc\u00eda junto con otros servicios o a uno o varios clientes. El vendedor nos informar\u00e1 inmediatamente de las prohibiciones de cesi\u00f3n acordadas. A petici\u00f3n nuestra, notificar\u00e1 la cesi\u00f3n a los terceros deudores, nos proporcionar\u00e1 toda la informaci\u00f3n que necesitemos para hacer valer nuestros derechos y nos entregar\u00e1 los documentos.<\/p><p>4. El comprador est\u00e1 autorizado a cobrar los cr\u00e9ditos cedidos en las condiciones anteriores hasta nuevo aviso; debe transferirnos inmediatamente las cotizaciones acumuladas. En caso de impago o insolvencia del comprador, esta autorizaci\u00f3n de cobro quedar\u00e1 anulada sin necesidad de revocaci\u00f3n. Si el valor realizable de nuestra garant\u00eda supera nuestras reclamaciones (incluidos todos los saldos de cuentas corrientes y las facturas actuales) en m\u00e1s de 10 %, liberaremos el exceso de garant\u00eda a su elecci\u00f3n a petici\u00f3n del co-comprador.<\/p><p>5. El comprador est\u00e1 obligado a tratar con cuidado las mercanc\u00edas sujetas a reserva de dominio, a correr con los gastos y a mantenerlas libres de cargas. No puede pignorarlos, cederlos como garant\u00eda o disponer de ellos de cualquier otra forma. Cualquier infracci\u00f3n de este tipo debe ser notificada inmediatamente. El comprador, que es un empresario, est\u00e1 obligado a asegurar la mercanc\u00eda reservada contra incendios y robos a su cargo y a demostrarlo presentando el certificado de seguro y el \u00faltimo recibo de la prima.<\/p><p>6. Si el comprador se retrasa en el pago o no cumple con sus obligaciones en virtud de la reserva de dominio, podemos exigirle el objeto de la entrega y, tras la notificaci\u00f3n por escrito del incumplimiento, en un plazo razonable, utilizar el producto de la liquidaci\u00f3n al mejor precio de compra mediante venta privada.<\/p><p>7. Si solicitamos la entrega del objeto de la entrega, el comprador est\u00e1 obligado a entregarnos el objeto de la entrega inmediatamente, a excepci\u00f3n de los derechos de retenci\u00f3n - a menos que se basen en el contrato de entrega. En caso de demora en el pago, el comprador nos autoriza irrevocablemente a tomar inmediatamente la mercanc\u00eda bajo reserva de propiedad y a entrar libremente en un local comercial y en un almac\u00e9n a tal efecto.<\/p><p>8. Todos los gastos de devoluci\u00f3n y utilizaci\u00f3n del objeto de la entrega correr\u00e1n a cargo del comprador. Los costes de recuperaci\u00f3n ascienden a 10 % de los ingresos por ventas, incluido el IVA. Son mayores o menores en funci\u00f3n de la prueba del coste. La recaudaci\u00f3n se abonar\u00e1 al comprador una vez deducidos los costes y otras reclamaciones relacionadas con el contrato.<\/p><p>9. Si el comprador no manipula el objeto de acuerdo con sus obligaciones de reserva de dominio o si no cumple con sus obligaciones de informaci\u00f3n, la continuaci\u00f3n del contrato es razonable para nosotros. Entonces, si es necesario, despu\u00e9s del plazo, podemos rescatar el contrato y reclamar da\u00f1os y perjuicios.<\/p><p>\u00a0<\/p><\/div><\/div><\/div><\/div><\/div><\/div><div class=\"vc_row wpb_row vc_row-fluid\"><div class=\"wpb_column vc_column_container vc_col-sm-12\"><div class=\"vc_column-inner\"><div class=\"wpb_wrapper\"><div class=\"wpb_text_column wpb_content_element\"><div class=\"wpb_wrapper\"><p><strong>VII. Devoluci\u00f3n de mercanc\u00edas<\/strong><\/p><p>Las mercanc\u00edas entregadas de acuerdo con el pedido no pueden ser retiradas m\u00e1s de 8 d\u00edas despu\u00e9s de la entrega y s\u00f3lo en casos excepcionales, que requieren nuestro acuerdo expl\u00edcito. Si este es el caso, y si la mercanc\u00eda est\u00e1 en perfecto estado, vendible y en su embalaje original, se conceder\u00e1 un cr\u00e9dito, deduci\u00e9ndose al menos 10% del valor de la mercanc\u00eda en concepto de gastos de reposici\u00f3n.<\/p><\/div><\/div><\/div><\/div><\/div><\/div>\t\t\t\t\t\t<\/div>\n\t\t\t\t<\/div>\n\t\t\t\t\t<\/div>\n\t\t<\/div>\n\t\t\t\t\t<\/div>\n\t\t<\/section>\n\t\t\t\t<\/div>","protected":false},"excerpt":{"rendered":"<p>Conditions de vente, de commerce et de livraison I. G\u00e9n\u00e9ralit\u00e9s 1. Tous les contrats conclus avec nous sont bas\u00e9s sur les conditions suivantes. Ils constituent une partie du contrat juridiquement contraignante pour l&rsquo;ensemble de nos relations commerciales et sont reconnus comme contraignants par l&rsquo;acheteur au moment de la passation de la commande. Les accords verbaux [&hellip;]<\/p>","protected":false},"author":1,"featured_media":0,"parent":0,"menu_order":0,"comment_status":"closed","ping_status":"closed","template":"elementor_header_footer","meta":[],"blocksy_meta":{"styles_descriptor":{"styles":{"desktop":"","tablet":"","mobile":""},"google_fonts":[]}},"_links":{"self":[{"href":"https:\/\/motorium-tuntenhausen.de\/es\/wp-json\/wp\/v2\/pages\/673"}],"collection":[{"href":"https:\/\/motorium-tuntenhausen.de\/es\/wp-json\/wp\/v2\/pages"}],"about":[{"href":"https:\/\/motorium-tuntenhausen.de\/es\/wp-json\/wp\/v2\/types\/page"}],"author":[{"embeddable":true,"href":"https:\/\/motorium-tuntenhausen.de\/es\/wp-json\/wp\/v2\/users\/1"}],"replies":[{"embeddable":true,"href":"https:\/\/motorium-tuntenhausen.de\/es\/wp-json\/wp\/v2\/comments?post=673"}],"version-history":[{"count":7,"href":"https:\/\/motorium-tuntenhausen.de\/es\/wp-json\/wp\/v2\/pages\/673\/revisions"}],"predecessor-version":[{"id":806,"href":"https:\/\/motorium-tuntenhausen.de\/es\/wp-json\/wp\/v2\/pages\/673\/revisions\/806"}],"wp:attachment":[{"href":"https:\/\/motorium-tuntenhausen.de\/es\/wp-json\/wp\/v2\/media?parent=673"}],"curies":[{"name":"wp","href":"https:\/\/api.w.org\/{rel}","templated":true}]}}