{"id":671,"date":"2021-07-10T19:10:55","date_gmt":"2021-07-10T19:10:55","guid":{"rendered":"https:\/\/www.paf-cars.com\/?page_id=671"},"modified":"2021-07-12T02:18:17","modified_gmt":"2021-07-12T02:18:17","slug":"shipping-export","status":"publish","type":"page","link":"https:\/\/motorium-tuntenhausen.de\/es\/shipping-export\/","title":{"rendered":"Entrega y exportaci\u00f3n"},"content":{"rendered":"<div data-elementor-type=\"wp-page\" data-elementor-id=\"671\" class=\"elementor elementor-671\">\n\t\t\t\t\t\t<section class=\"ob-is-breaking-bad elementor-section elementor-top-section elementor-element elementor-element-3059a88 elementor-section-boxed elementor-section-height-default elementor-section-height-default\" data-id=\"3059a88\" data-element_type=\"section\" data-settings=\"{&quot;background_background&quot;:&quot;classic&quot;,&quot;_ob_bbad_use_it&quot;:&quot;yes&quot;,&quot;_ob_bbad_sssic_use&quot;:&quot;no&quot;,&quot;_ob_glider_is_slider&quot;:&quot;no&quot;}\">\n\t\t\t\t\t\t<div class=\"elementor-container elementor-column-gap-default\">\n\t\t\t\t\t<div class=\"elementor-column elementor-col-50 elementor-top-column elementor-element elementor-element-710497b\" data-id=\"710497b\" data-element_type=\"column\" data-settings=\"{&quot;_ob_bbad_is_stalker&quot;:&quot;no&quot;,&quot;_ob_teleporter_use&quot;:false,&quot;_ob_column_hoveranimator&quot;:&quot;no&quot;,&quot;_ob_column_has_pseudo&quot;:&quot;no&quot;}\">\n\t\t\t<div class=\"elementor-widget-wrap elementor-element-populated\">\n\t\t\t\t\t\t<div class=\"elementor-element elementor-element-fe43d57 ob-harakiri-inherit ob-has-background-overlay elementor-widget elementor-widget-heading\" data-id=\"fe43d57\" data-element_type=\"widget\" data-settings=\"{&quot;_ob_use_harakiri&quot;:&quot;yes&quot;,&quot;_ob_harakiri_writing_mode&quot;:&quot;inherit&quot;,&quot;_ob_harakiri_text_clip&quot;:&quot;none&quot;,&quot;_ob_perspektive_use&quot;:&quot;no&quot;,&quot;_ob_poopart_use&quot;:&quot;yes&quot;,&quot;_ob_shadough_use&quot;:&quot;no&quot;,&quot;_ob_allow_hoveranimator&quot;:&quot;no&quot;,&quot;_ob_widget_stalker_use&quot;:&quot;no&quot;}\" data-widget_type=\"heading.default\">\n\t\t\t\t<div class=\"elementor-widget-container\">\n\t\t\t<h2 class=\"elementor-heading-title elementor-size-default\">Entrega y exportaci\u00f3n<\/h2>\t\t<\/div>\n\t\t\t\t<\/div>\n\t\t\t\t\t<\/div>\n\t\t<\/div>\n\t\t\t\t<div class=\"elementor-column elementor-col-50 elementor-top-column elementor-element elementor-element-3300897\" data-id=\"3300897\" data-element_type=\"column\" data-settings=\"{&quot;_ob_bbad_is_stalker&quot;:&quot;no&quot;,&quot;_ob_teleporter_use&quot;:false,&quot;_ob_column_hoveranimator&quot;:&quot;no&quot;,&quot;_ob_column_has_pseudo&quot;:&quot;no&quot;}\">\n\t\t\t<div class=\"elementor-widget-wrap elementor-element-populated\">\n\t\t\t\t\t\t<div class=\"elementor-element elementor-element-1f0c87a ob-harakiri-inherit ob-has-background-overlay elementor-widget elementor-widget-heading\" data-id=\"1f0c87a\" data-element_type=\"widget\" data-settings=\"{&quot;_ob_use_harakiri&quot;:&quot;yes&quot;,&quot;_ob_harakiri_writing_mode&quot;:&quot;inherit&quot;,&quot;_ob_harakiri_text_clip&quot;:&quot;none&quot;,&quot;_ob_perspektive_use&quot;:&quot;no&quot;,&quot;_ob_poopart_use&quot;:&quot;yes&quot;,&quot;_ob_shadough_use&quot;:&quot;no&quot;,&quot;_ob_allow_hoveranimator&quot;:&quot;no&quot;,&quot;_ob_widget_stalker_use&quot;:&quot;no&quot;}\" data-widget_type=\"heading.default\">\n\t\t\t\t<div class=\"elementor-widget-container\">\n\t\t\t<h2 class=\"elementor-heading-title elementor-size-default\">Simplicidad, rapidez y garant\u00eda<\/h2>\t\t<\/div>\n\t\t\t\t<\/div>\n\t\t\t\t\t<\/div>\n\t\t<\/div>\n\t\t\t\t\t<\/div>\n\t\t<\/section>\n\t\t\t\t<section class=\"ob-is-breaking-bad elementor-section elementor-top-section elementor-element elementor-element-5cf8132 elementor-section-boxed elementor-section-height-default elementor-section-height-default\" data-id=\"5cf8132\" data-element_type=\"section\" data-settings=\"{&quot;_ob_bbad_use_it&quot;:&quot;yes&quot;,&quot;_ob_bbad_sssic_use&quot;:&quot;no&quot;,&quot;_ob_glider_is_slider&quot;:&quot;no&quot;}\">\n\t\t\t\t\t\t<div class=\"elementor-container elementor-column-gap-default\">\n\t\t\t\t\t<div class=\"elementor-column elementor-col-100 elementor-top-column elementor-element elementor-element-84a15c0\" data-id=\"84a15c0\" data-element_type=\"column\" data-settings=\"{&quot;_ob_bbad_is_stalker&quot;:&quot;no&quot;,&quot;_ob_teleporter_use&quot;:false,&quot;_ob_column_hoveranimator&quot;:&quot;no&quot;,&quot;_ob_column_has_pseudo&quot;:&quot;no&quot;}\">\n\t\t\t<div class=\"elementor-widget-wrap elementor-element-populated\">\n\t\t\t\t\t\t<div class=\"elementor-element elementor-element-292c049 elementor-icon-list--layout-traditional elementor-list-item-link-full_width ob-has-background-overlay elementor-widget elementor-widget-icon-list\" data-id=\"292c049\" data-element_type=\"widget\" data-settings=\"{&quot;_ob_perspektive_use&quot;:&quot;no&quot;,&quot;_ob_poopart_use&quot;:&quot;yes&quot;,&quot;_ob_shadough_use&quot;:&quot;no&quot;,&quot;_ob_allow_hoveranimator&quot;:&quot;no&quot;,&quot;_ob_widget_stalker_use&quot;:&quot;no&quot;}\" data-widget_type=\"icon-list.default\">\n\t\t\t\t<div class=\"elementor-widget-container\">\n\t\t\t\t\t<ul class=\"elementor-icon-list-items\">\n\t\t\t\t\t\t\t<li class=\"elementor-icon-list-item\">\n\t\t\t\t\t\t\t\t\t\t\t<span class=\"elementor-icon-list-icon\">\n\t\t\t\t\t\t\t<i aria-hidden=\"true\" class=\"fas fa-chevron-right\"><\/i>\t\t\t\t\t\t<\/span>\n\t\t\t\t\t\t\t\t\t\t<span class=\"elementor-icon-list-text\"> Los veh\u00edculos ofrecidos a la venta en nuestro sitio web son de origen alem\u00e1n y est\u00e1n (o han estado) matriculados en Alemania. Los veh\u00edculos marcados como \"Partner\" son recogidos por bancos alemanes, cooperativas de cr\u00e9dito u otras instituciones financieras de sus clientes morosos y nuestros socios nos han concedido el derecho a convertirnos en el vendedor oficial de su flota. Todos los veh\u00edculos se encuentran en perfecto estado \u00f3ptico y t\u00e9cnico, con kilometraje real, garantizado y certificado, historial de servicio actualizado y sin accidentes. S\u00f3lo seleccionamos veh\u00edculos para la venta que est\u00e1n en excelente estado y tienen un bajo kilometraje.<\/span>\n\t\t\t\t\t\t\t\t\t<\/li>\n\t\t\t\t\t\t\t\t<li class=\"elementor-icon-list-item\">\n\t\t\t\t\t\t\t\t\t\t\t<span class=\"elementor-icon-list-icon\">\n\t\t\t\t\t\t\t<i aria-hidden=\"true\" class=\"fas fa-chevron-right\"><\/i>\t\t\t\t\t\t<\/span>\n\t\t\t\t\t\t\t\t\t\t<span class=\"elementor-icon-list-text\"> El contrato de venta y la factura se realizan directamente entre nuestra empresa y el cliente, tras la transferencia de la propiedad del veh\u00edculo.<\/span>\n\t\t\t\t\t\t\t\t\t<\/li>\n\t\t\t\t\t\t\t\t<li class=\"elementor-icon-list-item\">\n\t\t\t\t\t\t\t\t\t\t\t<span class=\"elementor-icon-list-icon\">\n\t\t\t\t\t\t\t<i aria-hidden=\"true\" class=\"fas fa-chevron-right\"><\/i>\t\t\t\t\t\t<\/span>\n\t\t\t\t\t\t\t\t\t\t<span class=\"elementor-icon-list-text\"> Los documentos para el traspaso de la propiedad del veh\u00edculo se preparan s\u00f3lo despu\u00e9s de que el cliente haya firmado y nos haya devuelto por correo electr\u00f3nico el contrato de venta y el pago completo sea confirmado por nuestro banco. Tenga en cuenta que para los veh\u00edculos marcados como \"Partner\", la entrega puede tardar hasta 5-7 d\u00edas laborables desde el momento del pedido.<\/span>\n\t\t\t\t\t\t\t\t\t<\/li>\n\t\t\t\t\t\t\t\t<li class=\"elementor-icon-list-item\">\n\t\t\t\t\t\t\t\t\t\t\t<span class=\"elementor-icon-list-icon\">\n\t\t\t\t\t\t\t<i aria-hidden=\"true\" class=\"fas fa-chevron-right\"><\/i>\t\t\t\t\t\t<\/span>\n\t\t\t\t\t\t\t\t\t\t<span class=\"elementor-icon-list-text\"> Todos los precios indicados en nuestro sitio web incluyen el IVA (19% es el tipo de IVA en Alemania). Los veh\u00edculos adquiridos pueden exportarse desde Alemania dentro y fuera de la Uni\u00f3n Europea.<\/span>\n\t\t\t\t\t\t\t\t\t<\/li>\n\t\t\t\t\t\t\t\t<li class=\"elementor-icon-list-item\">\n\t\t\t\t\t\t\t\t\t\t\t<span class=\"elementor-icon-list-icon\">\n\t\t\t\t\t\t\t<i aria-hidden=\"true\" class=\"fas fa-chevron-right\"><\/i>\t\t\t\t\t\t<\/span>\n\t\t\t\t\t\t\t\t\t\t<span class=\"elementor-icon-list-text\"> Para los particulares de la UE, el IVA no es deducible, pero no hay que volver a pagarlo en el pa\u00eds donde se va a matricular el veh\u00edculo.<\/span>\n\t\t\t\t\t\t\t\t\t<\/li>\n\t\t\t\t\t\t\t\t<li class=\"elementor-icon-list-item\">\n\t\t\t\t\t\t\t\t\t\t\t<span class=\"elementor-icon-list-icon\">\n\t\t\t\t\t\t\t<i aria-hidden=\"true\" class=\"fas fa-chevron-right\"><\/i>\t\t\t\t\t\t<\/span>\n\t\t\t\t\t\t\t\t\t\t<span class=\"elementor-icon-list-text\"> Las empresas registradas como contribuyentes del IVA en un pa\u00eds perteneciente a la Uni\u00f3n Europea pueden comprarnos veh\u00edculos a un precio del que se deduce el IVA (Netto). Para beneficiarse de esta caracter\u00edstica, el comprador debe enviar los documentos necesarios que ser\u00e1n revisados por nuestra empresa antes de iniciar el proceso de compra. Los documentos necesarios son: el certificado de registro de la empresa y un documento que demuestre que la empresa es contribuyente del IVA en el pa\u00eds de registro. Para comprar directamente a los precios de Netto, tambi\u00e9n debe optar por el env\u00edo a trav\u00e9s de nuestra empresa.<\/span>\n\t\t\t\t\t\t\t\t\t<\/li>\n\t\t\t\t\t\t\t\t<li class=\"elementor-icon-list-item\">\n\t\t\t\t\t\t\t\t\t\t\t<span class=\"elementor-icon-list-icon\">\n\t\t\t\t\t\t\t<i aria-hidden=\"true\" class=\"fas fa-chevron-right\"><\/i>\t\t\t\t\t\t<\/span>\n\t\t\t\t\t\t\t\t\t\t<span class=\"elementor-icon-list-text\"> Si el comprador es un particular o una empresa con sede en un pa\u00eds que no forma parte de la Uni\u00f3n Europea, deber\u00e1 pagar el precio de lista del producto que aparece en nuestro sitio web. El cliente podr\u00e1 reclamar el IVA, que asciende a 19 % del precio Netto, en un plazo m\u00e1ximo de 30 d\u00edas naturales desde el env\u00edo del justificante de que el veh\u00edculo ha sido exportado fuera de la Uni\u00f3n Europea. Para solicitar la devoluci\u00f3n del IVA es necesario presentar una copia del certificado de registro en el pa\u00eds de exportaci\u00f3n. Para comprar directamente al precio de Netto, debe optar por el env\u00edo a trav\u00e9s de nuestra empresa.<\/span>\n\t\t\t\t\t\t\t\t\t<\/li>\n\t\t\t\t\t\t\t\t<li class=\"elementor-icon-list-item\">\n\t\t\t\t\t\t\t\t\t\t\t<span class=\"elementor-icon-list-icon\">\n\t\t\t\t\t\t\t<i aria-hidden=\"true\" class=\"fas fa-chevron-right\"><\/i>\t\t\t\t\t\t<\/span>\n\t\t\t\t\t\t\t\t\t\t<span class=\"elementor-icon-list-text\"> Para m\u00e1s detalles sobre las reclamaciones y deducciones del IVA para las empresas, consulte el siguiente cuadro:<\/span>\n\t\t\t\t\t\t\t\t\t<\/li>\n\t\t\t\t\t\t<\/ul>\n\t\t\t\t<\/div>\n\t\t\t\t<\/div>\n\t\t\t\t<div class=\"elementor-element elementor-element-9038b13 ob-harakiri-inherit ob-has-background-overlay elementor-widget elementor-widget-text-editor\" data-id=\"9038b13\" data-element_type=\"widget\" data-settings=\"{&quot;_ob_use_harakiri&quot;:&quot;yes&quot;,&quot;_ob_harakiri_writing_mode&quot;:&quot;inherit&quot;,&quot;_ob_postman_use&quot;:&quot;no&quot;,&quot;_ob_perspektive_use&quot;:&quot;no&quot;,&quot;_ob_poopart_use&quot;:&quot;yes&quot;,&quot;_ob_shadough_use&quot;:&quot;no&quot;,&quot;_ob_allow_hoveranimator&quot;:&quot;no&quot;,&quot;_ob_widget_stalker_use&quot;:&quot;no&quot;}\" data-widget_type=\"text-editor.default\">\n\t\t\t\t<div class=\"elementor-widget-container\">\n\t\t\t\t\t\t\t<table id=\"vatinfo\" border=\"1\" cellspacing=\"0\" cellpadding=\"0\" align=\"left\"><tbody><tr><td><strong>Ventas locales<\/strong>\u00a0(Ejemplo: veh\u00edculo alem\u00e1n vendido a Alemania)<\/td><td><strong>Transacci\u00f3n de la UE<\/strong>\u00a0(Ejemplo: veh\u00edculo alem\u00e1n vendido a Hungr\u00eda)<\/td><td><strong>Exportar<\/strong>\u00a0(Ejemplo: veh\u00edculo alem\u00e1n vendido a Rusia)<\/td><\/tr><tr><td>- IVA del veh\u00edculo incluido en la factura (deducible)<br \/>- Costes(*) con IVA incluido<br \/>- IVA deducible<\/td><td>- IVA del veh\u00edculo excluido de la factura<br \/>- El comprador declara el IVA en el pa\u00eds<br \/>de destino - Costes(*) sin IVA (declaraci\u00f3n)<\/td><td>- Sin IVA, no hay que pagar IVA en la UE<br \/>- El comprador declara el IVA en su pa\u00eds seg\u00fan las normas de su pa\u00eds - Costes(*) sin IVA<\/td><\/tr><tr><td>\u00a0<\/td><td>Para m\u00e1s informaci\u00f3n, v\u00e9ase la Directiva de la UE EC\/2006\/112: art. 140.<\/td><td>Para m\u00e1s informaci\u00f3n, v\u00e9ase la Directiva de la UE EC\/2006\/112: art. 146.<\/td><\/tr><\/tbody><\/table><p>\u00a0<\/p>\t\t\t\t\t\t<\/div>\n\t\t\t\t<\/div>\n\t\t\t\t<div class=\"elementor-element elementor-element-ee5eb1b elementor-icon-list--layout-traditional elementor-list-item-link-full_width ob-has-background-overlay elementor-widget elementor-widget-icon-list\" data-id=\"ee5eb1b\" data-element_type=\"widget\" data-settings=\"{&quot;_ob_perspektive_use&quot;:&quot;no&quot;,&quot;_ob_poopart_use&quot;:&quot;yes&quot;,&quot;_ob_shadough_use&quot;:&quot;no&quot;,&quot;_ob_allow_hoveranimator&quot;:&quot;no&quot;,&quot;_ob_widget_stalker_use&quot;:&quot;no&quot;}\" data-widget_type=\"icon-list.default\">\n\t\t\t\t<div class=\"elementor-widget-container\">\n\t\t\t\t\t<ul class=\"elementor-icon-list-items\">\n\t\t\t\t\t\t\t<li class=\"elementor-icon-list-item\">\n\t\t\t\t\t\t\t\t\t\t\t<span class=\"elementor-icon-list-icon\">\n\t\t\t\t\t\t\t<i aria-hidden=\"true\" class=\"fas fa-chevron-right\"><\/i>\t\t\t\t\t\t<\/span>\n\t\t\t\t\t\t\t\t\t\t<span class=\"elementor-icon-list-text\"> Adem\u00e1s del precio indicado en el anuncio, hay una tasa fija de 250 euros, que cubrir\u00e1 la preparaci\u00f3n de los documentos para la venta y la exportaci\u00f3n, la obtenci\u00f3n de placas de matr\u00edcula provisionales v\u00e1lidas durante 30 d\u00edas y el seguro de las placas de matr\u00edcula provisionales, as\u00ed como los gastos de entrega (gastos de env\u00edo) en funci\u00f3n del lugar de entrega.<\/span>\n\t\t\t\t\t\t\t\t\t<\/li>\n\t\t\t\t\t\t\t\t<li class=\"elementor-icon-list-item\">\n\t\t\t\t\t\t\t\t\t\t\t<span class=\"elementor-icon-list-icon\">\n\t\t\t\t\t\t\t<i aria-hidden=\"true\" class=\"fas fa-chevron-right\"><\/i>\t\t\t\t\t\t<\/span>\n\t\t\t\t\t\t\t\t\t\t<span class=\"elementor-icon-list-text\"> Los veh\u00edculos ser\u00e1n transportados con nuestros propios camiones o por uno de nuestros socios e ir\u00e1n acompa\u00f1ados por un representante de la empresa. Nuestro representante le entregar\u00e1 personalmente el veh\u00edculo, las dos llaves y todos los documentos definitivos de matriculaci\u00f3n del veh\u00edculo, las placas de matr\u00edcula provisionales v\u00e1lidas por 30 d\u00edas y el seguro del veh\u00edculo por el mismo periodo. Nuestro representante estar\u00e1 autorizado a registrar el veh\u00edculo en nombre del comprador. Si el pa\u00eds de entrega requiere el despacho de aduanas, nuestros socios pueden cubrir este servicio y entregar el veh\u00edculo directamente en el lugar que usted haya indicado.<\/span>\n\t\t\t\t\t\t\t\t\t<\/li>\n\t\t\t\t\t\t\t\t<li class=\"elementor-icon-list-item\">\n\t\t\t\t\t\t\t\t\t\t\t<span class=\"elementor-icon-list-icon\">\n\t\t\t\t\t\t\t<i aria-hidden=\"true\" class=\"fas fa-chevron-right\"><\/i>\t\t\t\t\t\t<\/span>\n\t\t\t\t\t\t\t\t\t\t<span class=\"elementor-icon-list-text\"> Todos nuestros env\u00edos est\u00e1n cubiertos por un seguro de transporte de hasta 500.000 euros.<\/span>\n\t\t\t\t\t\t\t\t\t<\/li>\n\t\t\t\t\t\t\t\t<li class=\"elementor-icon-list-item\">\n\t\t\t\t\t\t\t\t\t\t\t<span class=\"elementor-icon-list-icon\">\n\t\t\t\t\t\t\t<i aria-hidden=\"true\" class=\"fas fa-chevron-right\"><\/i>\t\t\t\t\t\t<\/span>\n\t\t\t\t\t\t\t\t\t\t<span class=\"elementor-icon-list-text\"> Los gastos de env\u00edo se calcular\u00e1n de la siguiente manera:<\/span>\n\t\t\t\t\t\t\t\t\t<\/li>\n\t\t\t\t\t\t<\/ul>\n\t\t\t\t<\/div>\n\t\t\t\t<\/div>\n\t\t\t\t<div class=\"elementor-element elementor-element-3288702 ob-harakiri-inherit ob-has-background-overlay elementor-widget elementor-widget-text-editor\" data-id=\"3288702\" data-element_type=\"widget\" data-settings=\"{&quot;_ob_use_harakiri&quot;:&quot;yes&quot;,&quot;_ob_harakiri_writing_mode&quot;:&quot;inherit&quot;,&quot;_ob_postman_use&quot;:&quot;no&quot;,&quot;_ob_perspektive_use&quot;:&quot;no&quot;,&quot;_ob_poopart_use&quot;:&quot;yes&quot;,&quot;_ob_shadough_use&quot;:&quot;no&quot;,&quot;_ob_allow_hoveranimator&quot;:&quot;no&quot;,&quot;_ob_widget_stalker_use&quot;:&quot;no&quot;}\" data-widget_type=\"text-editor.default\">\n\t\t\t\t<div class=\"elementor-widget-container\">\n\t\t\t\t\t\t\t<p>- la tarifa m\u00ednima es de 90 euros para distancias inferiores a 150 km;<br \/>- 151 km - 1500 km = a raz\u00f3n de 0,50 euros\/km;<br \/>- 1501 km - 3000 km = a raz\u00f3n de 0,40 euros\/km;<br \/>- Si la distancia es superior a 3000 km, solicite un presupuesto de transporte;<\/p>\t\t\t\t\t\t<\/div>\n\t\t\t\t<\/div>\n\t\t\t\t<div class=\"elementor-element elementor-element-f78ce16 elementor-icon-list--layout-traditional elementor-list-item-link-full_width ob-has-background-overlay elementor-widget elementor-widget-icon-list\" data-id=\"f78ce16\" data-element_type=\"widget\" data-settings=\"{&quot;_ob_perspektive_use&quot;:&quot;no&quot;,&quot;_ob_poopart_use&quot;:&quot;yes&quot;,&quot;_ob_shadough_use&quot;:&quot;no&quot;,&quot;_ob_allow_hoveranimator&quot;:&quot;no&quot;,&quot;_ob_widget_stalker_use&quot;:&quot;no&quot;}\" data-widget_type=\"icon-list.default\">\n\t\t\t\t<div class=\"elementor-widget-container\">\n\t\t\t\t\t<ul class=\"elementor-icon-list-items\">\n\t\t\t\t\t\t\t<li class=\"elementor-icon-list-item\">\n\t\t\t\t\t\t\t\t\t\t\t<span class=\"elementor-icon-list-icon\">\n\t\t\t\t\t\t\t<i aria-hidden=\"true\" class=\"fas fa-chevron-right\"><\/i>\t\t\t\t\t\t<\/span>\n\t\t\t\t\t\t\t\t\t\t<span class=\"elementor-icon-list-text\"> Tenga en cuenta que los documentos para la venta y el registro se preparan en 3-5 d\u00edas laborables. La entrega no comenzar\u00e1 hasta que los documentos est\u00e9n listos y puede tardar entre 2 y 6 d\u00edas laborables, dependiendo de la distancia de transporte. El plazo de entrega total se estima en unos 7-12 d\u00edas laborables.<\/span>\n\t\t\t\t\t\t\t\t\t<\/li>\n\t\t\t\t\t\t<\/ul>\n\t\t\t\t<\/div>\n\t\t\t\t<\/div>\n\t\t\t\t\t<\/div>\n\t\t<\/div>\n\t\t\t\t\t<\/div>\n\t\t<\/section>\n\t\t\t\t<\/div>","protected":false},"excerpt":{"rendered":"<p>Simplicit\u00e9, Rapidit\u00e9 et Garantie Les v\u00e9hicules propos\u00e9s \u00e0 la vente sur notre site web ont une provenance allemande et sont (ou ont \u00e9t\u00e9) immatricul\u00e9s en Allemagne. Les v\u00e9hicules marqu\u00e9s \u00ab Partenaire \u00bb sont r\u00e9cup\u00e9r\u00e9s par des banques, coop\u00e9ratives de cr\u00e9dit ou autres entit\u00e9s financi\u00e8res allemandes aupr\u00e8s de leurs clients mauvais payeurs et nos partenaires nous [&hellip;]<\/p>","protected":false},"author":1,"featured_media":0,"parent":0,"menu_order":0,"comment_status":"closed","ping_status":"closed","template":"elementor_header_footer","meta":[],"blocksy_meta":{"styles_descriptor":{"styles":{"desktop":"","tablet":"","mobile":""},"google_fonts":[]}},"_links":{"self":[{"href":"https:\/\/motorium-tuntenhausen.de\/es\/wp-json\/wp\/v2\/pages\/671"}],"collection":[{"href":"https:\/\/motorium-tuntenhausen.de\/es\/wp-json\/wp\/v2\/pages"}],"about":[{"href":"https:\/\/motorium-tuntenhausen.de\/es\/wp-json\/wp\/v2\/types\/page"}],"author":[{"embeddable":true,"href":"https:\/\/motorium-tuntenhausen.de\/es\/wp-json\/wp\/v2\/users\/1"}],"replies":[{"embeddable":true,"href":"https:\/\/motorium-tuntenhausen.de\/es\/wp-json\/wp\/v2\/comments?post=671"}],"version-history":[{"count":18,"href":"https:\/\/motorium-tuntenhausen.de\/es\/wp-json\/wp\/v2\/pages\/671\/revisions"}],"predecessor-version":[{"id":834,"href":"https:\/\/motorium-tuntenhausen.de\/es\/wp-json\/wp\/v2\/pages\/671\/revisions\/834"}],"wp:attachment":[{"href":"https:\/\/motorium-tuntenhausen.de\/es\/wp-json\/wp\/v2\/media?parent=671"}],"curies":[{"name":"wp","href":"https:\/\/api.w.org\/{rel}","templated":true}]}}