{"id":2097,"date":"2021-08-08T12:12:49","date_gmt":"2021-08-08T12:12:49","guid":{"rendered":"https:\/\/www.paf-cars.com\/?page_id=2097"},"modified":"2021-08-08T18:14:50","modified_gmt":"2021-08-08T18:14:50","slug":"news","status":"publish","type":"page","link":"https:\/\/motorium-tuntenhausen.de\/es\/news\/","title":{"rendered":"Noticias"},"content":{"rendered":"<div data-elementor-type=\"wp-page\" data-elementor-id=\"2097\" class=\"elementor elementor-2097\">\n\t\t\t\t\t\t<section class=\"ob-is-breaking-bad elementor-section elementor-top-section elementor-element elementor-element-fad3ca8 elementor-section-boxed elementor-section-height-default elementor-section-height-default\" data-id=\"fad3ca8\" data-element_type=\"section\" data-settings=\"{&quot;background_background&quot;:&quot;classic&quot;,&quot;_ob_bbad_use_it&quot;:&quot;yes&quot;,&quot;_ob_bbad_sssic_use&quot;:&quot;no&quot;,&quot;_ob_glider_is_slider&quot;:&quot;no&quot;}\">\n\t\t\t\t\t\t<div class=\"elementor-container elementor-column-gap-default\">\n\t\t\t\t\t<div class=\"elementor-column elementor-col-100 elementor-top-column elementor-element elementor-element-fb4a496\" data-id=\"fb4a496\" data-element_type=\"column\" data-settings=\"{&quot;_ob_bbad_is_stalker&quot;:&quot;no&quot;,&quot;_ob_teleporter_use&quot;:false,&quot;_ob_column_hoveranimator&quot;:&quot;no&quot;,&quot;_ob_column_has_pseudo&quot;:&quot;no&quot;}\">\n\t\t\t<div class=\"elementor-widget-wrap elementor-element-populated\">\n\t\t\t\t\t\t<div class=\"elementor-element elementor-element-20c22e4 ob-harakiri-inherit ob-has-background-overlay elementor-widget elementor-widget-heading\" data-id=\"20c22e4\" data-element_type=\"widget\" data-settings=\"{&quot;_ob_use_harakiri&quot;:&quot;yes&quot;,&quot;_ob_harakiri_writing_mode&quot;:&quot;inherit&quot;,&quot;_ob_harakiri_text_clip&quot;:&quot;none&quot;,&quot;_ob_perspektive_use&quot;:&quot;no&quot;,&quot;_ob_poopart_use&quot;:&quot;yes&quot;,&quot;_ob_shadough_use&quot;:&quot;no&quot;,&quot;_ob_allow_hoveranimator&quot;:&quot;no&quot;,&quot;_ob_widget_stalker_use&quot;:&quot;no&quot;}\" data-widget_type=\"heading.default\">\n\t\t\t\t<div class=\"elementor-widget-container\">\n\t\t\t<h2 class=\"elementor-heading-title elementor-size-default\">Blog<\/h2>\t\t<\/div>\n\t\t\t\t<\/div>\n\t\t\t\t<div class=\"elementor-element elementor-element-aa626ce ob-harakiri-inherit ob-has-background-overlay elementor-widget elementor-widget-heading\" data-id=\"aa626ce\" data-element_type=\"widget\" data-settings=\"{&quot;_ob_use_harakiri&quot;:&quot;yes&quot;,&quot;_ob_harakiri_writing_mode&quot;:&quot;inherit&quot;,&quot;_ob_harakiri_text_clip&quot;:&quot;none&quot;,&quot;_ob_perspektive_use&quot;:&quot;no&quot;,&quot;_ob_poopart_use&quot;:&quot;yes&quot;,&quot;_ob_shadough_use&quot;:&quot;no&quot;,&quot;_ob_allow_hoveranimator&quot;:&quot;no&quot;,&quot;_ob_widget_stalker_use&quot;:&quot;no&quot;}\" data-widget_type=\"heading.default\">\n\t\t\t\t<div class=\"elementor-widget-container\">\n\t\t\t<h2 class=\"elementor-heading-title elementor-size-default\">\u00daltimas noticias de la empresa<\/h2>\t\t<\/div>\n\t\t\t\t<\/div>\n\t\t\t\t\t<\/div>\n\t\t<\/div>\n\t\t\t\t\t<\/div>\n\t\t<\/section>\n\t\t\t\t<section class=\"ob-is-breaking-bad elementor-section elementor-top-section elementor-element elementor-element-df7f019 elementor-section-boxed elementor-section-height-default elementor-section-height-default\" data-id=\"df7f019\" data-element_type=\"section\" data-settings=\"{&quot;_ob_bbad_use_it&quot;:&quot;yes&quot;,&quot;_ob_bbad_sssic_use&quot;:&quot;no&quot;,&quot;_ob_glider_is_slider&quot;:&quot;no&quot;}\">\n\t\t\t\t\t\t<div class=\"elementor-container elementor-column-gap-default\">\n\t\t\t\t\t<div class=\"elementor-column elementor-col-100 elementor-top-column elementor-element elementor-element-ccd51dc\" data-id=\"ccd51dc\" data-element_type=\"column\" data-settings=\"{&quot;_ob_bbad_is_stalker&quot;:&quot;no&quot;,&quot;_ob_teleporter_use&quot;:false,&quot;_ob_column_hoveranimator&quot;:&quot;no&quot;,&quot;_ob_column_has_pseudo&quot;:&quot;no&quot;}\">\n\t\t\t<div class=\"elementor-widget-wrap elementor-element-populated\">\n\t\t\t\t\t\t<div class=\"elementor-element elementor-element-91ce030 elementor-grid-3 elementor-grid-tablet-2 elementor-grid-mobile-1 elementor-posts--thumbnail-top elementor-card-shadow-yes elementor-posts__hover-gradient ob-has-background-overlay elementor-widget elementor-widget-posts\" data-id=\"91ce030\" data-element_type=\"widget\" data-settings=\"{&quot;pagination_type&quot;:&quot;numbers_and_prev_next&quot;,&quot;cards_columns&quot;:&quot;3&quot;,&quot;cards_columns_tablet&quot;:&quot;2&quot;,&quot;cards_columns_mobile&quot;:&quot;1&quot;,&quot;cards_row_gap&quot;:{&quot;unit&quot;:&quot;px&quot;,&quot;size&quot;:35,&quot;sizes&quot;:[]},&quot;cards_row_gap_tablet&quot;:{&quot;unit&quot;:&quot;px&quot;,&quot;size&quot;:&quot;&quot;,&quot;sizes&quot;:[]},&quot;cards_row_gap_mobile&quot;:{&quot;unit&quot;:&quot;px&quot;,&quot;size&quot;:&quot;&quot;,&quot;sizes&quot;:[]},&quot;_ob_perspektive_use&quot;:&quot;no&quot;,&quot;_ob_poopart_use&quot;:&quot;yes&quot;,&quot;_ob_shadough_use&quot;:&quot;no&quot;,&quot;_ob_allow_hoveranimator&quot;:&quot;no&quot;,&quot;_ob_widget_stalker_use&quot;:&quot;no&quot;}\" data-widget_type=\"posts.cards\">\n\t\t\t\t<div class=\"elementor-widget-container\">\n\t\t\t\t\t<div class=\"elementor-posts-container elementor-posts elementor-posts--skin-cards elementor-grid\">\n\t\t\t\t<article class=\"elementor-post elementor-grid-item post-2180 post type-post status-publish format-standard has-post-thumbnail hentry category-non-classifiee tag-bitcoin-tesla-elon-musk\">\n\t\t\t<div class=\"elementor-post__card\">\n\t\t\t\t<a class=\"elementor-post__thumbnail__link\" href=\"https:\/\/motorium-tuntenhausen.de\/es\/tesla-with-bitcoin\/\" ><div class=\"elementor-post__thumbnail\"><img fetchpriority=\"high\" width=\"768\" height=\"382\" src=\"https:\/\/motorium-tuntenhausen.de\/wp-content\/uploads\/2021\/08\/em.webp\" class=\"attachment-full size-full wp-image-2083\" alt=\"\" decoding=\"async\" srcset=\"https:\/\/motorium-tuntenhausen.de\/wp-content\/uploads\/2021\/08\/em.webp 768w, https:\/\/motorium-tuntenhausen.de\/wp-content\/uploads\/2021\/08\/em-300x149.webp 300w, https:\/\/motorium-tuntenhausen.de\/wp-content\/uploads\/2021\/08\/em-18x9.webp 18w\" sizes=\"(max-width: 768px) 100vw, 768px\" \/><\/div><\/a>\n\t\t\t\t<div class=\"elementor-post__badge\">Bitcoin Tesla Elon Musk<\/div>\n\t\t\t\t<div class=\"elementor-post__text\">\n\t\t\t\t<h3 class=\"elementor-post__title\">\n\t\t\t<a href=\"https:\/\/motorium-tuntenhausen.de\/es\/tesla-with-bitcoin\/\" >\n\t\t\t\tEsta vez es oficial: puedes comprar un Tesla con bitcoins\t\t\t<\/a>\n\t\t<\/h3>\n\t\t\t\t<div class=\"elementor-post__excerpt\">\n\t\t\t<p>\u00a1Tesla acepta Bitcoin como forma de pago! \"Ya puedes comprar un Tesla con bitcoins\", tuite\u00f3 Elon Musk. \"Los bitcoins que se paguen a Tesla se mantendr\u00e1n como bitcoins, no se convertir\u00e1n en moneda fiduciaria\", a\u00f1adi\u00f3 el consejero delegado del fabricante de autom\u00f3viles<\/p>\n\t\t<\/div>\n\t\t\t\t\t<a class=\"elementor-post__read-more\" href=\"https:\/\/motorium-tuntenhausen.de\/es\/tesla-with-bitcoin\/\" >\n\t\t\t\tLeer m\u00e1s \"\t\t\t<\/a>\n\t\t\t\t<\/div>\n\t\t\t\t\t<\/div>\n\t\t<\/article>\n\t\t\t\t<article class=\"elementor-post elementor-grid-item post-2177 post type-post status-publish format-standard has-post-thumbnail hentry category-non-classifiee tag-86 tag-prix\">\n\t\t\t<div class=\"elementor-post__card\">\n\t\t\t\t<a class=\"elementor-post__thumbnail__link\" href=\"https:\/\/motorium-tuntenhausen.de\/es\/provenexpert\/\" ><div class=\"elementor-post__thumbnail\"><img width=\"768\" height=\"382\" src=\"https:\/\/motorium-tuntenhausen.de\/wp-content\/uploads\/2021\/08\/Top-Experte-1.webp\" class=\"attachment-full size-full wp-image-2178\" alt=\"\" decoding=\"async\" srcset=\"https:\/\/motorium-tuntenhausen.de\/wp-content\/uploads\/2021\/08\/Top-Experte-1.webp 768w, https:\/\/motorium-tuntenhausen.de\/wp-content\/uploads\/2021\/08\/Top-Experte-1-300x149.webp 300w, https:\/\/motorium-tuntenhausen.de\/wp-content\/uploads\/2021\/08\/Top-Experte-1-18x9.webp 18w\" sizes=\"(max-width: 768px) 100vw, 768px\" \/><\/div><\/a>\n\t\t\t\t<div class=\"elementor-post__badge\">2019<\/div>\n\t\t\t\t<div class=\"elementor-post__text\">\n\t\t\t\t<h3 class=\"elementor-post__title\">\n\t\t\t<a href=\"https:\/\/motorium-tuntenhausen.de\/es\/provenexpert\/\" >\n\t\t\t\tNo podr\u00eda ser mejor: el mejor experto 2019 en ProvenExpert\t\t\t<\/a>\n\t\t<\/h3>\n\t\t\t\t<div class=\"elementor-post__excerpt\">\n\t\t\t<p>Maintenant, c&rsquo;est officiel: Selon ProvenExpert, Mcan Cars est l&rsquo;un des trois meilleurs experts du commerce automobile allemand ! La plateforme d&rsquo;\u00e9valuation ProvenExpert l&rsquo;a d\u00e9cern\u00e9 pour la premi\u00e8re fois cette ann\u00e9e. Plus de 54 000 entreprises de 36 secteurs sont enregistr\u00e9es sur la plate-forme. Les \u00e9valuations des clients &#8211; leur nombre<\/p>\n\t\t<\/div>\n\t\t\t\t\t<a class=\"elementor-post__read-more\" href=\"https:\/\/motorium-tuntenhausen.de\/es\/provenexpert\/\" >\n\t\t\t\tLeer m\u00e1s \"\t\t\t<\/a>\n\t\t\t\t<\/div>\n\t\t\t\t\t<\/div>\n\t\t<\/article>\n\t\t\t\t<article class=\"elementor-post elementor-grid-item post-2165 post type-post status-publish format-standard has-post-thumbnail hentry category-non-classifiee tag-auto-bild tag-meilleur-concessionnaire-automobile-2019\">\n\t\t\t<div class=\"elementor-post__card\">\n\t\t\t\t<a class=\"elementor-post__thumbnail__link\" href=\"https:\/\/motorium-tuntenhausen.de\/es\/auto-bild-mainautohaus24-a-ete-designe-meilleur-concessionnaire-automobile-de-lannee-2019-en-allemagne\/\" ><div class=\"elementor-post__thumbnail\"><img width=\"1538\" height=\"874\" src=\"https:\/\/motorium-tuntenhausen.de\/wp-content\/uploads\/2021\/08\/6.png\" class=\"attachment-full size-full wp-image-3991\" alt=\"\" decoding=\"async\" srcset=\"https:\/\/motorium-tuntenhausen.de\/wp-content\/uploads\/2021\/08\/6.png 1538w, https:\/\/motorium-tuntenhausen.de\/wp-content\/uploads\/2021\/08\/6-300x170.png 300w, https:\/\/motorium-tuntenhausen.de\/wp-content\/uploads\/2021\/08\/6-1024x582.png 1024w, https:\/\/motorium-tuntenhausen.de\/wp-content\/uploads\/2021\/08\/6-768x436.png 768w, https:\/\/motorium-tuntenhausen.de\/wp-content\/uploads\/2021\/08\/6-1536x873.png 1536w, https:\/\/motorium-tuntenhausen.de\/wp-content\/uploads\/2021\/08\/6-18x10.png 18w\" sizes=\"(max-width: 1538px) 100vw, 1538px\" \/><\/div><\/a>\n\t\t\t\t<div class=\"elementor-post__badge\">AUTO BILD<\/div>\n\t\t\t\t<div class=\"elementor-post__text\">\n\t\t\t\t<h3 class=\"elementor-post__title\">\n\t\t\t<a href=\"https:\/\/motorium-tuntenhausen.de\/es\/auto-bild-mainautohaus24-a-ete-designe-meilleur-concessionnaire-automobile-de-lannee-2019-en-allemagne\/\" >\n\t\t\t\tAuto Bild: Mcan Cars a \u00e9t\u00e9 d\u00e9sign\u00e9 meilleur concessionnaire automobile de l&rsquo;ann\u00e9e 2021 en Allemagne\t\t\t<\/a>\n\t\t<\/h3>\n\t\t\t\t<div class=\"elementor-post__excerpt\">\n\t\t\t<p>El peri\u00f3dico de coches m\u00e1s importante de Alemania, Auto Bild, y Statista GmbH, un portal alem\u00e1n de estad\u00edsticas en l\u00ednea, han vuelto a encuestar a m\u00e1s de 12.000 clientes por tercera vez y han dado su veredicto sobre m\u00e1s de 7.000 concesionarios de coches en toda Alemania y m\u00e1s de 20.000 concesionarios<\/p>\n\t\t<\/div>\n\t\t\t\t\t<a class=\"elementor-post__read-more\" href=\"https:\/\/motorium-tuntenhausen.de\/es\/auto-bild-mainautohaus24-a-ete-designe-meilleur-concessionnaire-automobile-de-lannee-2019-en-allemagne\/\" >\n\t\t\t\tLeer m\u00e1s \"\t\t\t<\/a>\n\t\t\t\t<\/div>\n\t\t\t\t\t<\/div>\n\t\t<\/article>\n\t\t\t\t<article class=\"elementor-post elementor-grid-item post-2162 post type-post status-publish format-standard has-post-thumbnail hentry category-non-classifiee tag-culture tag-education tag-projets-sociaux\">\n\t\t\t<div class=\"elementor-post__card\">\n\t\t\t\t<a class=\"elementor-post__thumbnail__link\" href=\"https:\/\/motorium-tuntenhausen.de\/es\/sport-kultur\/\" ><div class=\"elementor-post__thumbnail\"><img loading=\"lazy\" width=\"1284\" height=\"734\" src=\"https:\/\/motorium-tuntenhausen.de\/wp-content\/uploads\/2025\/02\/Mcan-Cars-.png\" class=\"attachment-full size-full wp-image-8792\" alt=\"\" decoding=\"async\" srcset=\"https:\/\/motorium-tuntenhausen.de\/wp-content\/uploads\/2025\/02\/Mcan-Cars-.png 1284w, https:\/\/motorium-tuntenhausen.de\/wp-content\/uploads\/2025\/02\/Mcan-Cars--300x171.png 300w, https:\/\/motorium-tuntenhausen.de\/wp-content\/uploads\/2025\/02\/Mcan-Cars--1024x585.png 1024w, https:\/\/motorium-tuntenhausen.de\/wp-content\/uploads\/2025\/02\/Mcan-Cars--768x439.png 768w, https:\/\/motorium-tuntenhausen.de\/wp-content\/uploads\/2025\/02\/Mcan-Cars--18x10.png 18w\" sizes=\"(max-width: 1284px) 100vw, 1284px\" \/><\/div><\/a>\n\t\t\t\t<div class=\"elementor-post__badge\">Cultura<\/div>\n\t\t\t\t<div class=\"elementor-post__text\">\n\t\t\t\t<h3 class=\"elementor-post__title\">\n\t\t\t<a href=\"https:\/\/motorium-tuntenhausen.de\/es\/sport-kultur\/\" >\n\t\t\t\tMcan Cars est impliqu\u00e9 dans des projets sportifs, culturels, \u00e9ducatifs et sociaux\t\t\t<\/a>\n\t\t<\/h3>\n\t\t\t\t<div class=\"elementor-post__excerpt\">\n\t\t\t<p>Nuestro negocio es la movilidad, pero nuestro sentido de la responsabilidad va mucho m\u00e1s all\u00e1 de la empresa. Nuestro coraz\u00f3n late por las personas y lo hemos demostrado en los \u00faltimos a\u00f1os. Hemos establecido v\u00ednculos desde el principio: en el deporte y la cultura, en la educaci\u00f3n y los proyectos sociales. Nosotros<\/p>\n\t\t<\/div>\n\t\t\t\t\t<a class=\"elementor-post__read-more\" href=\"https:\/\/motorium-tuntenhausen.de\/es\/sport-kultur\/\" >\n\t\t\t\tLeer m\u00e1s \"\t\t\t<\/a>\n\t\t\t\t<\/div>\n\t\t\t\t\t<\/div>\n\t\t<\/article>\n\t\t\t\t<article class=\"elementor-post elementor-grid-item post-2153 post type-post status-publish format-standard has-post-thumbnail hentry category-non-classifiee tag-128 tag-concessionnaire tag-gagnant\">\n\t\t\t<div class=\"elementor-post__card\">\n\t\t\t\t<a class=\"elementor-post__thumbnail__link\" href=\"https:\/\/motorium-tuntenhausen.de\/es\/concessionnaire-year-2021\/\" ><div class=\"elementor-post__thumbnail\"><img loading=\"lazy\" width=\"768\" height=\"450\" src=\"https:\/\/motorium-tuntenhausen.de\/wp-content\/uploads\/2021\/08\/Autohaus-des-Jahres-2018-768x450-1.webp\" class=\"attachment-full size-full wp-image-2157\" alt=\"\" decoding=\"async\" srcset=\"https:\/\/motorium-tuntenhausen.de\/wp-content\/uploads\/2021\/08\/Autohaus-des-Jahres-2018-768x450-1.webp 768w, https:\/\/motorium-tuntenhausen.de\/wp-content\/uploads\/2021\/08\/Autohaus-des-Jahres-2018-768x450-1-300x176.webp 300w, https:\/\/motorium-tuntenhausen.de\/wp-content\/uploads\/2021\/08\/Autohaus-des-Jahres-2018-768x450-1-18x12.webp 18w\" sizes=\"(max-width: 768px) 100vw, 768px\" \/><\/div><\/a>\n\t\t\t\t<div class=\"elementor-post__badge\">2021<\/div>\n\t\t\t\t<div class=\"elementor-post__text\">\n\t\t\t\t<h3 class=\"elementor-post__title\">\n\t\t\t<a href=\"https:\/\/motorium-tuntenhausen.de\/es\/concessionnaire-year-2021\/\" >\n\t\t\t\tConcesionario del A\u00f1o 2021: Y el ganador es ...\t\t\t<\/a>\n\t\t<\/h3>\n\t\t\t\t<div class=\"elementor-post__excerpt\">\n\t\t\t<p>&#8230; Mcan Cars ! Le nouveau gagnant est l&rsquo;ancien. La d\u00e9cision a \u00e9t\u00e9 courte et la joie de d\u00e9fendre le titre n&rsquo;en a \u00e9t\u00e9 que plus grande. Les crit\u00e8res du concours \u00e9taient presque les m\u00eames que l&rsquo;ann\u00e9e pr\u00e9c\u00e9dente: la satisfaction du client \u00e9tait la priorit\u00e9 absolue. Elle se refl\u00e8te entre<\/p>\n\t\t<\/div>\n\t\t\t\t\t<a class=\"elementor-post__read-more\" href=\"https:\/\/motorium-tuntenhausen.de\/es\/concessionnaire-year-2021\/\" >\n\t\t\t\tLeer m\u00e1s \"\t\t\t<\/a>\n\t\t\t\t<\/div>\n\t\t\t\t\t<\/div>\n\t\t<\/article>\n\t\t\t\t<article class=\"elementor-post elementor-grid-item post-2150 post type-post status-publish format-standard has-post-thumbnail hentry category-non-classifiee tag-112 tag-attribue tag-real-garant-versicherung-ag\">\n\t\t\t<div class=\"elementor-post__card\">\n\t\t\t\t<a class=\"elementor-post__thumbnail__link\" href=\"https:\/\/motorium-tuntenhausen.de\/es\/real-garant\/\" ><div class=\"elementor-post__thumbnail\"><img loading=\"lazy\" width=\"768\" height=\"382\" src=\"https:\/\/motorium-tuntenhausen.de\/wp-content\/uploads\/2021\/08\/RealGarant.webp\" class=\"attachment-full size-full wp-image-2151\" alt=\"\" decoding=\"async\" srcset=\"https:\/\/motorium-tuntenhausen.de\/wp-content\/uploads\/2021\/08\/RealGarant.webp 768w, https:\/\/motorium-tuntenhausen.de\/wp-content\/uploads\/2021\/08\/RealGarant-300x149.webp 300w, https:\/\/motorium-tuntenhausen.de\/wp-content\/uploads\/2021\/08\/RealGarant-18x9.webp 18w\" sizes=\"(max-width: 768px) 100vw, 768px\" \/><\/div><\/a>\n\t\t\t\t<div class=\"elementor-post__badge\">2017<\/div>\n\t\t\t\t<div class=\"elementor-post__text\">\n\t\t\t\t<h3 class=\"elementor-post__title\">\n\t\t\t<a href=\"https:\/\/motorium-tuntenhausen.de\/es\/real-garant\/\" >\n\t\t\t\tEncore une fois r\u00e9compens\u00e9 ! Une livraison de premi\u00e8re classe \u00e0 Mcan Cars\t\t\t<\/a>\n\t\t<\/h3>\n\t\t\t\t<div class=\"elementor-post__excerpt\">\n\t\t\t<p>Una vez m\u00e1s hemos sido reconocidos por Real Garant Versicherung AG por la calidad de nuestras entregas de veh\u00edculos usados. Antes de que reciba su veh\u00edculo comprado, nuestro personal de servicio lo revisar\u00e1 de nuevo a fondo. Porque todo el mundo es m\u00e1s feliz con el nuevo<\/p>\n\t\t<\/div>\n\t\t\t\t\t<a class=\"elementor-post__read-more\" href=\"https:\/\/motorium-tuntenhausen.de\/es\/real-garant\/\" >\n\t\t\t\tLeer m\u00e1s \"\t\t\t<\/a>\n\t\t\t\t<\/div>\n\t\t\t\t\t<\/div>\n\t\t<\/article>\n\t\t\t\t<article class=\"elementor-post elementor-grid-item post-2146 post type-post status-publish format-standard has-post-thumbnail hentry category-non-classifiee tag-actualites-automobiles tag-tesla\">\n\t\t\t<div class=\"elementor-post__card\">\n\t\t\t\t<a class=\"elementor-post__thumbnail__link\" href=\"https:\/\/motorium-tuntenhausen.de\/es\/new-tesla-model-y-suv\/\" ><div class=\"elementor-post__thumbnail\"><img loading=\"lazy\" width=\"768\" height=\"576\" src=\"https:\/\/motorium-tuntenhausen.de\/wp-content\/uploads\/2021\/08\/tesla.webp\" class=\"attachment-full size-full wp-image-2147\" alt=\"\" decoding=\"async\" srcset=\"https:\/\/motorium-tuntenhausen.de\/wp-content\/uploads\/2021\/08\/tesla.webp 768w, https:\/\/motorium-tuntenhausen.de\/wp-content\/uploads\/2021\/08\/tesla-300x225.webp 300w, https:\/\/motorium-tuntenhausen.de\/wp-content\/uploads\/2021\/08\/tesla-16x12.webp 16w\" sizes=\"(max-width: 768px) 100vw, 768px\" \/><\/div><\/a>\n\t\t\t\t<div class=\"elementor-post__badge\">Noticias del autom\u00f3vil<\/div>\n\t\t\t\t<div class=\"elementor-post__text\">\n\t\t\t\t<h3 class=\"elementor-post__title\">\n\t\t\t<a href=\"https:\/\/motorium-tuntenhausen.de\/es\/new-tesla-model-y-suv\/\" >\n\t\t\t\tEl nuevo SUV Tesla Model Y llegar\u00e1 en 2019\t\t\t<\/a>\n\t\t<\/h3>\n\t\t\t\t<div class=\"elementor-post__excerpt\">\n\t\t\t<p>La presentaci\u00f3n del nuevo Tesla Model 3 marca el inicio de una nueva era de coches m\u00e1s asequibles de la compa\u00f1\u00eda californiana de culto a los coches el\u00e9ctricos. El siguiente en la lista es un peque\u00f1o crossover llamado Model Y, que llegar\u00e1 en 2019. Este ser\u00e1 un paso crucial en el segundo \"plan maestro\"<\/p>\n\t\t<\/div>\n\t\t\t\t\t<a class=\"elementor-post__read-more\" href=\"https:\/\/motorium-tuntenhausen.de\/es\/new-tesla-model-y-suv\/\" >\n\t\t\t\tLeer m\u00e1s \"\t\t\t<\/a>\n\t\t\t\t<\/div>\n\t\t\t\t\t<\/div>\n\t\t<\/article>\n\t\t\t\t<article class=\"elementor-post elementor-grid-item post-2143 post type-post status-publish format-standard has-post-thumbnail hentry category-non-classifiee tag-actualites-automobiles tag-vauxhall-insignia\">\n\t\t\t<div class=\"elementor-post__card\">\n\t\t\t\t<a class=\"elementor-post__thumbnail__link\" href=\"https:\/\/motorium-tuntenhausen.de\/es\/flagship-vauxhall-monza-suv\/\" ><div class=\"elementor-post__thumbnail\"><img loading=\"lazy\" width=\"768\" height=\"512\" src=\"https:\/\/motorium-tuntenhausen.de\/wp-content\/uploads\/2021\/08\/Opel-Monza-Concept-12-768x512-1.webp\" class=\"attachment-full size-full wp-image-2144\" alt=\"\" decoding=\"async\" srcset=\"https:\/\/motorium-tuntenhausen.de\/wp-content\/uploads\/2021\/08\/Opel-Monza-Concept-12-768x512-1.webp 768w, https:\/\/motorium-tuntenhausen.de\/wp-content\/uploads\/2021\/08\/Opel-Monza-Concept-12-768x512-1-300x200.webp 300w, https:\/\/motorium-tuntenhausen.de\/wp-content\/uploads\/2021\/08\/Opel-Monza-Concept-12-768x512-1-18x12.webp 18w\" sizes=\"(max-width: 768px) 100vw, 768px\" \/><\/div><\/a>\n\t\t\t\t<div class=\"elementor-post__badge\">Noticias del autom\u00f3vil<\/div>\n\t\t\t\t<div class=\"elementor-post__text\">\n\t\t\t\t<h3 class=\"elementor-post__title\">\n\t\t\t<a href=\"https:\/\/motorium-tuntenhausen.de\/es\/flagship-vauxhall-monza-suv\/\" >\n\t\t\t\tEl emblem\u00e1tico SUV Vauxhall Monza queda en suspenso\t\t\t<\/a>\n\t\t<\/h3>\n\t\t\t\t<div class=\"elementor-post__excerpt\">\n\t\t\t<p>La adquisici\u00f3n de PSA significa que el atractivo SUV Vauxhall Monza se enfrenta a un futuro incierto Vauxhall y Opel se han embarcado en un programa de 100 d\u00edas para desarrollar un plan de negocio para el nuevo propietario PSA (Peugeot y Citro\u00ebn) - pero un modelo propuesto<\/p>\n\t\t<\/div>\n\t\t\t\t\t<a class=\"elementor-post__read-more\" href=\"https:\/\/motorium-tuntenhausen.de\/es\/flagship-vauxhall-monza-suv\/\" >\n\t\t\t\tLeer m\u00e1s \"\t\t\t<\/a>\n\t\t\t\t<\/div>\n\t\t\t\t\t<\/div>\n\t\t<\/article>\n\t\t\t\t<article class=\"elementor-post elementor-grid-item post-2138 post type-post status-publish format-standard has-post-thumbnail hentry category-non-classifiee tag-audi tag-voitures\">\n\t\t\t<div class=\"elementor-post__card\">\n\t\t\t\t<a class=\"elementor-post__thumbnail__link\" href=\"https:\/\/motorium-tuntenhausen.de\/es\/all-new-audi-q7-specs-redesigned\/\" ><div class=\"elementor-post__thumbnail\"><img loading=\"lazy\" width=\"700\" height=\"467\" src=\"https:\/\/motorium-tuntenhausen.de\/wp-content\/uploads\/2021\/08\/audi-q7.webp\" class=\"attachment-full size-full wp-image-2139\" alt=\"\" decoding=\"async\" srcset=\"https:\/\/motorium-tuntenhausen.de\/wp-content\/uploads\/2021\/08\/audi-q7.webp 700w, https:\/\/motorium-tuntenhausen.de\/wp-content\/uploads\/2021\/08\/audi-q7-300x200.webp 300w, https:\/\/motorium-tuntenhausen.de\/wp-content\/uploads\/2021\/08\/audi-q7-18x12.webp 18w\" sizes=\"(max-width: 700px) 100vw, 700px\" \/><\/div><\/a>\n\t\t\t\t<div class=\"elementor-post__badge\">Audi<\/div>\n\t\t\t\t<div class=\"elementor-post__text\">\n\t\t\t\t<h3 class=\"elementor-post__title\">\n\t\t\t<a href=\"https:\/\/motorium-tuntenhausen.de\/es\/all-new-audi-q7-specs-redesigned\/\" >\n\t\t\t\tEspecificaciones del nuevo Audi Q7: redise\u00f1ado, espacioso y m\u00e1s ligero\t\t\t<\/a>\n\t\t<\/h3>\n\t\t\t\t<div class=\"elementor-post__excerpt\">\n\t\t\t<p>El buque insignia de la gama Q de Audi, el Q7, aporta nuevos niveles de lujo y practicidad a la categor\u00eda de los SUV grandes. En la c\u00faspide de la gama Q de Audi, el Q7 ofrece el espacio, el lujo y la tecnolog\u00eda que se espera del legendario buque insignia<\/p>\n\t\t<\/div>\n\t\t\t\t\t<a class=\"elementor-post__read-more\" href=\"https:\/\/motorium-tuntenhausen.de\/es\/all-new-audi-q7-specs-redesigned\/\" >\n\t\t\t\tLeer m\u00e1s \"\t\t\t<\/a>\n\t\t\t\t<\/div>\n\t\t\t\t\t<\/div>\n\t\t<\/article>\n\t\t\t\t<\/div>\n\n\n\t\t\n\t\t\t\t<div class=\"e-load-more-anchor\" data-page=\"1\" data-max-page=\"2\" data-next-page=\"https:\/\/motorium-tuntenhausen.de\/es\/wp-json\/wp\/v2\/pages\/2097\/page\/2\/\"><\/div>\n\t\t\t\t<nav class=\"elementor-pagination\" role=\"navigation\" aria-label=\"Paginaci\u00f3n\">\n\t\t\t<span class=\"page-numbers prev\">\" Anterior<\/span>\n<span aria-current=\"page\" class=\"page-numbers current\"><span class=\"elementor-screen-only\">P\u00e1gina<\/span>1<\/span>\n<a class=\"page-numbers\" href=\"https:\/\/motorium-tuntenhausen.de\/es\/wp-json\/wp\/v2\/pages\/2097\/page\/2\/\"><span class=\"elementor-screen-only\">P\u00e1gina<\/span>2<\/a>\n<a class=\"page-numbers next\" href=\"https:\/\/motorium-tuntenhausen.de\/es\/wp-json\/wp\/v2\/pages\/2097\/page\/2\/\">Siguiente \"<\/a>\t\t<\/nav>\n\t\t\t\t<\/div>\n\t\t\t\t<\/div>\n\t\t\t\t\t<\/div>\n\t\t<\/div>\n\t\t\t\t\t<\/div>\n\t\t<\/section>\n\t\t\t\t<\/div>","protected":false},"excerpt":{"rendered":"<p>Blog \u00daltimas noticias de la empresa<\/p>","protected":false},"author":1,"featured_media":0,"parent":0,"menu_order":0,"comment_status":"closed","ping_status":"closed","template":"elementor_header_footer","meta":[],"blocksy_meta":{"styles_descriptor":{"styles":{"desktop":"","tablet":"","mobile":""},"google_fonts":[]}},"_links":{"self":[{"href":"https:\/\/motorium-tuntenhausen.de\/es\/wp-json\/wp\/v2\/pages\/2097"}],"collection":[{"href":"https:\/\/motorium-tuntenhausen.de\/es\/wp-json\/wp\/v2\/pages"}],"about":[{"href":"https:\/\/motorium-tuntenhausen.de\/es\/wp-json\/wp\/v2\/types\/page"}],"author":[{"embeddable":true,"href":"https:\/\/motorium-tuntenhausen.de\/es\/wp-json\/wp\/v2\/users\/1"}],"replies":[{"embeddable":true,"href":"https:\/\/motorium-tuntenhausen.de\/es\/wp-json\/wp\/v2\/comments?post=2097"}],"version-history":[{"count":13,"href":"https:\/\/motorium-tuntenhausen.de\/es\/wp-json\/wp\/v2\/pages\/2097\/revisions"}],"predecessor-version":[{"id":2161,"href":"https:\/\/motorium-tuntenhausen.de\/es\/wp-json\/wp\/v2\/pages\/2097\/revisions\/2161"}],"wp:attachment":[{"href":"https:\/\/motorium-tuntenhausen.de\/es\/wp-json\/wp\/v2\/media?parent=2097"}],"curies":[{"name":"wp","href":"https:\/\/api.w.org\/{rel}","templated":true}]}}