{"id":673,"date":"2021-07-10T19:12:04","date_gmt":"2021-07-10T19:12:04","guid":{"rendered":"https:\/\/www.paf-cars.com\/?page_id=673"},"modified":"2024-07-09T02:07:15","modified_gmt":"2024-07-09T02:07:15","slug":"terms-of-use","status":"publish","type":"page","link":"https:\/\/motorium-tuntenhausen.de\/de\/terms-of-use\/","title":{"rendered":"Bedingungen f\u00fcr die Nutzung"},"content":{"rendered":"<div data-elementor-type=\"wp-page\" data-elementor-id=\"673\" class=\"elementor elementor-673\">\n\t\t\t\t\t\t<section class=\"ob-is-breaking-bad elementor-section elementor-top-section elementor-element elementor-element-53c384a elementor-section-boxed elementor-section-height-default elementor-section-height-default\" data-id=\"53c384a\" data-element_type=\"section\" data-settings=\"{&quot;background_background&quot;:&quot;classic&quot;,&quot;_ob_bbad_use_it&quot;:&quot;yes&quot;,&quot;_ob_bbad_sssic_use&quot;:&quot;no&quot;,&quot;_ob_glider_is_slider&quot;:&quot;no&quot;}\">\n\t\t\t\t\t\t<div class=\"elementor-container elementor-column-gap-default\">\n\t\t\t\t\t<div class=\"elementor-column elementor-col-50 elementor-top-column elementor-element elementor-element-f816b1c\" data-id=\"f816b1c\" data-element_type=\"column\" data-settings=\"{&quot;_ob_bbad_is_stalker&quot;:&quot;no&quot;,&quot;_ob_teleporter_use&quot;:false,&quot;_ob_column_hoveranimator&quot;:&quot;no&quot;,&quot;_ob_column_has_pseudo&quot;:&quot;no&quot;}\">\n\t\t\t<div class=\"elementor-widget-wrap elementor-element-populated\">\n\t\t\t\t\t\t<div class=\"elementor-element elementor-element-edb3ee8 ob-harakiri-inherit ob-has-background-overlay elementor-widget elementor-widget-heading\" data-id=\"edb3ee8\" data-element_type=\"widget\" data-settings=\"{&quot;_ob_use_harakiri&quot;:&quot;yes&quot;,&quot;_ob_harakiri_writing_mode&quot;:&quot;inherit&quot;,&quot;_ob_harakiri_text_clip&quot;:&quot;none&quot;,&quot;_ob_perspektive_use&quot;:&quot;no&quot;,&quot;_ob_poopart_use&quot;:&quot;yes&quot;,&quot;_ob_shadough_use&quot;:&quot;no&quot;,&quot;_ob_allow_hoveranimator&quot;:&quot;no&quot;,&quot;_ob_widget_stalker_use&quot;:&quot;no&quot;}\" data-widget_type=\"heading.default\">\n\t\t\t\t<div class=\"elementor-widget-container\">\n\t\t\t<h2 class=\"elementor-heading-title elementor-size-default\">Bedingungen f\u00fcr die Nutzung<\/h2>\t\t<\/div>\n\t\t\t\t<\/div>\n\t\t\t\t\t<\/div>\n\t\t<\/div>\n\t\t\t\t<div class=\"elementor-column elementor-col-50 elementor-top-column elementor-element elementor-element-773448c\" data-id=\"773448c\" data-element_type=\"column\" data-settings=\"{&quot;_ob_bbad_is_stalker&quot;:&quot;no&quot;,&quot;_ob_teleporter_use&quot;:false,&quot;_ob_column_hoveranimator&quot;:&quot;no&quot;,&quot;_ob_column_has_pseudo&quot;:&quot;no&quot;}\">\n\t\t\t<div class=\"elementor-widget-wrap elementor-element-populated\">\n\t\t\t\t\t\t<div class=\"elementor-element elementor-element-cdb674a ob-harakiri-inherit ob-has-background-overlay elementor-widget elementor-widget-heading\" data-id=\"cdb674a\" data-element_type=\"widget\" data-settings=\"{&quot;_ob_use_harakiri&quot;:&quot;yes&quot;,&quot;_ob_harakiri_writing_mode&quot;:&quot;inherit&quot;,&quot;_ob_harakiri_text_clip&quot;:&quot;none&quot;,&quot;_ob_perspektive_use&quot;:&quot;no&quot;,&quot;_ob_poopart_use&quot;:&quot;yes&quot;,&quot;_ob_shadough_use&quot;:&quot;no&quot;,&quot;_ob_allow_hoveranimator&quot;:&quot;no&quot;,&quot;_ob_widget_stalker_use&quot;:&quot;no&quot;}\" data-widget_type=\"heading.default\">\n\t\t\t\t<div class=\"elementor-widget-container\">\n\t\t\t<h2 class=\"elementor-heading-title elementor-size-default\">Verkaufs-, Handels- und Lieferbedingungen<\/h2>\t\t<\/div>\n\t\t\t\t<\/div>\n\t\t\t\t\t<\/div>\n\t\t<\/div>\n\t\t\t\t\t<\/div>\n\t\t<\/section>\n\t\t\t\t<section class=\"ob-is-breaking-bad elementor-section elementor-top-section elementor-element elementor-element-c533926 elementor-section-boxed elementor-section-height-default elementor-section-height-default\" data-id=\"c533926\" data-element_type=\"section\" data-settings=\"{&quot;_ob_bbad_use_it&quot;:&quot;yes&quot;,&quot;_ob_bbad_sssic_use&quot;:&quot;no&quot;,&quot;_ob_glider_is_slider&quot;:&quot;no&quot;}\">\n\t\t\t\t\t\t<div class=\"elementor-container elementor-column-gap-default\">\n\t\t\t\t\t<div class=\"elementor-column elementor-col-100 elementor-top-column elementor-element elementor-element-12c56a2\" data-id=\"12c56a2\" data-element_type=\"column\" data-settings=\"{&quot;_ob_bbad_is_stalker&quot;:&quot;no&quot;,&quot;_ob_teleporter_use&quot;:false,&quot;_ob_column_hoveranimator&quot;:&quot;no&quot;,&quot;_ob_column_has_pseudo&quot;:&quot;no&quot;}\">\n\t\t\t<div class=\"elementor-widget-wrap elementor-element-populated\">\n\t\t\t\t\t\t<div class=\"elementor-element elementor-element-c545fbc ob-harakiri-inherit ob-has-background-overlay elementor-widget elementor-widget-text-editor\" data-id=\"c545fbc\" data-element_type=\"widget\" data-settings=\"{&quot;_ob_use_harakiri&quot;:&quot;yes&quot;,&quot;_ob_harakiri_writing_mode&quot;:&quot;inherit&quot;,&quot;_ob_postman_use&quot;:&quot;no&quot;,&quot;_ob_perspektive_use&quot;:&quot;no&quot;,&quot;_ob_poopart_use&quot;:&quot;yes&quot;,&quot;_ob_shadough_use&quot;:&quot;no&quot;,&quot;_ob_allow_hoveranimator&quot;:&quot;no&quot;,&quot;_ob_widget_stalker_use&quot;:&quot;no&quot;}\" data-widget_type=\"text-editor.default\">\n\t\t\t\t<div class=\"elementor-widget-container\">\n\t\t\t\t\t\t\t<div class=\"vc_row wpb_row vc_row-fluid\"><div class=\"wpb_column vc_column_container vc_col-sm-12\"><div class=\"vc_column-inner\"><div class=\"wpb_wrapper\"><div class=\"wpb_text_column wpb_content_element\"><div class=\"wpb_wrapper\"><div class=\"article clearfix\"><p><strong>I. Allgemein<\/strong><\/p><p>1. Allen mit uns abgeschlossenen Vertr\u00e4gen liegen die nachfolgenden Bedingungen zugrunde.<\/p><p>Sie stellen einen rechtsverbindlichen Vertragsbestandteil f\u00fcr die gesamte Gesch\u00e4ftsbeziehung dar und werden vom K\u00e4ufer bei Auftragserteilung als verbindlich anerkannt. M\u00fcndliche Garantievereinbarungen wurden nicht eingehalten. Ist der K\u00e4ufer Unternehmer, bed\u00fcrfen abweichende Bedingungen, Nebenabreden und \u00c4nderungen ihrer Wirksamkeit in jedem Fall unserer ausdr\u00fccklichen schriftlichen Best\u00e4tigung.<\/p><p>2. Sollten Teile der nachfolgenden Bedingungen unwirksam sein, so wird dadurch die G\u00fcltigkeit der \u00fcbrigen Vereinbarungen nicht ber\u00fchrt. Beziehen sich die Bedingungen auf den Auftragnehmer, so ist gleichzeitig die juristische Person des \u00f6ffentlichen Rechts oder das \u00f6ffentlich-rechtliche Sonderverm\u00f6gen einbezogen.<\/p><p>3. Erf\u00fcllungsort und - soweit der K\u00e4ufer Unternehmer ist - ausschlie\u00dflicher Gerichtsstand f\u00fcr s\u00e4mtliche gegenw\u00e4rtigen und zuk\u00fcnftigen Anspr\u00fcche aus den Allgemeinen Gesch\u00e4ftsbedingungen, einschlie\u00dflich Anspr\u00fcchen aus Angst und Wechseln, ist f\u00fcr beide Teile f\u00fcr alle Verbindlichkeiten zul\u00e4ssig. Es gilt deutsches Recht.<\/p><p>\u00a0<\/p><\/div><\/div><\/div><\/div><\/div><\/div><\/div><div class=\"vc_row wpb_row vc_row-fluid\"><div class=\"wpb_column vc_column_container vc_col-sm-12\"><div class=\"vc_column-inner\"><div class=\"wpb_wrapper\"><div class=\"wpb_text_column wpb_content_element\"><div class=\"wpb_wrapper\"><p><strong>II. Angebot und Abschluss des Vertrages<\/strong><\/p><p>1. Unsere Angebote sind stets freibleibend. Hinweise auf Angaben und Abbildungen in Katalogen und Preislisten sind nur ann\u00e4hernd ma\u00dfgebend und verpflichten uns nicht, diese wahrheitsgetreu zu liefern. Der kommerzielle und standardisierte Charakter der Waren ist wesentlich. Ist der K\u00e4ufer kein Verbraucher, bedarf die \u00dcbernahme der Garantie zu ihrer Wirksamkeit unserer schriftlichen Best\u00e4tigung.<\/p><p>\u00d6ffentliche \u00c4u\u00dferungen anderer Hersteller \u00fcber die Beschaffenheit einer Kaufsache sind f\u00fcr uns gegen\u00fcber einem K\u00e4ufer, der nicht Verbraucher ist, nicht verbindlich, es sei denn, wir haben diese Angaben schriftlich best\u00e4tigt. Beim Kauf von Markenprodukten sind die \"Zusatzbedingungen f\u00fcr den Verkauf von Markenprodukten\" der jeweiligen Hersteller Bestandteil dieser Liefer- und Zahlungsbedingungen.<\/p><p>2. Die Preise sind in Euro ab Lager bzw. Werk zu entrichten. Alle Angebote sind freibleibend. F\u00fcr Lieferungen durch uns berechnen wir eine anteilige Bearbeitungs- oder Verwaltungsgeb\u00fchr. F\u00fcr Nacht- und Expresslieferungen berechnen wir nach den von uns entwickelten Zonen- und Gewichtstarifen. Ma\u00dfgebend sind immer die am Tag der Lieferung g\u00fcltigen Preise, zuz\u00fcglich der dann g\u00fcltigen Mehrwertsteuer.<\/p><p>3. Werden nach Vertragsschluss Umst\u00e4nde bekannt, die die Kreditw\u00fcrdigkeit des K\u00e4ufers mindern, sind wir berechtigt, weitere Lieferungen einzustellen, unter Fristsetzung Sicherheiten und Vorauszahlungen zu verlangen und nach Ablauf dieser Frist ganz oder teilweise vom Vertrag zur\u00fcckzutreten.<\/p><p>4. Die Verpackungskosten sind nicht im Preis enthalten. Die Verpackungen werden als preiswert berechnet und im Rahmen der gesetzlichen Bestimmungen zur\u00fcckgenommen. Wird die Verpackung innerhalb eines Monats unter Verwendung der alten Symbole an das Lager des Anwenders zur\u00fcckgesandt, werden vorbehaltlich anderer Vereinbarungen 2\/3 des errechneten Wertes gutgeschrieben.<\/p><p>\u00a0<\/p><\/div><\/div><\/div><\/div><\/div><\/div><div class=\"vc_row wpb_row vc_row-fluid\"><div class=\"wpb_column vc_column_container vc_col-sm-12\"><div class=\"vc_column-inner\"><div class=\"wpb_wrapper\"><div class=\"wpb_text_column wpb_content_element\"><div class=\"wpb_wrapper\"><p><strong>III. Lieferung, Lieferverzug und Abnahme<\/strong><\/p><p>1. Lieferzeiten sind unverbindlich, sofern nichts anderes schriftlich vereinbart ist.<\/p><p>Teillieferungen sind zuverl\u00e4ssig. Besondere Umst\u00e4nde, z.B. h\u00f6here Gewalt, Streik usw., verl\u00e4ngern die Lieferfrist angemessen und berechtigen uns, ganz oder teilweise vom Vertrag zur\u00fcckzutreten, sofern der K\u00e4ufer Unternehmer ist. F\u00fchren derartige St\u00f6rungen zu einer Verz\u00f6gerung von mehr als 4 Monaten, kann der K\u00e4ufer vom Vertrag zur\u00fccktreten. Andere R\u00fccktrittsrechte bleiben hiervon unber\u00fchrt. Schadensersatzanspr\u00fcche sind in Abschnitt V.4. geregelt.<\/p><p>2. Der K\u00e4ufer darf uns fr\u00fchestens nach Ablauf des vereinbarten Liefertermins in Verzug setzen. Um vom Vertrag zur\u00fccktreten oder Schadensersatz verlangen zu k\u00f6nnen, muss uns der Auftragnehmer au\u00dferdem eine angemessene Frist zur Nacherf\u00fcllung setzen.<\/p><p>3. Die Gefahr des Untergangs oder der Verschlechterung der vom Auftragnehmer bestellten Ware geht mit der Absendung auf den Auftraggeber \u00fcber, und zwar auch dann, wenn Teillieferungen erfolgen oder wenn frachtfreie Lieferungen vereinbart sind. Eine Versicherung ist nur auf ausdr\u00fccklichen Wunsch m\u00f6glich und geht zu Lasten des K\u00e4ufers. Die Wahl des Transportmittels erfolgt mangels besonderer Weisung durch uns, ohne Gew\u00e4hr f\u00fcr billigste und schnellste Verfrachtung. Die Nichteinhaltung von Lieferterminen entbindet den Vertragspartner nicht von der Abnahmeverpflichtung. Schadensersatzanspr\u00fcche sind in Abschnitt V.4. geregelt.<\/p><p>4. Machen wir Schadensersatz wegen unberechtigter Annahmeverweigerung durch den B\u00f6ttcher geltend, so betr\u00e4gt dieser 15 % des jeweiligen Kaufpreises. Der Schadensbetrag ist h\u00f6her oder niedriger anzusetzen, wenn wir einen h\u00f6heren oder der K\u00e4ufer einen niedrigeren Schaden nachweist.<\/p><p>5. Bei Sonderanfertigungen ist eine \u00dcber- oder Unterlieferung von 10 % der bestellten Menge vorbehalten.<\/p><p>\u00a0<\/p><\/div><\/div><\/div><\/div><\/div><\/div><div class=\"vc_row wpb_row vc_row-fluid\"><div class=\"wpb_column vc_column_container vc_col-sm-12\"><div class=\"vc_column-inner\"><div class=\"wpb_wrapper\"><div class=\"wpb_text_column wpb_content_element\"><div class=\"wpb_wrapper\"><p><strong>IV. Zahlung, Verzug und Aufrechnung<\/strong><\/p><p>1. Die Zahlung hat innerhalb von 30 Tagen nach Rechnungsdatum ohne Abzug zu erfolgen.<\/p><p>Die Zahlung muss innerhalb der angegebenen Frist erfolgen, so dass der zur Begleichung der Rechnung erforderliche Betrag sp\u00e4testens am F\u00e4lligkeitstag zur Verf\u00fcgung steht. Ist mit dem K\u00e4ufer Zahlung per Bankeinzug vereinbart, erm\u00e4chtigt uns der K\u00e4ufer, alle Rechnungsbetr\u00e4ge von der angegebenen Kontoverbindung abzubuchen. Gleichzeitig ist das Kreditinstitut des K\u00e4ufers verpflichtet, uns oder einem von uns beauftragten Dritten die Nichteinl\u00f6sung der Lastschrift oder den Widerspruch gegen die Lastschrift auf Verlangen unter Angabe von Name und Anschrift des K\u00e4ufers mitzuteilen, damit wir unsere Rechte geltend machen k\u00f6nnen. Zahlungsanweisungen, Schecks und Wechsel werden nur zahlungshalber f\u00fcr alle Einziehungs- und Diskontspesen angenommen.<\/p><p>2. Vertreter oder andere Mitarbeiter sind nicht berechtigt, Geb\u00fchren einzuziehen. Zahlungen an solche Personen entbinden den Anwender nicht von seinen Zahlungsverpflichtungen, es sei denn, er hat eine Vollmacht zum Empfang von Zahlungen.<\/p><p>3. Sind Teilzahlungen vereinbart, so wird die gesamte Restschuld - ohne R\u00fccksicht auf die F\u00e4lligkeit der Wechsel - sofort f\u00e4llig, wenn :<\/p><p>a) der K\u00e4ufer kein Unternehmer ist, mit mindestens zwei aufeinanderfolgenden Raten ganz oder teilweise in Verzug ist und die H\u00f6he seines R\u00fcckstandes mindestens 1\/10 des Kaufpreises betr\u00e4gt.<\/p><p>b) der K\u00e4ufer, der Unternehmer ist, mit seinen Zahlungen 14 Tage im R\u00fcckstand ist, seine Zahlungen eingestellt hat oder \u00fcber sein Verm\u00f6gen das Insolvenzverfahren er\u00f6ffnet wurde.<\/p><p>4. Befindet sich der K\u00e4ufer in Zahlungsverzug, sind wir berechtigt, alle offenen Rechnungen aus der Gesch\u00e4ftsverbindung unter Aufhebung der vereinbarten F\u00e4lligkeiten mit einer Zahlungsfrist von 10 Tagen zu begleichen.<\/p><p>5. In Bezug auf Kaufpreisforderungen ist eine Aufrechnung nur mit unbestrittenen oder rechtskr\u00e4ftig festgestellten f\u00e4lligen Forderungen zul\u00e4ssig. Die Geltendmachung von Zur\u00fcckbehaltungsrechten und sonstigen Leistungsverweigerungsrechten ist ausgeschlossen, soweit sie nicht aus demselben Vertragsverh\u00e4ltnis resultieren.<\/p><p>\u00a0<\/p><\/div><\/div><\/div><\/div><\/div><\/div><div class=\"vc_row wpb_row vc_row-fluid\"><div class=\"wpb_column vc_column_container vc_col-sm-12\"><div class=\"vc_column-inner\"><div class=\"wpb_wrapper\"><div class=\"wpb_text_column wpb_content_element\"><div class=\"wpb_wrapper\"><p><strong>V. Gew\u00e4hrleistung und Haftung<\/strong><\/p><p>1. Alle Waren sind nach Abholung bzw. Anlieferung unverz\u00fcglich auf Richtigkeit, Vollst\u00e4ndigkeit und Unversehrtheit bzw. Beschaffenheit und M\u00e4ngel bei uns zu \u00fcberpr\u00fcfen, der K\u00e4ufer ist kein Verbraucher innerhalb von 2 Tagen - Anzeige. Voraussetzung ist, dass die Ware ordnungsgem\u00e4\u00df anerkannt worden ist. Versteckte M\u00e4ngel sind innerhalb einer Woche nach ihrer Entdeckung zu r\u00fcgen. Treten durch das Unterlassen dieses Hinweises weitere M\u00e4ngel oder Sch\u00e4den auf, ist die Gew\u00e4hrleistung ausgeschlossen. Bei gebrauchten Artikeln ist die Gew\u00e4hrleistung ausgeschlossen.<\/p><p>2. Transportsch\u00e4den oder -m\u00e4ngel m\u00fcssen auf dem Frachtbrief von der Bahn, ansonsten vom Fahrer und den an der Entladung beteiligten Personen unter Angabe ihrer Namen und Adressen vermerkt werden.<\/p><p>3. Ob ein Mangel vorliegt, ob wir liefern oder nachbessern, bestimmen wir, es sei denn, der K\u00e4ufer ist ein Verbraucher. Im Falle der Nacherf\u00fcllung zu Gunsten eines K\u00e4ufers, der diese Kosten nicht tr\u00e4gt, bedeutet dies, dass der zu reparierende Gegenstand an einen anderen Ort als den Sitz des K\u00e4ufers verbracht wurde, es sei denn, dies entspricht dem bestimmungsgem\u00e4\u00dfen Gebrauch des Gegenstandes. Die Gew\u00e4hrleistungsfrist f\u00fcr den K\u00e4ufer, der nicht Verbraucher ist, betr\u00e4gt ein Jahr ab Ablieferung der Sache. Ist zur \u00dcberpr\u00fcfung der Mangelhaftigkeit die \u00dcbersendung des Liefergegenstandes in die Gesch\u00e4ftsr\u00e4ume erforderlich, steht die Nachlieferung unter dem Vorbehalt, dass die Mangelhaftigkeit des Liefergegenstandes vom Lieferanten best\u00e4tigt wird.<\/p><p>4. Der K\u00e4ufer kann nicht Schadensersatz statt der Leistung verlangen. Wir haften in F\u00e4llen einfacher Fahrl\u00e4ssigkeit f\u00fcr Personensch\u00e4den und f\u00fcr typische, vorhersehbare Sch\u00e4den aus der Verletzung wesentlicher Vertragspflichten. Dar\u00fcber hinaus ist die Haftung auf Sachsch\u00e4den beschr\u00e4nkt, die durch grobe Fahrl\u00e4ssigkeit oder Vorsatz verursacht wurden. Soweit der Schaden durch eine vom K\u00e4ufer f\u00fcr den betreffenden Schadenfall abgeschlossene Versicherung (ausgenommen Summenversicherung) gedeckt ist, haften wir nur f\u00fcr die damit verbundenen Nachteile des Verk\u00e4ufers, z.B. h\u00f6here Versicherungspr\u00e4mien oder Zinsnachteile, bis zur Schadenregulierung durch die Versicherung.<\/p><p>5. Der Packzettel muss bei jeder Anmeldung oder R\u00fccksendung beigelegt werden. Die im Zusammenhang mit einer unberechtigten M\u00e4ngelr\u00fcge entstehenden Kosten gehen zu Lasten des K\u00e4ufers.<\/p><p>\u00a0<\/p><\/div><\/div><\/div><\/div><\/div><\/div><div class=\"vc_row wpb_row vc_row-fluid\"><div class=\"wpb_column vc_column_container vc_col-sm-12\"><div class=\"vc_column-inner\"><div class=\"wpb_wrapper\"><div class=\"wpb_text_column wpb_content_element\"><div class=\"wpb_wrapper\"><p><strong>VI. Eigentumsvorbehalt<\/strong><\/p><p>1. Wir behalten uns das Eigentum an den Liefergegenst\u00e4nden bis zum Eingang aller Zahlungen aus dem jeweiligen Liefervertrag vor. Ist der K\u00e4ufer Unternehmer, gilt der Eigentumsvorbehalt auch f\u00fcr Forderungen (einschlie\u00dflich s\u00e4mtlicher Saldoforderungen aus Kontokorrent sowie offener Rechnungen), die wir aus der laufenden Gesch\u00e4ftsbeziehung mit dem K\u00e4ufer haben. Die Ware, an der uns (Mit-)Eigentum zusteht, wird im Folgenden als Vorbehaltsware bezeichnet.<\/p><p>2. Die Verbindung, Be- und Verarbeitung und sonstige Be- und Verarbeitung der Liefergegenst\u00e4nde erfolgt stets f\u00fcr uns als Hersteller, jedoch ohne Verpflichtung f\u00fcr uns. Der K\u00e4ufer erh\u00e4lt ein Anwartschaftsrecht in H\u00f6he unseres Anteils an der Vorbehaltsware. Holen Sie unsere heraus<\/p><p>Es wird jedoch bereits jetzt vereinbart, dass das (Mit-)Eigentum des Bestellers an der einheitlichen Sache wertanteilig (Rechnungswert) auf uns \u00fcbergeht.<\/p><p>3. Der K\u00e4ufer darf die Vorbehaltsware nur im Rahmen seines ordnungsgem\u00e4\u00dfen Gesch\u00e4ftsbetriebes ver\u00e4u\u00dfern oder verarbeiten. Beruht der Eigentumsvorbehalt auf einem anderen als dem in Abschnitt VI. 2. genannten Grund. Aus den genannten Gr\u00fcnden, insbesondere durch nachtr\u00e4gliche Abtretung usw., tritt der K\u00e4ufer schon jetzt seine daraus resultierenden Gew\u00e4hrleistungsanspr\u00fcche an uns ab, unabh\u00e4ngig davon, ob er die Ware zusammen mit anderen Leistungen oder an einen oder mehrere Abnehmer verkauft. Der Verk\u00e4ufer hat uns die vereinbarten Abtretungsverbote unverz\u00fcglich mitzuteilen. Auf unser Verlangen hat er die Abtretung den Drittschuldnern bekannt zu geben, uns alle zur Geltendmachung unserer Rechte erforderlichen Ausk\u00fcnfte zu erteilen und die Unterlagen auszuh\u00e4ndigen.<\/p><p>4. Der K\u00e4ufer ist zur Einziehung der unter den vorstehenden Bedingungen abgetretenen Forderungen bis auf weiteres erm\u00e4chtigt; er hat die aufgelaufenen Beitr\u00e4ge unverz\u00fcglich an uns abzuf\u00fchren. Bei Verzug oder Insolvenz des K\u00e4ufers erlischt diese Einziehungserm\u00e4chtigung ohne Widerruf. \u00dcbersteigt der realisierbare Wert unserer Sicherheiten unsere Forderungen (einschlie\u00dflich s\u00e4mtlicher Saldoforderungen aus Kontokorrent und laufender Rechnungen) um mehr als 10 %, werden wir auf Verlangen des Mitk\u00e4ufers die \u00fcberschie\u00dfenden Sicherheiten nach Ihrer Wahl freigeben.<\/p><p>5. Der K\u00e4ufer ist verpflichtet, die Vorbehaltsware pfleglich zu behandeln, etwaige Kosten zu tragen und sie unentgeltlich zu verwahren. Er darf sie nicht verpf\u00e4nden, zur Sicherung \u00fcbereignen oder in sonstiger Weise dar\u00fcber verf\u00fcgen. Ein solcher Versto\u00df ist uns unverz\u00fcglich mitzuteilen. Der K\u00e4ufer, der Unternehmer ist, ist verpflichtet, die Vorbehaltsware auf eigene Kosten gegen Feuer und Diebstahl zu versichern und dies durch Vorlage des Versicherungsscheins und der letzten Pr\u00e4mienquittung nachzuweisen.<\/p><p>6. Kommt der K\u00e4ufer in Zahlungsverzug oder kommt er seinen Verpflichtungen aus dem Eigentumsvorbehalt nicht nach, so k\u00f6nnen wir den Liefergegenstand vom K\u00e4ufer herausverlangen und nach schriftlicher Inverzugsetzung innerhalb einer angemessenen Frist durch freih\u00e4ndigen Verkauf bestm\u00f6glich verwerten.<\/p><p>7. Verlangen wir die Herausgabe des Liefergegenstandes, so ist der Besteller verpflichtet, den Liefergegenstand sofort an uns herauszugeben, mit Ausnahme von etwaigen Zur\u00fcckbehaltungsrechten - soweit sie nicht auf dem Liefervertrag beruhen. F\u00fcr den Fall des Zahlungsverzuges erm\u00e4chtigt uns der K\u00e4ufer unwiderruflich, die Vorbehaltsware sofort an sich zu nehmen und zu diesem Zweck Gesch\u00e4ftsr\u00e4ume und Lager frei zu betreten.<\/p><p>8. Alle Kosten der R\u00fccksendung und der Verwertung des Liefergegenstandes tr\u00e4gt der K\u00e4ufer. Die Verwertungskosten belaufen sich auf 10 % des Verkaufserl\u00f6ses, einschlie\u00dflich Mehrwertsteuer. Sie sind je nach Kostennachweis h\u00f6her oder niedriger. Der Erl\u00f6s wird dem K\u00e4ufer nach Abzug der Kosten und sonstiger Forderungen im Zusammenhang mit dem Vertrag gutgeschrieben.<\/p><p>9. Verarbeitet der K\u00e4ufer die Sache nicht entsprechend seinen Verpflichtungen aus dem Eigentumsvorbehalt oder kommt er seinen Informationspflichten nicht nach, ist uns die Fortsetzung des Vertrages zumutbar. Wir k\u00f6nnen dann - ggf. nach Ablauf der Frist - vom Vertrag zur\u00fccktreten und stattdessen Schadensersatz verlangen.<\/p><p>\u00a0<\/p><\/div><\/div><\/div><\/div><\/div><\/div><div class=\"vc_row wpb_row vc_row-fluid\"><div class=\"wpb_column vc_column_container vc_col-sm-12\"><div class=\"vc_column-inner\"><div class=\"wpb_wrapper\"><div class=\"wpb_text_column wpb_content_element\"><div class=\"wpb_wrapper\"><p><strong>VII. R\u00fccksendung von Waren<\/strong><\/p><p>Bestellungsgem\u00e4\u00df gelieferte Ware kann nicht sp\u00e4ter als 8 Tage nach Lieferung und nur in Ausnahmef\u00e4llen, die unserer ausdr\u00fccklichen Zustimmung bed\u00fcrfen, zur\u00fcckgenommen werden. Ist dies der Fall und befindet sich die Ware in einwandfreiem Zustand, verkaufsf\u00e4hig und originalverpackt, wird eine Gutschrift erteilt, wobei mindestens 10% des Warenwertes als Wiedereinlagerungskosten abgezogen werden.<\/p><\/div><\/div><\/div><\/div><\/div><\/div>\t\t\t\t\t\t<\/div>\n\t\t\t\t<\/div>\n\t\t\t\t\t<\/div>\n\t\t<\/div>\n\t\t\t\t\t<\/div>\n\t\t<\/section>\n\t\t\t\t<\/div>","protected":false},"excerpt":{"rendered":"<p>Conditions de vente, de commerce et de livraison I. G\u00e9n\u00e9ralit\u00e9s 1. Tous les contrats conclus avec nous sont bas\u00e9s sur les conditions suivantes. Ils constituent une partie du contrat juridiquement contraignante pour l&rsquo;ensemble de nos relations commerciales et sont reconnus comme contraignants par l&rsquo;acheteur au moment de la passation de la commande. Les accords verbaux [&hellip;]<\/p>","protected":false},"author":1,"featured_media":0,"parent":0,"menu_order":0,"comment_status":"closed","ping_status":"closed","template":"elementor_header_footer","meta":[],"blocksy_meta":{"styles_descriptor":{"styles":{"desktop":"","tablet":"","mobile":""},"google_fonts":[]}},"_links":{"self":[{"href":"https:\/\/motorium-tuntenhausen.de\/de\/wp-json\/wp\/v2\/pages\/673"}],"collection":[{"href":"https:\/\/motorium-tuntenhausen.de\/de\/wp-json\/wp\/v2\/pages"}],"about":[{"href":"https:\/\/motorium-tuntenhausen.de\/de\/wp-json\/wp\/v2\/types\/page"}],"author":[{"embeddable":true,"href":"https:\/\/motorium-tuntenhausen.de\/de\/wp-json\/wp\/v2\/users\/1"}],"replies":[{"embeddable":true,"href":"https:\/\/motorium-tuntenhausen.de\/de\/wp-json\/wp\/v2\/comments?post=673"}],"version-history":[{"count":7,"href":"https:\/\/motorium-tuntenhausen.de\/de\/wp-json\/wp\/v2\/pages\/673\/revisions"}],"predecessor-version":[{"id":806,"href":"https:\/\/motorium-tuntenhausen.de\/de\/wp-json\/wp\/v2\/pages\/673\/revisions\/806"}],"wp:attachment":[{"href":"https:\/\/motorium-tuntenhausen.de\/de\/wp-json\/wp\/v2\/media?parent=673"}],"curies":[{"name":"wp","href":"https:\/\/api.w.org\/{rel}","templated":true}]}}