{"id":671,"date":"2021-07-10T19:10:55","date_gmt":"2021-07-10T19:10:55","guid":{"rendered":"https:\/\/www.paf-cars.com\/?page_id=671"},"modified":"2021-07-12T02:18:17","modified_gmt":"2021-07-12T02:18:17","slug":"shipping-export","status":"publish","type":"page","link":"https:\/\/motorium-tuntenhausen.de\/de\/shipping-export\/","title":{"rendered":"Lieferung und Export"},"content":{"rendered":"<div data-elementor-type=\"wp-page\" data-elementor-id=\"671\" class=\"elementor elementor-671\">\n\t\t\t\t\t\t<section class=\"ob-is-breaking-bad elementor-section elementor-top-section elementor-element elementor-element-3059a88 elementor-section-boxed elementor-section-height-default elementor-section-height-default\" data-id=\"3059a88\" data-element_type=\"section\" data-settings=\"{&quot;background_background&quot;:&quot;classic&quot;,&quot;_ob_bbad_use_it&quot;:&quot;yes&quot;,&quot;_ob_bbad_sssic_use&quot;:&quot;no&quot;,&quot;_ob_glider_is_slider&quot;:&quot;no&quot;}\">\n\t\t\t\t\t\t<div class=\"elementor-container elementor-column-gap-default\">\n\t\t\t\t\t<div class=\"elementor-column elementor-col-50 elementor-top-column elementor-element elementor-element-710497b\" data-id=\"710497b\" data-element_type=\"column\" data-settings=\"{&quot;_ob_bbad_is_stalker&quot;:&quot;no&quot;,&quot;_ob_teleporter_use&quot;:false,&quot;_ob_column_hoveranimator&quot;:&quot;no&quot;,&quot;_ob_column_has_pseudo&quot;:&quot;no&quot;}\">\n\t\t\t<div class=\"elementor-widget-wrap elementor-element-populated\">\n\t\t\t\t\t\t<div class=\"elementor-element elementor-element-fe43d57 ob-harakiri-inherit ob-has-background-overlay elementor-widget elementor-widget-heading\" data-id=\"fe43d57\" data-element_type=\"widget\" data-settings=\"{&quot;_ob_use_harakiri&quot;:&quot;yes&quot;,&quot;_ob_harakiri_writing_mode&quot;:&quot;inherit&quot;,&quot;_ob_harakiri_text_clip&quot;:&quot;none&quot;,&quot;_ob_perspektive_use&quot;:&quot;no&quot;,&quot;_ob_poopart_use&quot;:&quot;yes&quot;,&quot;_ob_shadough_use&quot;:&quot;no&quot;,&quot;_ob_allow_hoveranimator&quot;:&quot;no&quot;,&quot;_ob_widget_stalker_use&quot;:&quot;no&quot;}\" data-widget_type=\"heading.default\">\n\t\t\t\t<div class=\"elementor-widget-container\">\n\t\t\t<h2 class=\"elementor-heading-title elementor-size-default\">Lieferung und Export<\/h2>\t\t<\/div>\n\t\t\t\t<\/div>\n\t\t\t\t\t<\/div>\n\t\t<\/div>\n\t\t\t\t<div class=\"elementor-column elementor-col-50 elementor-top-column elementor-element elementor-element-3300897\" data-id=\"3300897\" data-element_type=\"column\" data-settings=\"{&quot;_ob_bbad_is_stalker&quot;:&quot;no&quot;,&quot;_ob_teleporter_use&quot;:false,&quot;_ob_column_hoveranimator&quot;:&quot;no&quot;,&quot;_ob_column_has_pseudo&quot;:&quot;no&quot;}\">\n\t\t\t<div class=\"elementor-widget-wrap elementor-element-populated\">\n\t\t\t\t\t\t<div class=\"elementor-element elementor-element-1f0c87a ob-harakiri-inherit ob-has-background-overlay elementor-widget elementor-widget-heading\" data-id=\"1f0c87a\" data-element_type=\"widget\" data-settings=\"{&quot;_ob_use_harakiri&quot;:&quot;yes&quot;,&quot;_ob_harakiri_writing_mode&quot;:&quot;inherit&quot;,&quot;_ob_harakiri_text_clip&quot;:&quot;none&quot;,&quot;_ob_perspektive_use&quot;:&quot;no&quot;,&quot;_ob_poopart_use&quot;:&quot;yes&quot;,&quot;_ob_shadough_use&quot;:&quot;no&quot;,&quot;_ob_allow_hoveranimator&quot;:&quot;no&quot;,&quot;_ob_widget_stalker_use&quot;:&quot;no&quot;}\" data-widget_type=\"heading.default\">\n\t\t\t\t<div class=\"elementor-widget-container\">\n\t\t\t<h2 class=\"elementor-heading-title elementor-size-default\">Einfachheit, Geschwindigkeit und Garantie<\/h2>\t\t<\/div>\n\t\t\t\t<\/div>\n\t\t\t\t\t<\/div>\n\t\t<\/div>\n\t\t\t\t\t<\/div>\n\t\t<\/section>\n\t\t\t\t<section class=\"ob-is-breaking-bad elementor-section elementor-top-section elementor-element elementor-element-5cf8132 elementor-section-boxed elementor-section-height-default elementor-section-height-default\" data-id=\"5cf8132\" data-element_type=\"section\" data-settings=\"{&quot;_ob_bbad_use_it&quot;:&quot;yes&quot;,&quot;_ob_bbad_sssic_use&quot;:&quot;no&quot;,&quot;_ob_glider_is_slider&quot;:&quot;no&quot;}\">\n\t\t\t\t\t\t<div class=\"elementor-container elementor-column-gap-default\">\n\t\t\t\t\t<div class=\"elementor-column elementor-col-100 elementor-top-column elementor-element elementor-element-84a15c0\" data-id=\"84a15c0\" data-element_type=\"column\" data-settings=\"{&quot;_ob_bbad_is_stalker&quot;:&quot;no&quot;,&quot;_ob_teleporter_use&quot;:false,&quot;_ob_column_hoveranimator&quot;:&quot;no&quot;,&quot;_ob_column_has_pseudo&quot;:&quot;no&quot;}\">\n\t\t\t<div class=\"elementor-widget-wrap elementor-element-populated\">\n\t\t\t\t\t\t<div class=\"elementor-element elementor-element-292c049 elementor-icon-list--layout-traditional elementor-list-item-link-full_width ob-has-background-overlay elementor-widget elementor-widget-icon-list\" data-id=\"292c049\" data-element_type=\"widget\" data-settings=\"{&quot;_ob_perspektive_use&quot;:&quot;no&quot;,&quot;_ob_poopart_use&quot;:&quot;yes&quot;,&quot;_ob_shadough_use&quot;:&quot;no&quot;,&quot;_ob_allow_hoveranimator&quot;:&quot;no&quot;,&quot;_ob_widget_stalker_use&quot;:&quot;no&quot;}\" data-widget_type=\"icon-list.default\">\n\t\t\t\t<div class=\"elementor-widget-container\">\n\t\t\t\t\t<ul class=\"elementor-icon-list-items\">\n\t\t\t\t\t\t\t<li class=\"elementor-icon-list-item\">\n\t\t\t\t\t\t\t\t\t\t\t<span class=\"elementor-icon-list-icon\">\n\t\t\t\t\t\t\t<i aria-hidden=\"true\" class=\"fas fa-chevron-right\"><\/i>\t\t\t\t\t\t<\/span>\n\t\t\t\t\t\t\t\t\t\t<span class=\"elementor-icon-list-text\"> Die auf unserer Website zum Verkauf angebotenen Fahrzeuge sind deutschen Ursprungs und sind (oder waren) in Deutschland zugelassen. Die mit \"Partner\" gekennzeichneten Fahrzeuge werden von deutschen Banken, Kreditgenossenschaften oder anderen Finanzinstituten von ihren s\u00e4umigen Kunden abgeholt und unsere Partner haben uns das Recht einger\u00e4umt, der offizielle Verk\u00e4ufer ihrer Flotte zu werden. Alle Fahrzeuge sind in einwandfreiem optischen und technischen Zustand mit echtem, garantiertem und zertifiziertem Kilometerstand, aktueller Servicehistorie und unfallfrei. Wir w\u00e4hlen nur Fahrzeuge zum Verkauf aus, die sich in einem sehr guten Zustand befinden und einen geringen Kilometerstand haben.<\/span>\n\t\t\t\t\t\t\t\t\t<\/li>\n\t\t\t\t\t\t\t\t<li class=\"elementor-icon-list-item\">\n\t\t\t\t\t\t\t\t\t\t\t<span class=\"elementor-icon-list-icon\">\n\t\t\t\t\t\t\t<i aria-hidden=\"true\" class=\"fas fa-chevron-right\"><\/i>\t\t\t\t\t\t<\/span>\n\t\t\t\t\t\t\t\t\t\t<span class=\"elementor-icon-list-text\"> Der Kaufvertrag und die Rechnung werden nach dem Eigentums\u00fcbergang des Fahrzeugs direkt zwischen unserem Unternehmen und dem Kunden geschlossen.<\/span>\n\t\t\t\t\t\t\t\t\t<\/li>\n\t\t\t\t\t\t\t\t<li class=\"elementor-icon-list-item\">\n\t\t\t\t\t\t\t\t\t\t\t<span class=\"elementor-icon-list-icon\">\n\t\t\t\t\t\t\t<i aria-hidden=\"true\" class=\"fas fa-chevron-right\"><\/i>\t\t\t\t\t\t<\/span>\n\t\t\t\t\t\t\t\t\t\t<span class=\"elementor-icon-list-text\"> Die Dokumente f\u00fcr die Eigentums\u00fcbertragung des Fahrzeugs werden erst vorbereitet, nachdem der Kunde den Kaufvertrag unterschrieben und per E-Mail an uns zur\u00fcckgeschickt hat und die vollst\u00e4ndige Zahlung von unserer Bank best\u00e4tigt wurde. Bitte beachten Sie, dass bei Fahrzeugen, die mit \"Partner\" gekennzeichnet sind, die Lieferung bis zu 5-7 Arbeitstage ab Bestellung dauern kann.<\/span>\n\t\t\t\t\t\t\t\t\t<\/li>\n\t\t\t\t\t\t\t\t<li class=\"elementor-icon-list-item\">\n\t\t\t\t\t\t\t\t\t\t\t<span class=\"elementor-icon-list-icon\">\n\t\t\t\t\t\t\t<i aria-hidden=\"true\" class=\"fas fa-chevron-right\"><\/i>\t\t\t\t\t\t<\/span>\n\t\t\t\t\t\t\t\t\t\t<span class=\"elementor-icon-list-text\"> Alle auf unserer Website angegebenen Preise verstehen sich inklusive Mehrwertsteuer (19% ist der Mehrwertsteuersatz in Deutschland). Die erworbenen Fahrzeuge k\u00f6nnen von Deutschland aus innerhalb und au\u00dferhalb der Europ\u00e4ischen Union exportiert werden.<\/span>\n\t\t\t\t\t\t\t\t\t<\/li>\n\t\t\t\t\t\t\t\t<li class=\"elementor-icon-list-item\">\n\t\t\t\t\t\t\t\t\t\t\t<span class=\"elementor-icon-list-icon\">\n\t\t\t\t\t\t\t<i aria-hidden=\"true\" class=\"fas fa-chevron-right\"><\/i>\t\t\t\t\t\t<\/span>\n\t\t\t\t\t\t\t\t\t\t<span class=\"elementor-icon-list-text\"> F\u00fcr Privatpersonen in der EU ist die Mehrwertsteuer nicht abzugsf\u00e4hig, aber sie muss in dem Land, in dem das Fahrzeug zugelassen wird, nicht erneut gezahlt werden.<\/span>\n\t\t\t\t\t\t\t\t\t<\/li>\n\t\t\t\t\t\t\t\t<li class=\"elementor-icon-list-item\">\n\t\t\t\t\t\t\t\t\t\t\t<span class=\"elementor-icon-list-icon\">\n\t\t\t\t\t\t\t<i aria-hidden=\"true\" class=\"fas fa-chevron-right\"><\/i>\t\t\t\t\t\t<\/span>\n\t\t\t\t\t\t\t\t\t\t<span class=\"elementor-icon-list-text\"> Unternehmen, die in einem Land der Europ\u00e4ischen Union als Mehrwertsteuerzahler registriert sind, k\u00f6nnen bei uns Fahrzeuge zu einem Preis erwerben, von dem die Mehrwertsteuer abgezogen wird (Netto). Um in den Genuss dieser Funktion zu kommen, muss der K\u00e4ufer die notwendigen Dokumente schicken, die von unserem Unternehmen vor dem Kaufprozess gepr\u00fcft werden. Die erforderlichen Dokumente sind: die Registrierungsbescheinigung des Unternehmens und ein Dokument, das belegt, dass das Unternehmen im Land der Registrierung mehrwertsteuerpflichtig ist. Um direkt zu Netto-Preisen einkaufen zu k\u00f6nnen, m\u00fcssen Sie sich auch f\u00fcr den Versand \u00fcber unser Unternehmen entscheiden.<\/span>\n\t\t\t\t\t\t\t\t\t<\/li>\n\t\t\t\t\t\t\t\t<li class=\"elementor-icon-list-item\">\n\t\t\t\t\t\t\t\t\t\t\t<span class=\"elementor-icon-list-icon\">\n\t\t\t\t\t\t\t<i aria-hidden=\"true\" class=\"fas fa-chevron-right\"><\/i>\t\t\t\t\t\t<\/span>\n\t\t\t\t\t\t\t\t\t\t<span class=\"elementor-icon-list-text\"> Ist der K\u00e4ufer eine Privatperson oder ein Unternehmen mit Sitz in einem Land, das nicht zur Europ\u00e4ischen Union geh\u00f6rt, muss er den auf unserer Website angezeigten Listenpreis des Produkts bezahlen. Der Kunde kann die Mehrwertsteuer, die 19 % des Nettopreises betr\u00e4gt, innerhalb von maximal 30 Kalendertagen nach Zusendung des Nachweises, dass das Fahrzeug au\u00dferhalb der Europ\u00e4ischen Union exportiert wurde, zur\u00fcckfordern. F\u00fcr die Beantragung der Mehrwertsteuererstattung ist eine Kopie der Registrierungsbescheinigung im Exportland erforderlich. Um direkt zum Preis von Netto zu kaufen, m\u00fcssen Sie sich f\u00fcr den Versand \u00fcber unser Unternehmen entscheiden.<\/span>\n\t\t\t\t\t\t\t\t\t<\/li>\n\t\t\t\t\t\t\t\t<li class=\"elementor-icon-list-item\">\n\t\t\t\t\t\t\t\t\t\t\t<span class=\"elementor-icon-list-icon\">\n\t\t\t\t\t\t\t<i aria-hidden=\"true\" class=\"fas fa-chevron-right\"><\/i>\t\t\t\t\t\t<\/span>\n\t\t\t\t\t\t\t\t\t\t<span class=\"elementor-icon-list-text\"> Weitere Details zu Umsatzsteueranspr\u00fcchen und -abz\u00fcgen f\u00fcr Unternehmen finden Sie in der folgenden Tabelle:<\/span>\n\t\t\t\t\t\t\t\t\t<\/li>\n\t\t\t\t\t\t<\/ul>\n\t\t\t\t<\/div>\n\t\t\t\t<\/div>\n\t\t\t\t<div class=\"elementor-element elementor-element-9038b13 ob-harakiri-inherit ob-has-background-overlay elementor-widget elementor-widget-text-editor\" data-id=\"9038b13\" data-element_type=\"widget\" data-settings=\"{&quot;_ob_use_harakiri&quot;:&quot;yes&quot;,&quot;_ob_harakiri_writing_mode&quot;:&quot;inherit&quot;,&quot;_ob_postman_use&quot;:&quot;no&quot;,&quot;_ob_perspektive_use&quot;:&quot;no&quot;,&quot;_ob_poopart_use&quot;:&quot;yes&quot;,&quot;_ob_shadough_use&quot;:&quot;no&quot;,&quot;_ob_allow_hoveranimator&quot;:&quot;no&quot;,&quot;_ob_widget_stalker_use&quot;:&quot;no&quot;}\" data-widget_type=\"text-editor.default\">\n\t\t\t\t<div class=\"elementor-widget-container\">\n\t\t\t\t\t\t\t<table id=\"vatinfo\" border=\"1\" cellspacing=\"0\" cellpadding=\"0\" align=\"left\"><tbody><tr><td><strong>Lokale Verk\u00e4ufe<\/strong>\u00a0(Beispiel: Deutsches Fahrzeug wird nach Deutschland verkauft)<\/td><td><strong>EU-Transaktion<\/strong>\u00a0(Beispiel: Deutsches Fahrzeug nach Ungarn verkauft)<\/td><td><strong>Exportieren<\/strong>\u00a0(Beispiel: Deutsches Fahrzeug wird nach Russland verkauft)<\/td><\/tr><tr><td>- In der Rechnung enthaltene Mehrwertsteuer f\u00fcr das Fahrzeug (abzugsf\u00e4hig)<br \/>- Kosten(*) inklusive Mehrwertsteuer<br \/>- Vorsteuerabzugsberechtigt<\/td><td>- Mehrwertsteuer auf das Fahrzeug von der Rechnung ausgeschlossen<br \/>- Der K\u00e4ufer erkl\u00e4rt die Mehrwertsteuer im Land<br \/>Bestimmungsort - Kosten(*) ohne MwSt. (Erkl\u00e4rung)<\/td><td>- Ohne MwSt., in der EU ist keine MwSt. zu zahlen<br \/>- Der K\u00e4ufer deklariert die Mehrwertsteuer in seinem Land gem\u00e4\u00df den Regeln seines Landes - Kosten(*) ohne Mehrwertsteuer<\/td><\/tr><tr><td>\u00a0<\/td><td>Siehe EU-Richtlinie EC\/2006\/112: Art. 140 f\u00fcr weitere Informationen.<\/td><td>Siehe EU-Richtlinie EC\/2006\/112: Art. 146 f\u00fcr weitere Informationen.<\/td><\/tr><\/tbody><\/table><p>\u00a0<\/p>\t\t\t\t\t\t<\/div>\n\t\t\t\t<\/div>\n\t\t\t\t<div class=\"elementor-element elementor-element-ee5eb1b elementor-icon-list--layout-traditional elementor-list-item-link-full_width ob-has-background-overlay elementor-widget elementor-widget-icon-list\" data-id=\"ee5eb1b\" data-element_type=\"widget\" data-settings=\"{&quot;_ob_perspektive_use&quot;:&quot;no&quot;,&quot;_ob_poopart_use&quot;:&quot;yes&quot;,&quot;_ob_shadough_use&quot;:&quot;no&quot;,&quot;_ob_allow_hoveranimator&quot;:&quot;no&quot;,&quot;_ob_widget_stalker_use&quot;:&quot;no&quot;}\" data-widget_type=\"icon-list.default\">\n\t\t\t\t<div class=\"elementor-widget-container\">\n\t\t\t\t\t<ul class=\"elementor-icon-list-items\">\n\t\t\t\t\t\t\t<li class=\"elementor-icon-list-item\">\n\t\t\t\t\t\t\t\t\t\t\t<span class=\"elementor-icon-list-icon\">\n\t\t\t\t\t\t\t<i aria-hidden=\"true\" class=\"fas fa-chevron-right\"><\/i>\t\t\t\t\t\t<\/span>\n\t\t\t\t\t\t\t\t\t\t<span class=\"elementor-icon-list-text\"> Zus\u00e4tzlich zu dem in der Anzeige genannten Preis f\u00e4llt eine Pauschalgeb\u00fchr von 250 \u20ac an, die die Erstellung der Dokumente f\u00fcr den Verkauf und die Ausfuhr, die Beschaffung von provisorischen Nummernschildern mit einer G\u00fcltigkeit von 30 Tagen und die Versicherung f\u00fcr die provisorischen Nummernschilder sowie die Lieferkosten (Versand und Handling) je nach Lieferort abdeckt.<\/span>\n\t\t\t\t\t\t\t\t\t<\/li>\n\t\t\t\t\t\t\t\t<li class=\"elementor-icon-list-item\">\n\t\t\t\t\t\t\t\t\t\t\t<span class=\"elementor-icon-list-icon\">\n\t\t\t\t\t\t\t<i aria-hidden=\"true\" class=\"fas fa-chevron-right\"><\/i>\t\t\t\t\t\t<\/span>\n\t\t\t\t\t\t\t\t\t\t<span class=\"elementor-icon-list-text\"> Der Transport der Fahrzeuge erfolgt entweder mit unseren eigenen LKWs oder durch einen unserer Partner und wird von einem Firmenvertreter begleitet. Unser Vertreter \u00fcbergibt Ihnen pers\u00f6nlich das Fahrzeug, die beiden Schl\u00fcssel und alle endg\u00fcltigen Fahrzeugpapiere, die provisorischen Nummernschilder mit einer G\u00fcltigkeit von 30 Tagen und die Fahrzeugversicherung f\u00fcr den gleichen Zeitraum. Unser Vertreter wird bevollm\u00e4chtigt, das Fahrzeug im Namen des K\u00e4ufers anzumelden. Wenn im Lieferland eine Zollabfertigung erforderlich ist, k\u00f6nnen unsere Partner diesen Service \u00fcbernehmen und das Fahrzeug direkt an den von Ihnen angegebenen Ort liefern.<\/span>\n\t\t\t\t\t\t\t\t\t<\/li>\n\t\t\t\t\t\t\t\t<li class=\"elementor-icon-list-item\">\n\t\t\t\t\t\t\t\t\t\t\t<span class=\"elementor-icon-list-icon\">\n\t\t\t\t\t\t\t<i aria-hidden=\"true\" class=\"fas fa-chevron-right\"><\/i>\t\t\t\t\t\t<\/span>\n\t\t\t\t\t\t\t\t\t\t<span class=\"elementor-icon-list-text\"> Alle unsere Lieferungen sind mit einer Transportversicherung bis zu 500.000 \u20ac abgedeckt.<\/span>\n\t\t\t\t\t\t\t\t\t<\/li>\n\t\t\t\t\t\t\t\t<li class=\"elementor-icon-list-item\">\n\t\t\t\t\t\t\t\t\t\t\t<span class=\"elementor-icon-list-icon\">\n\t\t\t\t\t\t\t<i aria-hidden=\"true\" class=\"fas fa-chevron-right\"><\/i>\t\t\t\t\t\t<\/span>\n\t\t\t\t\t\t\t\t\t\t<span class=\"elementor-icon-list-text\"> Die Lieferkosten werden wie folgt berechnet:<\/span>\n\t\t\t\t\t\t\t\t\t<\/li>\n\t\t\t\t\t\t<\/ul>\n\t\t\t\t<\/div>\n\t\t\t\t<\/div>\n\t\t\t\t<div class=\"elementor-element elementor-element-3288702 ob-harakiri-inherit ob-has-background-overlay elementor-widget elementor-widget-text-editor\" data-id=\"3288702\" data-element_type=\"widget\" data-settings=\"{&quot;_ob_use_harakiri&quot;:&quot;yes&quot;,&quot;_ob_harakiri_writing_mode&quot;:&quot;inherit&quot;,&quot;_ob_postman_use&quot;:&quot;no&quot;,&quot;_ob_perspektive_use&quot;:&quot;no&quot;,&quot;_ob_poopart_use&quot;:&quot;yes&quot;,&quot;_ob_shadough_use&quot;:&quot;no&quot;,&quot;_ob_allow_hoveranimator&quot;:&quot;no&quot;,&quot;_ob_widget_stalker_use&quot;:&quot;no&quot;}\" data-widget_type=\"text-editor.default\">\n\t\t\t\t<div class=\"elementor-widget-container\">\n\t\t\t\t\t\t\t<p>- die Mindestgeb\u00fchr betr\u00e4gt 90 \u20ac f\u00fcr Entfernungen von weniger als 150 km;<br \/>- 151 km - 1500 km = zu einem Satz von 0,50 \u20ac\/km;<br \/>- 1501 km - 3000 km = zu einem Satz von 0,40 \u20ac\/km;<br \/>- Wenn die Entfernung mehr als 3000 km betr\u00e4gt, fordern Sie bitte ein Transportangebot an;<\/p>\t\t\t\t\t\t<\/div>\n\t\t\t\t<\/div>\n\t\t\t\t<div class=\"elementor-element elementor-element-f78ce16 elementor-icon-list--layout-traditional elementor-list-item-link-full_width ob-has-background-overlay elementor-widget elementor-widget-icon-list\" data-id=\"f78ce16\" data-element_type=\"widget\" data-settings=\"{&quot;_ob_perspektive_use&quot;:&quot;no&quot;,&quot;_ob_poopart_use&quot;:&quot;yes&quot;,&quot;_ob_shadough_use&quot;:&quot;no&quot;,&quot;_ob_allow_hoveranimator&quot;:&quot;no&quot;,&quot;_ob_widget_stalker_use&quot;:&quot;no&quot;}\" data-widget_type=\"icon-list.default\">\n\t\t\t\t<div class=\"elementor-widget-container\">\n\t\t\t\t\t<ul class=\"elementor-icon-list-items\">\n\t\t\t\t\t\t\t<li class=\"elementor-icon-list-item\">\n\t\t\t\t\t\t\t\t\t\t\t<span class=\"elementor-icon-list-icon\">\n\t\t\t\t\t\t\t<i aria-hidden=\"true\" class=\"fas fa-chevron-right\"><\/i>\t\t\t\t\t\t<\/span>\n\t\t\t\t\t\t\t\t\t\t<span class=\"elementor-icon-list-text\"> Bitte beachten Sie, dass die Dokumente f\u00fcr den Verkauf und die Registrierung in 3-5 Arbeitstagen vorbereitet werden. Die Auslieferung erfolgt erst nach Fertigstellung der Dokumente und kann je nach Transportweg 2-6 Werktage dauern. Die Gesamtlieferzeit wird auf ca. 7-12 Arbeitstage gesch\u00e4tzt.<\/span>\n\t\t\t\t\t\t\t\t\t<\/li>\n\t\t\t\t\t\t<\/ul>\n\t\t\t\t<\/div>\n\t\t\t\t<\/div>\n\t\t\t\t\t<\/div>\n\t\t<\/div>\n\t\t\t\t\t<\/div>\n\t\t<\/section>\n\t\t\t\t<\/div>","protected":false},"excerpt":{"rendered":"<p>Simplicit\u00e9, Rapidit\u00e9 et Garantie Les v\u00e9hicules propos\u00e9s \u00e0 la vente sur notre site web ont une provenance allemande et sont (ou ont \u00e9t\u00e9) immatricul\u00e9s en Allemagne. Les v\u00e9hicules marqu\u00e9s \u00ab Partenaire \u00bb sont r\u00e9cup\u00e9r\u00e9s par des banques, coop\u00e9ratives de cr\u00e9dit ou autres entit\u00e9s financi\u00e8res allemandes aupr\u00e8s de leurs clients mauvais payeurs et nos partenaires nous [&hellip;]<\/p>","protected":false},"author":1,"featured_media":0,"parent":0,"menu_order":0,"comment_status":"closed","ping_status":"closed","template":"elementor_header_footer","meta":[],"blocksy_meta":{"styles_descriptor":{"styles":{"desktop":"","tablet":"","mobile":""},"google_fonts":[]}},"_links":{"self":[{"href":"https:\/\/motorium-tuntenhausen.de\/de\/wp-json\/wp\/v2\/pages\/671"}],"collection":[{"href":"https:\/\/motorium-tuntenhausen.de\/de\/wp-json\/wp\/v2\/pages"}],"about":[{"href":"https:\/\/motorium-tuntenhausen.de\/de\/wp-json\/wp\/v2\/types\/page"}],"author":[{"embeddable":true,"href":"https:\/\/motorium-tuntenhausen.de\/de\/wp-json\/wp\/v2\/users\/1"}],"replies":[{"embeddable":true,"href":"https:\/\/motorium-tuntenhausen.de\/de\/wp-json\/wp\/v2\/comments?post=671"}],"version-history":[{"count":18,"href":"https:\/\/motorium-tuntenhausen.de\/de\/wp-json\/wp\/v2\/pages\/671\/revisions"}],"predecessor-version":[{"id":834,"href":"https:\/\/motorium-tuntenhausen.de\/de\/wp-json\/wp\/v2\/pages\/671\/revisions\/834"}],"wp:attachment":[{"href":"https:\/\/motorium-tuntenhausen.de\/de\/wp-json\/wp\/v2\/media?parent=671"}],"curies":[{"name":"wp","href":"https:\/\/api.w.org\/{rel}","templated":true}]}}